{"id":3293,"date":"2026-04-10T10:50:24","date_gmt":"2026-04-10T08:50:24","guid":{"rendered":"https:\/\/demo3.pozyskujklientow2.pl\/gardenhit\/?post_type=product&#038;p=3293"},"modified":"2026-04-10T11:23:45","modified_gmt":"2026-04-10T09:23:45","slug":"zestaw-mebli-ogrodowych-rodos-duzy-rattan-braz","status":"publish","type":"product","link":"https:\/\/demo3.pozyskujklientow2.pl\/gardenhit\/produkt\/zestaw-mebli-ogrodowych-rodos-duzy-rattan-braz\/","title":{"rendered":"Zestaw mebli ogrodowych RODOS Du\u017cy Rattan Br\u0105z"},"content":{"rendered":"<p>Zestaw ogrodowy RODOS \u2013 przestrze\u0144 do wypoczynku i wsp\u00f3lnych posi\u0142k\u00f3w.<\/p>\n<p>Zestaw RODOS to elegancki i funkcjonalny komplet mebli ogrodowych stworzony z my\u015bl\u0105 o wi\u0119kszych przestrzeniach tarasowych, ogrodach i werandach. W jego sk\u0142ad wchodzi a\u017c 6 element\u00f3w: 2 wygodne fotele, 2 pufy, 1 sofa oraz wysoki st\u00f3\u0142 z prostok\u0105tnym blatem, idealny zar\u00f3wno do relaksu, jak i wsp\u00f3lnego biesiadowania.<\/p>\n<p>Dzi\u0119ki ponadczasowemu designowi i wygodnym poduszkom zestaw zapewnia maksymalny komfort w stylowym wydaniu.<\/p>\n<p>Dane techniczne zestawu RODOS<\/p>\n<p>St\u00f3\u0142 (1x): wysoko\u015b\u0107 69 cm x szeroko\u015b\u0107 69 cm x d\u0142ugo\u015b\u0107 120 cm<\/p>\n<p>Sofa (1x): wysoko\u015b\u0107 76 cm x g\u0142\u0119boko\u015b\u0107 65 cm x d\u0142ugo\u015b\u0107 160 cm<br \/>\nwysoko\u015b\u0107 pod\u0142okietnika: 59 cm<br \/>\nwysoko\u015b\u0107 siedziska: 35 cm<\/p>\n<p>Fotel (2x): wysoko\u015b\u0107 74 cm x g\u0142\u0119boko\u015b\u0107 65 cm x d\u0142ugo\u015b\u0107 60 cm<br \/>\nwysoko\u015b\u0107 pod\u0142okietnika: 59 cm<br \/>\nwysoko\u015b\u0107 siedziska: 35 cm<\/p>\n<p>Pufa (2x): wysoko\u015b\u0107 38 cm x szeroko\u015b\u0107 44 cm x d\u0142ugo\u015b\u0107 44 cm<\/p>\n<p>Dost\u0119pne kolory zestawu:<\/p>\n<p>Be\u017cowy z szarymi poduszkami<\/p>\n<p>Br\u0105zowy z br\u0105zowymi poduszkami<\/p>\n<p>Podczas sk\u0142adania zam\u00f3wienia, prosimy o podanie wybranego koloru zestawu.<\/p>\n<p>ZALECENIA PIEL\u0118GNACYJNE<\/p>\n<p>Aby zestaw RODOS s\u0142u\u017cy\u0142 przez wiele sezon\u00f3w:<br \/>\nNie przegrzewaj materia\u0142u, unikaj ustawiania zestawu na pe\u0142nym s\u0142o\u0144cu przez d\u0142ugi czas<br \/>\nNie zostawiaj go na silnym deszczu ani mrozie \u2013 polecamy przechowywanie pod zadaszeniem lub u\u017cycie pokrowc\u00f3w ochronnych<\/p>\n<p>Zakup w Czechowicach-Dziedzicach ul. Katowicka 27, p\u0142atno\u015b\u0107 got\u00f3wk\u0105 lub kart\u0105.<\/p>\n<p>Produkt nowy. Spakowany w 2 kartonach.<\/p>\n","protected":false},"excerpt":{"rendered":"<p>Zestaw ogrodowy RODOS \u2013 przestrze\u0144 do wypoczynku i wsp\u00f3lnych posi\u0142k\u00f3w. Zestaw RODOS to elegancki i funkcjonalny komplet mebli ogrodowych stworzony z my\u015bl\u0105 o wi\u0119kszych przestrzeniach tarasowych, ogrodach i werandach. W jego sk\u0142ad wchodzi a\u017c 6 element\u00f3w: 2 wygodne fotele, 2 pufy, 1 sofa oraz wysoki st\u00f3\u0142 z prostok\u0105tnym blatem, idealny zar\u00f3wno do relaksu, jak i [&hellip;]<\/p>\n","protected":false},"featured_media":3177,"comment_status":"closed","ping_status":"closed","template":"","meta":[],"product_brand":[],"product_cat":[102],"product_tag":[],"class_list":{"0":"post-3293","1":"product","2":"type-product","3":"status-publish","4":"has-post-thumbnail","6":"product_cat-meble-ogrodowe","8":"first","9":"instock","10":"shipping-taxable","11":"purchasable","12":"product-type-simple"},"yoast_head":"<!-- This site is optimized with the Yoast SEO plugin v27.4 - https:\/\/yoast.com\/product\/yoast-seo-wordpress\/ -->\n<title>Zestaw mebli ogrodowych RODOS Du\u017cy Rattan Br\u0105z \u2b50 Trwa\u0142e i Oryginalne Meble w Atrakcyjnej Cenie - Gardenhit<\/title>\n<meta name=\"description\" content=\"Polski producent MebleDrewniane24.pl zaprasza \u261d Zestaw mebli ogrodowych RODOS Du\u017cy Rattan Br\u0105z \u2b50 Meble z drewna do Twojego mieszkania i domu - zapraszamy!\" \/>\n<meta name=\"robots\" content=\"index, follow, max-snippet:-1, max-image-preview:large, max-video-preview:-1\" \/>\n<link rel=\"canonical\" href=\"https:\/\/demo3.pozyskujklientow2.pl\/gardenhit\/produkt\/zestaw-mebli-ogrodowych-rodos-duzy-rattan-braz\/\" \/>\n<meta property=\"og:locale\" content=\"pl_PL\" \/>\n<meta property=\"og:type\" content=\"article\" \/>\n<meta property=\"og:title\" content=\"Zestaw mebli ogrodowych RODOS Du\u017cy Rattan Br\u0105z \u2b50 Trwa\u0142e i Oryginalne Meble w Atrakcyjnej Cenie - Gardenhit\" \/>\n<meta property=\"og:description\" content=\"Polski producent MebleDrewniane24.pl zaprasza \u261d Zestaw mebli ogrodowych RODOS Du\u017cy Rattan Br\u0105z \u2b50 Meble z drewna do Twojego mieszkania i domu - zapraszamy!\" \/>\n<meta property=\"og:url\" content=\"https:\/\/demo3.pozyskujklientow2.pl\/gardenhit\/produkt\/zestaw-mebli-ogrodowych-rodos-duzy-rattan-braz\/\" \/>\n<meta property=\"og:site_name\" content=\"Gardenhit\" \/>\n<meta property=\"article:modified_time\" content=\"2026-04-10T09:23:45+00:00\" \/>\n<meta property=\"og:image\" content=\"https:\/\/demo3.pozyskujklientow2.pl\/gardenhit\/wp-content\/uploads\/2026\/04\/Zestaw-mebli-ogrodowych-RODOS-Duzy-Rattan-Szary-Braz-2.webp\" \/>\n\t<meta property=\"og:image:width\" content=\"720\" \/>\n\t<meta property=\"og:image:height\" content=\"480\" \/>\n\t<meta property=\"og:image:type\" content=\"image\/webp\" \/>\n<meta name=\"twitter:card\" content=\"summary_large_image\" \/>\n<meta name=\"twitter:label1\" content=\"Szacowany czas czytania\" \/>\n\t<meta name=\"twitter:data1\" content=\"2 minuty\" \/>\n<script type=\"application\/ld+json\" class=\"yoast-schema-graph\">{\"@context\":\"https:\\\/\\\/schema.org\",\"@graph\":[{\"@type\":\"WebPage\",\"@id\":\"https:\\\/\\\/demo3.pozyskujklientow2.pl\\\/gardenhit\\\/produkt\\\/zestaw-mebli-ogrodowych-rodos-duzy-rattan-braz\\\/\",\"url\":\"https:\\\/\\\/demo3.pozyskujklientow2.pl\\\/gardenhit\\\/produkt\\\/zestaw-mebli-ogrodowych-rodos-duzy-rattan-braz\\\/\",\"name\":\"Zestaw mebli ogrodowych RODOS Du\u017cy Rattan Br\u0105z \u2b50 Trwa\u0142e i Oryginalne Meble w Atrakcyjnej Cenie - Gardenhit\",\"isPartOf\":{\"@id\":\"https:\\\/\\\/demo3.pozyskujklientow2.pl\\\/gardenhit\\\/#website\"},\"primaryImageOfPage\":{\"@id\":\"https:\\\/\\\/demo3.pozyskujklientow2.pl\\\/gardenhit\\\/produkt\\\/zestaw-mebli-ogrodowych-rodos-duzy-rattan-braz\\\/#primaryimage\"},\"image\":{\"@id\":\"https:\\\/\\\/demo3.pozyskujklientow2.pl\\\/gardenhit\\\/produkt\\\/zestaw-mebli-ogrodowych-rodos-duzy-rattan-braz\\\/#primaryimage\"},\"thumbnailUrl\":\"https:\\\/\\\/demo3.pozyskujklientow2.pl\\\/gardenhit\\\/wp-content\\\/uploads\\\/2026\\\/04\\\/Zestaw-mebli-ogrodowych-RODOS-Duzy-Rattan-Szary-Braz-2.webp\",\"datePublished\":\"2026-04-10T08:50:24+00:00\",\"dateModified\":\"2026-04-10T09:23:45+00:00\",\"description\":\"Polski producent MebleDrewniane24.pl zaprasza \u261d Zestaw mebli ogrodowych RODOS Du\u017cy Rattan Br\u0105z \u2b50 Meble z drewna do Twojego mieszkania i domu - zapraszamy!\",\"breadcrumb\":{\"@id\":\"https:\\\/\\\/demo3.pozyskujklientow2.pl\\\/gardenhit\\\/produkt\\\/zestaw-mebli-ogrodowych-rodos-duzy-rattan-braz\\\/#breadcrumb\"},\"inLanguage\":\"pl-PL\",\"potentialAction\":[{\"@type\":\"ReadAction\",\"target\":[\"https:\\\/\\\/demo3.pozyskujklientow2.pl\\\/gardenhit\\\/produkt\\\/zestaw-mebli-ogrodowych-rodos-duzy-rattan-braz\\\/\"]}]},{\"@type\":\"ImageObject\",\"inLanguage\":\"pl-PL\",\"@id\":\"https:\\\/\\\/demo3.pozyskujklientow2.pl\\\/gardenhit\\\/produkt\\\/zestaw-mebli-ogrodowych-rodos-duzy-rattan-braz\\\/#primaryimage\",\"url\":\"https:\\\/\\\/demo3.pozyskujklientow2.pl\\\/gardenhit\\\/wp-content\\\/uploads\\\/2026\\\/04\\\/Zestaw-mebli-ogrodowych-RODOS-Duzy-Rattan-Szary-Braz-2.webp\",\"contentUrl\":\"https:\\\/\\\/demo3.pozyskujklientow2.pl\\\/gardenhit\\\/wp-content\\\/uploads\\\/2026\\\/04\\\/Zestaw-mebli-ogrodowych-RODOS-Duzy-Rattan-Szary-Braz-2.webp\",\"width\":720,\"height\":480},{\"@type\":\"BreadcrumbList\",\"@id\":\"https:\\\/\\\/demo3.pozyskujklientow2.pl\\\/gardenhit\\\/produkt\\\/zestaw-mebli-ogrodowych-rodos-duzy-rattan-braz\\\/#breadcrumb\",\"itemListElement\":[{\"@type\":\"ListItem\",\"position\":1,\"name\":\"Strona g\u0142\u00f3wna\",\"item\":\"https:\\\/\\\/demo3.pozyskujklientow2.pl\\\/gardenhit\\\/\"},{\"@type\":\"ListItem\",\"position\":2,\"name\":\"Sklep\",\"item\":\"https:\\\/\\\/demo3.pozyskujklientow2.pl\\\/gardenhit\\\/sklep\\\/\"},{\"@type\":\"ListItem\",\"position\":3,\"name\":\"Zestaw mebli ogrodowych RODOS Du\u017cy Rattan Br\u0105z\"}]},{\"@type\":\"WebSite\",\"@id\":\"https:\\\/\\\/demo3.pozyskujklientow2.pl\\\/gardenhit\\\/#website\",\"url\":\"https:\\\/\\\/demo3.pozyskujklientow2.pl\\\/gardenhit\\\/\",\"name\":\"Gardenhit\",\"description\":\"Meble ogrodowe\",\"publisher\":{\"@id\":\"https:\\\/\\\/demo3.pozyskujklientow2.pl\\\/gardenhit\\\/#organization\"},\"potentialAction\":[{\"@type\":\"SearchAction\",\"target\":{\"@type\":\"EntryPoint\",\"urlTemplate\":\"https:\\\/\\\/demo3.pozyskujklientow2.pl\\\/gardenhit\\\/?s={search_term_string}\"},\"query-input\":{\"@type\":\"PropertyValueSpecification\",\"valueRequired\":true,\"valueName\":\"search_term_string\"}}],\"inLanguage\":\"pl-PL\"},{\"@type\":\"Organization\",\"@id\":\"https:\\\/\\\/demo3.pozyskujklientow2.pl\\\/gardenhit\\\/#organization\",\"name\":\"Gardenhit\",\"url\":\"https:\\\/\\\/demo3.pozyskujklientow2.pl\\\/gardenhit\\\/\",\"logo\":{\"@type\":\"ImageObject\",\"inLanguage\":\"pl-PL\",\"@id\":\"https:\\\/\\\/demo3.pozyskujklientow2.pl\\\/gardenhit\\\/#\\\/schema\\\/logo\\\/image\\\/\",\"url\":\"https:\\\/\\\/demo3.pozyskujklientow2.pl\\\/gardenhit\\\/wp-content\\\/uploads\\\/2023\\\/09\\\/logo-gardenhit.png\",\"contentUrl\":\"https:\\\/\\\/demo3.pozyskujklientow2.pl\\\/gardenhit\\\/wp-content\\\/uploads\\\/2023\\\/09\\\/logo-gardenhit.png\",\"width\":278,\"height\":215,\"caption\":\"Gardenhit\"},\"image\":{\"@id\":\"https:\\\/\\\/demo3.pozyskujklientow2.pl\\\/gardenhit\\\/#\\\/schema\\\/logo\\\/image\\\/\"}}]}<\/script>\n<!-- \/ Yoast SEO plugin. -->","yoast_head_json":{"title":"Zestaw mebli ogrodowych RODOS Du\u017cy Rattan Br\u0105z \u2b50 Trwa\u0142e i Oryginalne Meble w Atrakcyjnej Cenie - Gardenhit","description":"Polski producent MebleDrewniane24.pl zaprasza \u261d Zestaw mebli ogrodowych RODOS Du\u017cy Rattan Br\u0105z \u2b50 Meble z drewna do Twojego mieszkania i domu - zapraszamy!","robots":{"index":"index","follow":"follow","max-snippet":"max-snippet:-1","max-image-preview":"max-image-preview:large","max-video-preview":"max-video-preview:-1"},"canonical":"https:\/\/demo3.pozyskujklientow2.pl\/gardenhit\/produkt\/zestaw-mebli-ogrodowych-rodos-duzy-rattan-braz\/","og_locale":"pl_PL","og_type":"article","og_title":"Zestaw mebli ogrodowych RODOS Du\u017cy Rattan Br\u0105z \u2b50 Trwa\u0142e i Oryginalne Meble w Atrakcyjnej Cenie - Gardenhit","og_description":"Polski producent MebleDrewniane24.pl zaprasza \u261d Zestaw mebli ogrodowych RODOS Du\u017cy Rattan Br\u0105z \u2b50 Meble z drewna do Twojego mieszkania i domu - zapraszamy!","og_url":"https:\/\/demo3.pozyskujklientow2.pl\/gardenhit\/produkt\/zestaw-mebli-ogrodowych-rodos-duzy-rattan-braz\/","og_site_name":"Gardenhit","article_modified_time":"2026-04-10T09:23:45+00:00","og_image":[{"width":720,"height":480,"url":"https:\/\/demo3.pozyskujklientow2.pl\/gardenhit\/wp-content\/uploads\/2026\/04\/Zestaw-mebli-ogrodowych-RODOS-Duzy-Rattan-Szary-Braz-2.webp","type":"image\/webp"}],"twitter_card":"summary_large_image","twitter_misc":{"Szacowany czas czytania":"2 minuty"},"schema":{"@context":"https:\/\/schema.org","@graph":[{"@type":"WebPage","@id":"https:\/\/demo3.pozyskujklientow2.pl\/gardenhit\/produkt\/zestaw-mebli-ogrodowych-rodos-duzy-rattan-braz\/","url":"https:\/\/demo3.pozyskujklientow2.pl\/gardenhit\/produkt\/zestaw-mebli-ogrodowych-rodos-duzy-rattan-braz\/","name":"Zestaw mebli ogrodowych RODOS Du\u017cy Rattan Br\u0105z \u2b50 Trwa\u0142e i Oryginalne Meble w Atrakcyjnej Cenie - Gardenhit","isPartOf":{"@id":"https:\/\/demo3.pozyskujklientow2.pl\/gardenhit\/#website"},"primaryImageOfPage":{"@id":"https:\/\/demo3.pozyskujklientow2.pl\/gardenhit\/produkt\/zestaw-mebli-ogrodowych-rodos-duzy-rattan-braz\/#primaryimage"},"image":{"@id":"https:\/\/demo3.pozyskujklientow2.pl\/gardenhit\/produkt\/zestaw-mebli-ogrodowych-rodos-duzy-rattan-braz\/#primaryimage"},"thumbnailUrl":"https:\/\/demo3.pozyskujklientow2.pl\/gardenhit\/wp-content\/uploads\/2026\/04\/Zestaw-mebli-ogrodowych-RODOS-Duzy-Rattan-Szary-Braz-2.webp","datePublished":"2026-04-10T08:50:24+00:00","dateModified":"2026-04-10T09:23:45+00:00","description":"Polski producent MebleDrewniane24.pl zaprasza \u261d Zestaw mebli ogrodowych RODOS Du\u017cy Rattan Br\u0105z \u2b50 Meble z drewna do Twojego mieszkania i domu - zapraszamy!","breadcrumb":{"@id":"https:\/\/demo3.pozyskujklientow2.pl\/gardenhit\/produkt\/zestaw-mebli-ogrodowych-rodos-duzy-rattan-braz\/#breadcrumb"},"inLanguage":"pl-PL","potentialAction":[{"@type":"ReadAction","target":["https:\/\/demo3.pozyskujklientow2.pl\/gardenhit\/produkt\/zestaw-mebli-ogrodowych-rodos-duzy-rattan-braz\/"]}]},{"@type":"ImageObject","inLanguage":"pl-PL","@id":"https:\/\/demo3.pozyskujklientow2.pl\/gardenhit\/produkt\/zestaw-mebli-ogrodowych-rodos-duzy-rattan-braz\/#primaryimage","url":"https:\/\/demo3.pozyskujklientow2.pl\/gardenhit\/wp-content\/uploads\/2026\/04\/Zestaw-mebli-ogrodowych-RODOS-Duzy-Rattan-Szary-Braz-2.webp","contentUrl":"https:\/\/demo3.pozyskujklientow2.pl\/gardenhit\/wp-content\/uploads\/2026\/04\/Zestaw-mebli-ogrodowych-RODOS-Duzy-Rattan-Szary-Braz-2.webp","width":720,"height":480},{"@type":"BreadcrumbList","@id":"https:\/\/demo3.pozyskujklientow2.pl\/gardenhit\/produkt\/zestaw-mebli-ogrodowych-rodos-duzy-rattan-braz\/#breadcrumb","itemListElement":[{"@type":"ListItem","position":1,"name":"Strona g\u0142\u00f3wna","item":"https:\/\/demo3.pozyskujklientow2.pl\/gardenhit\/"},{"@type":"ListItem","position":2,"name":"Sklep","item":"https:\/\/demo3.pozyskujklientow2.pl\/gardenhit\/sklep\/"},{"@type":"ListItem","position":3,"name":"Zestaw mebli ogrodowych RODOS Du\u017cy Rattan Br\u0105z"}]},{"@type":"WebSite","@id":"https:\/\/demo3.pozyskujklientow2.pl\/gardenhit\/#website","url":"https:\/\/demo3.pozyskujklientow2.pl\/gardenhit\/","name":"Gardenhit","description":"Meble ogrodowe","publisher":{"@id":"https:\/\/demo3.pozyskujklientow2.pl\/gardenhit\/#organization"},"potentialAction":[{"@type":"SearchAction","target":{"@type":"EntryPoint","urlTemplate":"https:\/\/demo3.pozyskujklientow2.pl\/gardenhit\/?s={search_term_string}"},"query-input":{"@type":"PropertyValueSpecification","valueRequired":true,"valueName":"search_term_string"}}],"inLanguage":"pl-PL"},{"@type":"Organization","@id":"https:\/\/demo3.pozyskujklientow2.pl\/gardenhit\/#organization","name":"Gardenhit","url":"https:\/\/demo3.pozyskujklientow2.pl\/gardenhit\/","logo":{"@type":"ImageObject","inLanguage":"pl-PL","@id":"https:\/\/demo3.pozyskujklientow2.pl\/gardenhit\/#\/schema\/logo\/image\/","url":"https:\/\/demo3.pozyskujklientow2.pl\/gardenhit\/wp-content\/uploads\/2023\/09\/logo-gardenhit.png","contentUrl":"https:\/\/demo3.pozyskujklientow2.pl\/gardenhit\/wp-content\/uploads\/2023\/09\/logo-gardenhit.png","width":278,"height":215,"caption":"Gardenhit"},"image":{"@id":"https:\/\/demo3.pozyskujklientow2.pl\/gardenhit\/#\/schema\/logo\/image\/"}}]}},"_links":{"self":[{"href":"https:\/\/demo3.pozyskujklientow2.pl\/gardenhit\/wp-json\/wp\/v2\/product\/3293","targetHints":{"allow":["GET"]}}],"collection":[{"href":"https:\/\/demo3.pozyskujklientow2.pl\/gardenhit\/wp-json\/wp\/v2\/product"}],"about":[{"href":"https:\/\/demo3.pozyskujklientow2.pl\/gardenhit\/wp-json\/wp\/v2\/types\/product"}],"replies":[{"embeddable":true,"href":"https:\/\/demo3.pozyskujklientow2.pl\/gardenhit\/wp-json\/wp\/v2\/comments?post=3293"}],"wp:featuredmedia":[{"embeddable":true,"href":"https:\/\/demo3.pozyskujklientow2.pl\/gardenhit\/wp-json\/wp\/v2\/media\/3177"}],"wp:attachment":[{"href":"https:\/\/demo3.pozyskujklientow2.pl\/gardenhit\/wp-json\/wp\/v2\/media?parent=3293"}],"wp:term":[{"taxonomy":"product_brand","embeddable":true,"href":"https:\/\/demo3.pozyskujklientow2.pl\/gardenhit\/wp-json\/wp\/v2\/product_brand?post=3293"},{"taxonomy":"product_cat","embeddable":true,"href":"https:\/\/demo3.pozyskujklientow2.pl\/gardenhit\/wp-json\/wp\/v2\/product_cat?post=3293"},{"taxonomy":"product_tag","embeddable":true,"href":"https:\/\/demo3.pozyskujklientow2.pl\/gardenhit\/wp-json\/wp\/v2\/product_tag?post=3293"}],"curies":[{"name":"wp","href":"https:\/\/api.w.org\/{rel}","templated":true}]}}