{"id":3279,"date":"2026-04-08T09:38:45","date_gmt":"2026-04-08T07:38:45","guid":{"rendered":"https:\/\/demo3.pozyskujklientow2.pl\/gardenhit\/?post_type=product&#038;p=3279"},"modified":"2026-04-08T09:38:45","modified_gmt":"2026-04-08T07:38:45","slug":"lezak-ogrodowy-fotel-bujany-lozko-polowe","status":"publish","type":"product","link":"https:\/\/demo3.pozyskujklientow2.pl\/gardenhit\/produkt\/lezak-ogrodowy-fotel-bujany-lozko-polowe\/","title":{"rendered":"Le\u017cak ogrodowy fotel bujany \u0142\u00f3\u017cko polowe"},"content":{"rendered":"<p>Elegancki i wygodny le\u017cak zapewnia relaks zar\u00f3wno na balkonie, tarasie jak i w ogrodzie na \u015bwie\u017cym powietrzu. Dzi\u0119ki specjalnemu materia\u0142owi bujak jest ca\u0142kowicie odporny na warunki atmosferyczne i promieniowanie UV. Ten pi\u0119kny le\u017cak b\u0119dzie ci s\u0142u\u017cy\u0142 na wiele lat i\u00a0<b>jest najlepszym rozwi\u0105zaniem<\/b>\u00a0do twojego ogrodu.<\/p>\n<p>&nbsp;<\/p>\n<h2>\u2705 Zalety produktu:<\/h2>\n<ul>\n<li>Odporny materia\u0142.<\/li>\n<li>Trwa\u0142a konstrukcja.<\/li>\n<li>\u0141atwo\u015b\u0107 czyszczenia.<\/li>\n<li>\u0141atwy monta\u017c.<\/li>\n<li>\u0141atwy spos\u00f3b przenoszenia.<\/li>\n<\/ul>\n<p><b>Nie zastanawiaj si\u0119 d\u0142u\u017cej i zmie\u0144 definicj\u0119 luksusu.<\/b><\/p>\n<p>&nbsp;<\/p>\n<h2>Wymiary le\u017caka:<\/h2>\n<p>D\u0142ugo\u015b\u0107 pokrycia: 155cm<\/p>\n<p>Szeroko\u015b\u0107 le\u017caka: 65cm<\/p>\n<p>Materia\u0142 stela\u017ca: stal.<\/p>\n<p>&nbsp;<\/p>\n<p>&nbsp;<\/p>\n","protected":false},"excerpt":{"rendered":"<p>Elegancki i wygodny le\u017cak zapewnia relaks zar\u00f3wno na balkonie, tarasie jak i w ogrodzie na \u015bwie\u017cym powietrzu. Dzi\u0119ki specjalnemu materia\u0142owi bujak jest ca\u0142kowicie odporny na warunki atmosferyczne i promieniowanie UV. Ten pi\u0119kny le\u017cak b\u0119dzie ci s\u0142u\u017cy\u0142 na wiele lat i\u00a0jest najlepszym rozwi\u0105zaniem\u00a0do twojego ogrodu. &nbsp; \u2705 Zalety produktu: Odporny materia\u0142. Trwa\u0142a konstrukcja. \u0141atwo\u015b\u0107 czyszczenia. \u0141atwy [&hellip;]<\/p>\n","protected":false},"featured_media":3285,"comment_status":"closed","ping_status":"closed","template":"","meta":[],"product_brand":[],"product_cat":[104],"product_tag":[],"class_list":{"0":"post-3279","1":"product","2":"type-product","3":"status-publish","4":"has-post-thumbnail","6":"product_cat-lezaki-ogrodowe","8":"first","9":"instock","10":"shipping-taxable","11":"purchasable","12":"product-type-simple"},"yoast_head":"<!-- This site is optimized with the Yoast SEO plugin v27.4 - https:\/\/yoast.com\/product\/yoast-seo-wordpress\/ -->\n<title>Le\u017cak ogrodowy fotel bujany \u0142\u00f3\u017cko polowe \u2b50 Trwa\u0142e i Oryginalne Meble w Atrakcyjnej Cenie - Gardenhit<\/title>\n<meta name=\"description\" content=\"Polski producent MebleDrewniane24.pl zaprasza \u261d Le\u017cak ogrodowy fotel bujany \u0142\u00f3\u017cko polowe \u2b50 Meble z drewna do Twojego mieszkania i domu - zapraszamy!\" \/>\n<meta name=\"robots\" content=\"index, follow, max-snippet:-1, max-image-preview:large, max-video-preview:-1\" \/>\n<link rel=\"canonical\" href=\"https:\/\/demo3.pozyskujklientow2.pl\/gardenhit\/produkt\/lezak-ogrodowy-fotel-bujany-lozko-polowe\/\" \/>\n<meta property=\"og:locale\" content=\"pl_PL\" \/>\n<meta property=\"og:type\" content=\"article\" \/>\n<meta property=\"og:title\" content=\"Le\u017cak ogrodowy fotel bujany \u0142\u00f3\u017cko polowe \u2b50 Trwa\u0142e i Oryginalne Meble w Atrakcyjnej Cenie - Gardenhit\" \/>\n<meta property=\"og:description\" content=\"Polski producent MebleDrewniane24.pl zaprasza \u261d Le\u017cak ogrodowy fotel bujany \u0142\u00f3\u017cko polowe \u2b50 Meble z drewna do Twojego mieszkania i domu - zapraszamy!\" \/>\n<meta property=\"og:url\" content=\"https:\/\/demo3.pozyskujklientow2.pl\/gardenhit\/produkt\/lezak-ogrodowy-fotel-bujany-lozko-polowe\/\" \/>\n<meta property=\"og:site_name\" content=\"Gardenhit\" \/>\n<meta property=\"og:image\" content=\"https:\/\/demo3.pozyskujklientow2.pl\/gardenhit\/wp-content\/uploads\/2026\/04\/Zrzut-ekranu-2026-04-08-093615.png\" \/>\n\t<meta property=\"og:image:width\" content=\"1568\" \/>\n\t<meta property=\"og:image:height\" content=\"1207\" \/>\n\t<meta property=\"og:image:type\" content=\"image\/png\" \/>\n<meta name=\"twitter:card\" content=\"summary_large_image\" \/>\n<meta name=\"twitter:label1\" content=\"Szacowany czas czytania\" \/>\n\t<meta name=\"twitter:data1\" content=\"1 minuta\" \/>\n<script type=\"application\/ld+json\" class=\"yoast-schema-graph\">{\"@context\":\"https:\\\/\\\/schema.org\",\"@graph\":[{\"@type\":\"WebPage\",\"@id\":\"https:\\\/\\\/demo3.pozyskujklientow2.pl\\\/gardenhit\\\/produkt\\\/lezak-ogrodowy-fotel-bujany-lozko-polowe\\\/\",\"url\":\"https:\\\/\\\/demo3.pozyskujklientow2.pl\\\/gardenhit\\\/produkt\\\/lezak-ogrodowy-fotel-bujany-lozko-polowe\\\/\",\"name\":\"Le\u017cak ogrodowy fotel bujany \u0142\u00f3\u017cko polowe \u2b50 Trwa\u0142e i Oryginalne Meble w Atrakcyjnej Cenie - Gardenhit\",\"isPartOf\":{\"@id\":\"https:\\\/\\\/demo3.pozyskujklientow2.pl\\\/gardenhit\\\/#website\"},\"primaryImageOfPage\":{\"@id\":\"https:\\\/\\\/demo3.pozyskujklientow2.pl\\\/gardenhit\\\/produkt\\\/lezak-ogrodowy-fotel-bujany-lozko-polowe\\\/#primaryimage\"},\"image\":{\"@id\":\"https:\\\/\\\/demo3.pozyskujklientow2.pl\\\/gardenhit\\\/produkt\\\/lezak-ogrodowy-fotel-bujany-lozko-polowe\\\/#primaryimage\"},\"thumbnailUrl\":\"https:\\\/\\\/demo3.pozyskujklientow2.pl\\\/gardenhit\\\/wp-content\\\/uploads\\\/2026\\\/04\\\/Zrzut-ekranu-2026-04-08-093615.png\",\"datePublished\":\"2026-04-08T07:38:45+00:00\",\"description\":\"Polski producent MebleDrewniane24.pl zaprasza \u261d Le\u017cak ogrodowy fotel bujany \u0142\u00f3\u017cko polowe \u2b50 Meble z drewna do Twojego mieszkania i domu - zapraszamy!\",\"breadcrumb\":{\"@id\":\"https:\\\/\\\/demo3.pozyskujklientow2.pl\\\/gardenhit\\\/produkt\\\/lezak-ogrodowy-fotel-bujany-lozko-polowe\\\/#breadcrumb\"},\"inLanguage\":\"pl-PL\",\"potentialAction\":[{\"@type\":\"ReadAction\",\"target\":[\"https:\\\/\\\/demo3.pozyskujklientow2.pl\\\/gardenhit\\\/produkt\\\/lezak-ogrodowy-fotel-bujany-lozko-polowe\\\/\"]}]},{\"@type\":\"ImageObject\",\"inLanguage\":\"pl-PL\",\"@id\":\"https:\\\/\\\/demo3.pozyskujklientow2.pl\\\/gardenhit\\\/produkt\\\/lezak-ogrodowy-fotel-bujany-lozko-polowe\\\/#primaryimage\",\"url\":\"https:\\\/\\\/demo3.pozyskujklientow2.pl\\\/gardenhit\\\/wp-content\\\/uploads\\\/2026\\\/04\\\/Zrzut-ekranu-2026-04-08-093615.png\",\"contentUrl\":\"https:\\\/\\\/demo3.pozyskujklientow2.pl\\\/gardenhit\\\/wp-content\\\/uploads\\\/2026\\\/04\\\/Zrzut-ekranu-2026-04-08-093615.png\",\"width\":1568,\"height\":1207},{\"@type\":\"BreadcrumbList\",\"@id\":\"https:\\\/\\\/demo3.pozyskujklientow2.pl\\\/gardenhit\\\/produkt\\\/lezak-ogrodowy-fotel-bujany-lozko-polowe\\\/#breadcrumb\",\"itemListElement\":[{\"@type\":\"ListItem\",\"position\":1,\"name\":\"Strona g\u0142\u00f3wna\",\"item\":\"https:\\\/\\\/demo3.pozyskujklientow2.pl\\\/gardenhit\\\/\"},{\"@type\":\"ListItem\",\"position\":2,\"name\":\"Sklep\",\"item\":\"https:\\\/\\\/demo3.pozyskujklientow2.pl\\\/gardenhit\\\/sklep\\\/\"},{\"@type\":\"ListItem\",\"position\":3,\"name\":\"Le\u017cak ogrodowy fotel bujany \u0142\u00f3\u017cko polowe\"}]},{\"@type\":\"WebSite\",\"@id\":\"https:\\\/\\\/demo3.pozyskujklientow2.pl\\\/gardenhit\\\/#website\",\"url\":\"https:\\\/\\\/demo3.pozyskujklientow2.pl\\\/gardenhit\\\/\",\"name\":\"Gardenhit\",\"description\":\"Meble ogrodowe\",\"publisher\":{\"@id\":\"https:\\\/\\\/demo3.pozyskujklientow2.pl\\\/gardenhit\\\/#organization\"},\"potentialAction\":[{\"@type\":\"SearchAction\",\"target\":{\"@type\":\"EntryPoint\",\"urlTemplate\":\"https:\\\/\\\/demo3.pozyskujklientow2.pl\\\/gardenhit\\\/?s={search_term_string}\"},\"query-input\":{\"@type\":\"PropertyValueSpecification\",\"valueRequired\":true,\"valueName\":\"search_term_string\"}}],\"inLanguage\":\"pl-PL\"},{\"@type\":\"Organization\",\"@id\":\"https:\\\/\\\/demo3.pozyskujklientow2.pl\\\/gardenhit\\\/#organization\",\"name\":\"Gardenhit\",\"url\":\"https:\\\/\\\/demo3.pozyskujklientow2.pl\\\/gardenhit\\\/\",\"logo\":{\"@type\":\"ImageObject\",\"inLanguage\":\"pl-PL\",\"@id\":\"https:\\\/\\\/demo3.pozyskujklientow2.pl\\\/gardenhit\\\/#\\\/schema\\\/logo\\\/image\\\/\",\"url\":\"https:\\\/\\\/demo3.pozyskujklientow2.pl\\\/gardenhit\\\/wp-content\\\/uploads\\\/2023\\\/09\\\/logo-gardenhit.png\",\"contentUrl\":\"https:\\\/\\\/demo3.pozyskujklientow2.pl\\\/gardenhit\\\/wp-content\\\/uploads\\\/2023\\\/09\\\/logo-gardenhit.png\",\"width\":278,\"height\":215,\"caption\":\"Gardenhit\"},\"image\":{\"@id\":\"https:\\\/\\\/demo3.pozyskujklientow2.pl\\\/gardenhit\\\/#\\\/schema\\\/logo\\\/image\\\/\"}}]}<\/script>\n<!-- \/ Yoast SEO plugin. -->","yoast_head_json":{"title":"Le\u017cak ogrodowy fotel bujany \u0142\u00f3\u017cko polowe \u2b50 Trwa\u0142e i Oryginalne Meble w Atrakcyjnej Cenie - Gardenhit","description":"Polski producent MebleDrewniane24.pl zaprasza \u261d Le\u017cak ogrodowy fotel bujany \u0142\u00f3\u017cko polowe \u2b50 Meble z drewna do Twojego mieszkania i domu - zapraszamy!","robots":{"index":"index","follow":"follow","max-snippet":"max-snippet:-1","max-image-preview":"max-image-preview:large","max-video-preview":"max-video-preview:-1"},"canonical":"https:\/\/demo3.pozyskujklientow2.pl\/gardenhit\/produkt\/lezak-ogrodowy-fotel-bujany-lozko-polowe\/","og_locale":"pl_PL","og_type":"article","og_title":"Le\u017cak ogrodowy fotel bujany \u0142\u00f3\u017cko polowe \u2b50 Trwa\u0142e i Oryginalne Meble w Atrakcyjnej Cenie - Gardenhit","og_description":"Polski producent MebleDrewniane24.pl zaprasza \u261d Le\u017cak ogrodowy fotel bujany \u0142\u00f3\u017cko polowe \u2b50 Meble z drewna do Twojego mieszkania i domu - zapraszamy!","og_url":"https:\/\/demo3.pozyskujklientow2.pl\/gardenhit\/produkt\/lezak-ogrodowy-fotel-bujany-lozko-polowe\/","og_site_name":"Gardenhit","og_image":[{"width":1568,"height":1207,"url":"https:\/\/demo3.pozyskujklientow2.pl\/gardenhit\/wp-content\/uploads\/2026\/04\/Zrzut-ekranu-2026-04-08-093615.png","type":"image\/png"}],"twitter_card":"summary_large_image","twitter_misc":{"Szacowany czas czytania":"1 minuta"},"schema":{"@context":"https:\/\/schema.org","@graph":[{"@type":"WebPage","@id":"https:\/\/demo3.pozyskujklientow2.pl\/gardenhit\/produkt\/lezak-ogrodowy-fotel-bujany-lozko-polowe\/","url":"https:\/\/demo3.pozyskujklientow2.pl\/gardenhit\/produkt\/lezak-ogrodowy-fotel-bujany-lozko-polowe\/","name":"Le\u017cak ogrodowy fotel bujany \u0142\u00f3\u017cko polowe \u2b50 Trwa\u0142e i Oryginalne Meble w Atrakcyjnej Cenie - Gardenhit","isPartOf":{"@id":"https:\/\/demo3.pozyskujklientow2.pl\/gardenhit\/#website"},"primaryImageOfPage":{"@id":"https:\/\/demo3.pozyskujklientow2.pl\/gardenhit\/produkt\/lezak-ogrodowy-fotel-bujany-lozko-polowe\/#primaryimage"},"image":{"@id":"https:\/\/demo3.pozyskujklientow2.pl\/gardenhit\/produkt\/lezak-ogrodowy-fotel-bujany-lozko-polowe\/#primaryimage"},"thumbnailUrl":"https:\/\/demo3.pozyskujklientow2.pl\/gardenhit\/wp-content\/uploads\/2026\/04\/Zrzut-ekranu-2026-04-08-093615.png","datePublished":"2026-04-08T07:38:45+00:00","description":"Polski producent MebleDrewniane24.pl zaprasza \u261d Le\u017cak ogrodowy fotel bujany \u0142\u00f3\u017cko polowe \u2b50 Meble z drewna do Twojego mieszkania i domu - zapraszamy!","breadcrumb":{"@id":"https:\/\/demo3.pozyskujklientow2.pl\/gardenhit\/produkt\/lezak-ogrodowy-fotel-bujany-lozko-polowe\/#breadcrumb"},"inLanguage":"pl-PL","potentialAction":[{"@type":"ReadAction","target":["https:\/\/demo3.pozyskujklientow2.pl\/gardenhit\/produkt\/lezak-ogrodowy-fotel-bujany-lozko-polowe\/"]}]},{"@type":"ImageObject","inLanguage":"pl-PL","@id":"https:\/\/demo3.pozyskujklientow2.pl\/gardenhit\/produkt\/lezak-ogrodowy-fotel-bujany-lozko-polowe\/#primaryimage","url":"https:\/\/demo3.pozyskujklientow2.pl\/gardenhit\/wp-content\/uploads\/2026\/04\/Zrzut-ekranu-2026-04-08-093615.png","contentUrl":"https:\/\/demo3.pozyskujklientow2.pl\/gardenhit\/wp-content\/uploads\/2026\/04\/Zrzut-ekranu-2026-04-08-093615.png","width":1568,"height":1207},{"@type":"BreadcrumbList","@id":"https:\/\/demo3.pozyskujklientow2.pl\/gardenhit\/produkt\/lezak-ogrodowy-fotel-bujany-lozko-polowe\/#breadcrumb","itemListElement":[{"@type":"ListItem","position":1,"name":"Strona g\u0142\u00f3wna","item":"https:\/\/demo3.pozyskujklientow2.pl\/gardenhit\/"},{"@type":"ListItem","position":2,"name":"Sklep","item":"https:\/\/demo3.pozyskujklientow2.pl\/gardenhit\/sklep\/"},{"@type":"ListItem","position":3,"name":"Le\u017cak ogrodowy fotel bujany \u0142\u00f3\u017cko polowe"}]},{"@type":"WebSite","@id":"https:\/\/demo3.pozyskujklientow2.pl\/gardenhit\/#website","url":"https:\/\/demo3.pozyskujklientow2.pl\/gardenhit\/","name":"Gardenhit","description":"Meble ogrodowe","publisher":{"@id":"https:\/\/demo3.pozyskujklientow2.pl\/gardenhit\/#organization"},"potentialAction":[{"@type":"SearchAction","target":{"@type":"EntryPoint","urlTemplate":"https:\/\/demo3.pozyskujklientow2.pl\/gardenhit\/?s={search_term_string}"},"query-input":{"@type":"PropertyValueSpecification","valueRequired":true,"valueName":"search_term_string"}}],"inLanguage":"pl-PL"},{"@type":"Organization","@id":"https:\/\/demo3.pozyskujklientow2.pl\/gardenhit\/#organization","name":"Gardenhit","url":"https:\/\/demo3.pozyskujklientow2.pl\/gardenhit\/","logo":{"@type":"ImageObject","inLanguage":"pl-PL","@id":"https:\/\/demo3.pozyskujklientow2.pl\/gardenhit\/#\/schema\/logo\/image\/","url":"https:\/\/demo3.pozyskujklientow2.pl\/gardenhit\/wp-content\/uploads\/2023\/09\/logo-gardenhit.png","contentUrl":"https:\/\/demo3.pozyskujklientow2.pl\/gardenhit\/wp-content\/uploads\/2023\/09\/logo-gardenhit.png","width":278,"height":215,"caption":"Gardenhit"},"image":{"@id":"https:\/\/demo3.pozyskujklientow2.pl\/gardenhit\/#\/schema\/logo\/image\/"}}]}},"_links":{"self":[{"href":"https:\/\/demo3.pozyskujklientow2.pl\/gardenhit\/wp-json\/wp\/v2\/product\/3279","targetHints":{"allow":["GET"]}}],"collection":[{"href":"https:\/\/demo3.pozyskujklientow2.pl\/gardenhit\/wp-json\/wp\/v2\/product"}],"about":[{"href":"https:\/\/demo3.pozyskujklientow2.pl\/gardenhit\/wp-json\/wp\/v2\/types\/product"}],"replies":[{"embeddable":true,"href":"https:\/\/demo3.pozyskujklientow2.pl\/gardenhit\/wp-json\/wp\/v2\/comments?post=3279"}],"wp:featuredmedia":[{"embeddable":true,"href":"https:\/\/demo3.pozyskujklientow2.pl\/gardenhit\/wp-json\/wp\/v2\/media\/3285"}],"wp:attachment":[{"href":"https:\/\/demo3.pozyskujklientow2.pl\/gardenhit\/wp-json\/wp\/v2\/media?parent=3279"}],"wp:term":[{"taxonomy":"product_brand","embeddable":true,"href":"https:\/\/demo3.pozyskujklientow2.pl\/gardenhit\/wp-json\/wp\/v2\/product_brand?post=3279"},{"taxonomy":"product_cat","embeddable":true,"href":"https:\/\/demo3.pozyskujklientow2.pl\/gardenhit\/wp-json\/wp\/v2\/product_cat?post=3279"},{"taxonomy":"product_tag","embeddable":true,"href":"https:\/\/demo3.pozyskujklientow2.pl\/gardenhit\/wp-json\/wp\/v2\/product_tag?post=3279"}],"curies":[{"name":"wp","href":"https:\/\/api.w.org\/{rel}","templated":true}]}}