{"id":3234,"date":"2026-04-07T19:17:43","date_gmt":"2026-04-07T17:17:43","guid":{"rendered":"https:\/\/demo3.pozyskujklientow2.pl\/gardenhit\/?post_type=product&#038;p=3234"},"modified":"2026-04-10T10:15:43","modified_gmt":"2026-04-10T08:15:43","slug":"fotel-wiszacy-sznurkowy-kokon-kosz-skladany-zielony","status":"publish","type":"product","link":"https:\/\/demo3.pozyskujklientow2.pl\/gardenhit\/produkt\/fotel-wiszacy-sznurkowy-kokon-kosz-skladany-zielony\/","title":{"rendered":"Fotel wisz\u0105cy sznurkowy Kokon Kosz sk\u0142adany Zielony"},"content":{"rendered":"<p>Wysokiej jako\u015bci fotel ogrodowy SZNURKOWY, jego korpus wykonany jest z technorattanu. \u015arodek kosza wype\u0142nia gruby impregnowany sznurek, dzi\u0119ki czemu fotel posiada funkcj\u0119 sk\u0142adania, by podczas przerwy w u\u017cytkowaniu m\u00f3g\u0142 zaj\u0105\u0107 jak najmniej miejsca. To bardzo wygodny mebel, kt\u00f3ry uprzyjemni relaks w ogrodzie, na tarasie lub w zaciszu domowym.<br \/>\nFotel ma \u015aWIETN\u0104 FUNKCJ\u0118 &#8211; kosz sk\u0142ada si\u0119 na p\u0142asko (ostatnie zdj\u0119cie). Mo\u017cliwo\u015b\u0107 \u0142atwiejszego przechowanie przez sezon zimowy.<\/p>\n<p>Dane techniczne:<\/p>\n<p>Wymiar kosza: wysoko\u015b\u0107 118cm x szeroko\u015b\u0107 83cm<br \/>\nG\u0142\u0119boko\u015b\u0107 kosza: ok.63cm.<br \/>\nWymiar du\u017cej poduszki: 110cm x 55cm.<br \/>\nWymiar ma\u0142ej poduszki: 40cm x 20cm.<br \/>\nTkanina poduszki: policotton.<br \/>\nWype\u0142nienie poduszki: wk\u0142ad poliestrowy silikonowy.<br \/>\nKolorystyka kosza: czarny.<br \/>\nKolorystyka stela\u017ca: czarny.<br \/>\nKolorystyka poduszek: zielona, niebieska, czerwona, szara.<br \/>\nSk\u0142ad zestawu: kosz, stela\u017c, ma\u0142a poduszka, du\u017ca poduszka.<br \/>\nGwarancja: 24 miesi\u0105ce.<br \/>\nStan: nowy<\/p>\n<p>Prosimy o kontakt od poniedzia\u0142ku do pi\u0105tku w godzinach 08:00-15:00<br \/>\nP\u0142atno\u015b\u0107 got\u00f3wk\u0105 lub kart\u0105.<\/p>\n<p>Zapraszamy do zakupu.<br \/>\nNa ka\u017cdy towar zakupiony na naszych aukcjach otrzymasz paragon lub faktur\u0119 VAT.<\/p>\n<p>UWAGI:<br \/>\n*- Produkt nie ulegnie zniszczeniu pod wp\u0142ywem niewielkiej ilo\u015bci wody czy innych p\u0142yn\u00f3w. Mo\u017cna swobodnie korzysta\u0107 z niego na zewn\u0105trz, r\u00f3wnie\u017c w trakcie niewielkich opad\u00f3w deszczu, czy wilgotnego powietrza. Obfite opady deszczu, czy du\u017ce ilo\u015bci wody, mog\u0105 jednak powodowa\u0107 uszkodzenia. Aby zapewni\u0107 jak najlepszy wygl\u0105d i funkcjonalno\u015b\u0107, zalecamy przestrzega\u0107 instrukcji u\u017cytkowania produktu.<br \/>\n*- Nie powinno si\u0119 siada\u0107 na rozgrzanym produkcie, mo\u017ce to spowodowa\u0107 naci\u0105gni\u0119cie materia\u0142u.<\/p>\n","protected":false},"excerpt":{"rendered":"<p>Wysokiej jako\u015bci fotel ogrodowy SZNURKOWY, jego korpus wykonany jest z technorattanu. \u015arodek kosza wype\u0142nia gruby impregnowany sznurek, dzi\u0119ki czemu fotel posiada funkcj\u0119 sk\u0142adania, by podczas przerwy w u\u017cytkowaniu m\u00f3g\u0142 zaj\u0105\u0107 jak najmniej miejsca. To bardzo wygodny mebel, kt\u00f3ry uprzyjemni relaks w ogrodzie, na tarasie lub w zaciszu domowym. Fotel ma \u015aWIETN\u0104 FUNKCJ\u0118 &#8211; kosz sk\u0142ada [&hellip;]<\/p>\n","protected":false},"featured_media":3242,"comment_status":"closed","ping_status":"closed","template":"","meta":[],"product_brand":[],"product_cat":[100],"product_tag":[],"class_list":{"0":"post-3234","1":"product","2":"type-product","3":"status-publish","4":"has-post-thumbnail","6":"product_cat-fotele-wiszace","8":"first","9":"instock","10":"shipping-taxable","11":"purchasable","12":"product-type-simple"},"yoast_head":"<!-- This site is optimized with the Yoast SEO plugin v27.4 - https:\/\/yoast.com\/product\/yoast-seo-wordpress\/ -->\n<title>Fotel wisz\u0105cy sznurkowy Kokon Kosz sk\u0142adany Zielony \u2b50 Trwa\u0142e i Oryginalne Meble w Atrakcyjnej Cenie - Gardenhit<\/title>\n<meta name=\"description\" content=\"Polski producent MebleDrewniane24.pl zaprasza \u261d Fotel wisz\u0105cy sznurkowy Kokon Kosz sk\u0142adany Zielony \u2b50 Meble z drewna do Twojego mieszkania i domu - zapraszamy!\" \/>\n<meta name=\"robots\" content=\"index, follow, max-snippet:-1, max-image-preview:large, max-video-preview:-1\" \/>\n<link rel=\"canonical\" href=\"https:\/\/demo3.pozyskujklientow2.pl\/gardenhit\/produkt\/fotel-wiszacy-sznurkowy-kokon-kosz-skladany-zielony\/\" \/>\n<meta property=\"og:locale\" content=\"pl_PL\" \/>\n<meta property=\"og:type\" content=\"article\" \/>\n<meta property=\"og:title\" content=\"Fotel wisz\u0105cy sznurkowy Kokon Kosz sk\u0142adany Zielony \u2b50 Trwa\u0142e i Oryginalne Meble w Atrakcyjnej Cenie - Gardenhit\" \/>\n<meta property=\"og:description\" content=\"Polski producent MebleDrewniane24.pl zaprasza \u261d Fotel wisz\u0105cy sznurkowy Kokon Kosz sk\u0142adany Zielony \u2b50 Meble z drewna do Twojego mieszkania i domu - zapraszamy!\" \/>\n<meta property=\"og:url\" content=\"https:\/\/demo3.pozyskujklientow2.pl\/gardenhit\/produkt\/fotel-wiszacy-sznurkowy-kokon-kosz-skladany-zielony\/\" \/>\n<meta property=\"og:site_name\" content=\"Gardenhit\" \/>\n<meta property=\"article:modified_time\" content=\"2026-04-10T08:15:43+00:00\" \/>\n<meta property=\"og:image\" content=\"https:\/\/demo3.pozyskujklientow2.pl\/gardenhit\/wp-content\/uploads\/2026\/04\/Fotel-wiszacy-sznurkowy-Kokon-Kosz-skladany-1.webp\" \/>\n\t<meta property=\"og:image:width\" content=\"814\" \/>\n\t<meta property=\"og:image:height\" content=\"650\" \/>\n\t<meta property=\"og:image:type\" content=\"image\/webp\" \/>\n<meta name=\"twitter:card\" content=\"summary_large_image\" \/>\n<meta name=\"twitter:label1\" content=\"Szacowany czas czytania\" \/>\n\t<meta name=\"twitter:data1\" content=\"2 minuty\" \/>\n<script type=\"application\/ld+json\" class=\"yoast-schema-graph\">{\"@context\":\"https:\\\/\\\/schema.org\",\"@graph\":[{\"@type\":\"WebPage\",\"@id\":\"https:\\\/\\\/demo3.pozyskujklientow2.pl\\\/gardenhit\\\/produkt\\\/fotel-wiszacy-sznurkowy-kokon-kosz-skladany-zielony\\\/\",\"url\":\"https:\\\/\\\/demo3.pozyskujklientow2.pl\\\/gardenhit\\\/produkt\\\/fotel-wiszacy-sznurkowy-kokon-kosz-skladany-zielony\\\/\",\"name\":\"Fotel wisz\u0105cy sznurkowy Kokon Kosz sk\u0142adany Zielony \u2b50 Trwa\u0142e i Oryginalne Meble w Atrakcyjnej Cenie - Gardenhit\",\"isPartOf\":{\"@id\":\"https:\\\/\\\/demo3.pozyskujklientow2.pl\\\/gardenhit\\\/#website\"},\"primaryImageOfPage\":{\"@id\":\"https:\\\/\\\/demo3.pozyskujklientow2.pl\\\/gardenhit\\\/produkt\\\/fotel-wiszacy-sznurkowy-kokon-kosz-skladany-zielony\\\/#primaryimage\"},\"image\":{\"@id\":\"https:\\\/\\\/demo3.pozyskujklientow2.pl\\\/gardenhit\\\/produkt\\\/fotel-wiszacy-sznurkowy-kokon-kosz-skladany-zielony\\\/#primaryimage\"},\"thumbnailUrl\":\"https:\\\/\\\/demo3.pozyskujklientow2.pl\\\/gardenhit\\\/wp-content\\\/uploads\\\/2026\\\/04\\\/Fotel-wiszacy-sznurkowy-Kokon-Kosz-skladany-1.webp\",\"datePublished\":\"2026-04-07T17:17:43+00:00\",\"dateModified\":\"2026-04-10T08:15:43+00:00\",\"description\":\"Polski producent MebleDrewniane24.pl zaprasza \u261d Fotel wisz\u0105cy sznurkowy Kokon Kosz sk\u0142adany Zielony \u2b50 Meble z drewna do Twojego mieszkania i domu - zapraszamy!\",\"breadcrumb\":{\"@id\":\"https:\\\/\\\/demo3.pozyskujklientow2.pl\\\/gardenhit\\\/produkt\\\/fotel-wiszacy-sznurkowy-kokon-kosz-skladany-zielony\\\/#breadcrumb\"},\"inLanguage\":\"pl-PL\",\"potentialAction\":[{\"@type\":\"ReadAction\",\"target\":[\"https:\\\/\\\/demo3.pozyskujklientow2.pl\\\/gardenhit\\\/produkt\\\/fotel-wiszacy-sznurkowy-kokon-kosz-skladany-zielony\\\/\"]}]},{\"@type\":\"ImageObject\",\"inLanguage\":\"pl-PL\",\"@id\":\"https:\\\/\\\/demo3.pozyskujklientow2.pl\\\/gardenhit\\\/produkt\\\/fotel-wiszacy-sznurkowy-kokon-kosz-skladany-zielony\\\/#primaryimage\",\"url\":\"https:\\\/\\\/demo3.pozyskujklientow2.pl\\\/gardenhit\\\/wp-content\\\/uploads\\\/2026\\\/04\\\/Fotel-wiszacy-sznurkowy-Kokon-Kosz-skladany-1.webp\",\"contentUrl\":\"https:\\\/\\\/demo3.pozyskujklientow2.pl\\\/gardenhit\\\/wp-content\\\/uploads\\\/2026\\\/04\\\/Fotel-wiszacy-sznurkowy-Kokon-Kosz-skladany-1.webp\",\"width\":814,\"height\":650},{\"@type\":\"BreadcrumbList\",\"@id\":\"https:\\\/\\\/demo3.pozyskujklientow2.pl\\\/gardenhit\\\/produkt\\\/fotel-wiszacy-sznurkowy-kokon-kosz-skladany-zielony\\\/#breadcrumb\",\"itemListElement\":[{\"@type\":\"ListItem\",\"position\":1,\"name\":\"Strona g\u0142\u00f3wna\",\"item\":\"https:\\\/\\\/demo3.pozyskujklientow2.pl\\\/gardenhit\\\/\"},{\"@type\":\"ListItem\",\"position\":2,\"name\":\"Sklep\",\"item\":\"https:\\\/\\\/demo3.pozyskujklientow2.pl\\\/gardenhit\\\/sklep\\\/\"},{\"@type\":\"ListItem\",\"position\":3,\"name\":\"Fotel wisz\u0105cy sznurkowy Kokon Kosz sk\u0142adany Zielony\"}]},{\"@type\":\"WebSite\",\"@id\":\"https:\\\/\\\/demo3.pozyskujklientow2.pl\\\/gardenhit\\\/#website\",\"url\":\"https:\\\/\\\/demo3.pozyskujklientow2.pl\\\/gardenhit\\\/\",\"name\":\"Gardenhit\",\"description\":\"Meble ogrodowe\",\"publisher\":{\"@id\":\"https:\\\/\\\/demo3.pozyskujklientow2.pl\\\/gardenhit\\\/#organization\"},\"potentialAction\":[{\"@type\":\"SearchAction\",\"target\":{\"@type\":\"EntryPoint\",\"urlTemplate\":\"https:\\\/\\\/demo3.pozyskujklientow2.pl\\\/gardenhit\\\/?s={search_term_string}\"},\"query-input\":{\"@type\":\"PropertyValueSpecification\",\"valueRequired\":true,\"valueName\":\"search_term_string\"}}],\"inLanguage\":\"pl-PL\"},{\"@type\":\"Organization\",\"@id\":\"https:\\\/\\\/demo3.pozyskujklientow2.pl\\\/gardenhit\\\/#organization\",\"name\":\"Gardenhit\",\"url\":\"https:\\\/\\\/demo3.pozyskujklientow2.pl\\\/gardenhit\\\/\",\"logo\":{\"@type\":\"ImageObject\",\"inLanguage\":\"pl-PL\",\"@id\":\"https:\\\/\\\/demo3.pozyskujklientow2.pl\\\/gardenhit\\\/#\\\/schema\\\/logo\\\/image\\\/\",\"url\":\"https:\\\/\\\/demo3.pozyskujklientow2.pl\\\/gardenhit\\\/wp-content\\\/uploads\\\/2023\\\/09\\\/logo-gardenhit.png\",\"contentUrl\":\"https:\\\/\\\/demo3.pozyskujklientow2.pl\\\/gardenhit\\\/wp-content\\\/uploads\\\/2023\\\/09\\\/logo-gardenhit.png\",\"width\":278,\"height\":215,\"caption\":\"Gardenhit\"},\"image\":{\"@id\":\"https:\\\/\\\/demo3.pozyskujklientow2.pl\\\/gardenhit\\\/#\\\/schema\\\/logo\\\/image\\\/\"}}]}<\/script>\n<!-- \/ Yoast SEO plugin. -->","yoast_head_json":{"title":"Fotel wisz\u0105cy sznurkowy Kokon Kosz sk\u0142adany Zielony \u2b50 Trwa\u0142e i Oryginalne Meble w Atrakcyjnej Cenie - Gardenhit","description":"Polski producent MebleDrewniane24.pl zaprasza \u261d Fotel wisz\u0105cy sznurkowy Kokon Kosz sk\u0142adany Zielony \u2b50 Meble z drewna do Twojego mieszkania i domu - zapraszamy!","robots":{"index":"index","follow":"follow","max-snippet":"max-snippet:-1","max-image-preview":"max-image-preview:large","max-video-preview":"max-video-preview:-1"},"canonical":"https:\/\/demo3.pozyskujklientow2.pl\/gardenhit\/produkt\/fotel-wiszacy-sznurkowy-kokon-kosz-skladany-zielony\/","og_locale":"pl_PL","og_type":"article","og_title":"Fotel wisz\u0105cy sznurkowy Kokon Kosz sk\u0142adany Zielony \u2b50 Trwa\u0142e i Oryginalne Meble w Atrakcyjnej Cenie - Gardenhit","og_description":"Polski producent MebleDrewniane24.pl zaprasza \u261d Fotel wisz\u0105cy sznurkowy Kokon Kosz sk\u0142adany Zielony \u2b50 Meble z drewna do Twojego mieszkania i domu - zapraszamy!","og_url":"https:\/\/demo3.pozyskujklientow2.pl\/gardenhit\/produkt\/fotel-wiszacy-sznurkowy-kokon-kosz-skladany-zielony\/","og_site_name":"Gardenhit","article_modified_time":"2026-04-10T08:15:43+00:00","og_image":[{"width":814,"height":650,"url":"https:\/\/demo3.pozyskujklientow2.pl\/gardenhit\/wp-content\/uploads\/2026\/04\/Fotel-wiszacy-sznurkowy-Kokon-Kosz-skladany-1.webp","type":"image\/webp"}],"twitter_card":"summary_large_image","twitter_misc":{"Szacowany czas czytania":"2 minuty"},"schema":{"@context":"https:\/\/schema.org","@graph":[{"@type":"WebPage","@id":"https:\/\/demo3.pozyskujklientow2.pl\/gardenhit\/produkt\/fotel-wiszacy-sznurkowy-kokon-kosz-skladany-zielony\/","url":"https:\/\/demo3.pozyskujklientow2.pl\/gardenhit\/produkt\/fotel-wiszacy-sznurkowy-kokon-kosz-skladany-zielony\/","name":"Fotel wisz\u0105cy sznurkowy Kokon Kosz sk\u0142adany Zielony \u2b50 Trwa\u0142e i Oryginalne Meble w Atrakcyjnej Cenie - Gardenhit","isPartOf":{"@id":"https:\/\/demo3.pozyskujklientow2.pl\/gardenhit\/#website"},"primaryImageOfPage":{"@id":"https:\/\/demo3.pozyskujklientow2.pl\/gardenhit\/produkt\/fotel-wiszacy-sznurkowy-kokon-kosz-skladany-zielony\/#primaryimage"},"image":{"@id":"https:\/\/demo3.pozyskujklientow2.pl\/gardenhit\/produkt\/fotel-wiszacy-sznurkowy-kokon-kosz-skladany-zielony\/#primaryimage"},"thumbnailUrl":"https:\/\/demo3.pozyskujklientow2.pl\/gardenhit\/wp-content\/uploads\/2026\/04\/Fotel-wiszacy-sznurkowy-Kokon-Kosz-skladany-1.webp","datePublished":"2026-04-07T17:17:43+00:00","dateModified":"2026-04-10T08:15:43+00:00","description":"Polski producent MebleDrewniane24.pl zaprasza \u261d Fotel wisz\u0105cy sznurkowy Kokon Kosz sk\u0142adany Zielony \u2b50 Meble z drewna do Twojego mieszkania i domu - zapraszamy!","breadcrumb":{"@id":"https:\/\/demo3.pozyskujklientow2.pl\/gardenhit\/produkt\/fotel-wiszacy-sznurkowy-kokon-kosz-skladany-zielony\/#breadcrumb"},"inLanguage":"pl-PL","potentialAction":[{"@type":"ReadAction","target":["https:\/\/demo3.pozyskujklientow2.pl\/gardenhit\/produkt\/fotel-wiszacy-sznurkowy-kokon-kosz-skladany-zielony\/"]}]},{"@type":"ImageObject","inLanguage":"pl-PL","@id":"https:\/\/demo3.pozyskujklientow2.pl\/gardenhit\/produkt\/fotel-wiszacy-sznurkowy-kokon-kosz-skladany-zielony\/#primaryimage","url":"https:\/\/demo3.pozyskujklientow2.pl\/gardenhit\/wp-content\/uploads\/2026\/04\/Fotel-wiszacy-sznurkowy-Kokon-Kosz-skladany-1.webp","contentUrl":"https:\/\/demo3.pozyskujklientow2.pl\/gardenhit\/wp-content\/uploads\/2026\/04\/Fotel-wiszacy-sznurkowy-Kokon-Kosz-skladany-1.webp","width":814,"height":650},{"@type":"BreadcrumbList","@id":"https:\/\/demo3.pozyskujklientow2.pl\/gardenhit\/produkt\/fotel-wiszacy-sznurkowy-kokon-kosz-skladany-zielony\/#breadcrumb","itemListElement":[{"@type":"ListItem","position":1,"name":"Strona g\u0142\u00f3wna","item":"https:\/\/demo3.pozyskujklientow2.pl\/gardenhit\/"},{"@type":"ListItem","position":2,"name":"Sklep","item":"https:\/\/demo3.pozyskujklientow2.pl\/gardenhit\/sklep\/"},{"@type":"ListItem","position":3,"name":"Fotel wisz\u0105cy sznurkowy Kokon Kosz sk\u0142adany Zielony"}]},{"@type":"WebSite","@id":"https:\/\/demo3.pozyskujklientow2.pl\/gardenhit\/#website","url":"https:\/\/demo3.pozyskujklientow2.pl\/gardenhit\/","name":"Gardenhit","description":"Meble ogrodowe","publisher":{"@id":"https:\/\/demo3.pozyskujklientow2.pl\/gardenhit\/#organization"},"potentialAction":[{"@type":"SearchAction","target":{"@type":"EntryPoint","urlTemplate":"https:\/\/demo3.pozyskujklientow2.pl\/gardenhit\/?s={search_term_string}"},"query-input":{"@type":"PropertyValueSpecification","valueRequired":true,"valueName":"search_term_string"}}],"inLanguage":"pl-PL"},{"@type":"Organization","@id":"https:\/\/demo3.pozyskujklientow2.pl\/gardenhit\/#organization","name":"Gardenhit","url":"https:\/\/demo3.pozyskujklientow2.pl\/gardenhit\/","logo":{"@type":"ImageObject","inLanguage":"pl-PL","@id":"https:\/\/demo3.pozyskujklientow2.pl\/gardenhit\/#\/schema\/logo\/image\/","url":"https:\/\/demo3.pozyskujklientow2.pl\/gardenhit\/wp-content\/uploads\/2023\/09\/logo-gardenhit.png","contentUrl":"https:\/\/demo3.pozyskujklientow2.pl\/gardenhit\/wp-content\/uploads\/2023\/09\/logo-gardenhit.png","width":278,"height":215,"caption":"Gardenhit"},"image":{"@id":"https:\/\/demo3.pozyskujklientow2.pl\/gardenhit\/#\/schema\/logo\/image\/"}}]}},"_links":{"self":[{"href":"https:\/\/demo3.pozyskujklientow2.pl\/gardenhit\/wp-json\/wp\/v2\/product\/3234","targetHints":{"allow":["GET"]}}],"collection":[{"href":"https:\/\/demo3.pozyskujklientow2.pl\/gardenhit\/wp-json\/wp\/v2\/product"}],"about":[{"href":"https:\/\/demo3.pozyskujklientow2.pl\/gardenhit\/wp-json\/wp\/v2\/types\/product"}],"replies":[{"embeddable":true,"href":"https:\/\/demo3.pozyskujklientow2.pl\/gardenhit\/wp-json\/wp\/v2\/comments?post=3234"}],"wp:featuredmedia":[{"embeddable":true,"href":"https:\/\/demo3.pozyskujklientow2.pl\/gardenhit\/wp-json\/wp\/v2\/media\/3242"}],"wp:attachment":[{"href":"https:\/\/demo3.pozyskujklientow2.pl\/gardenhit\/wp-json\/wp\/v2\/media?parent=3234"}],"wp:term":[{"taxonomy":"product_brand","embeddable":true,"href":"https:\/\/demo3.pozyskujklientow2.pl\/gardenhit\/wp-json\/wp\/v2\/product_brand?post=3234"},{"taxonomy":"product_cat","embeddable":true,"href":"https:\/\/demo3.pozyskujklientow2.pl\/gardenhit\/wp-json\/wp\/v2\/product_cat?post=3234"},{"taxonomy":"product_tag","embeddable":true,"href":"https:\/\/demo3.pozyskujklientow2.pl\/gardenhit\/wp-json\/wp\/v2\/product_tag?post=3234"}],"curies":[{"name":"wp","href":"https:\/\/api.w.org\/{rel}","templated":true}]}}