{"id":3208,"date":"2026-04-07T16:20:17","date_gmt":"2026-04-07T14:20:17","guid":{"rendered":"https:\/\/demo3.pozyskujklientow2.pl\/gardenhit\/?post_type=product&#038;p=3208"},"modified":"2026-04-08T09:16:21","modified_gmt":"2026-04-08T07:16:21","slug":"lezak-ogrodowy-2os-bujany-fotel-lozko-polowe-z-daszkiem","status":"publish","type":"product","link":"https:\/\/demo3.pozyskujklientow2.pl\/gardenhit\/produkt\/lezak-ogrodowy-2os-bujany-fotel-lozko-polowe-z-daszkiem\/","title":{"rendered":"LE\u017bAK ogrodowy 2OS. bujany fotel \u0142\u00f3\u017cko polowe z daszkiem"},"content":{"rendered":"<p>Nowoczesny i ergonomiczny le\u017cak ogrodowy wykonany z wytrzyma\u0142ej stali.<br \/>\nIdealny wyb\u00f3r na s\u0142oneczne dni \u2013 do relaksu w ogrodzie, na tarasie czy przy basenie.<br \/>\nLe\u017cak pomie\u015bci swobodnie 2 osoby! Posiada dwie wygodne poduszki montowane na rzepy.<\/p>\n<p>Dane techniczne:<\/p>\n<p>Szeroko\u015b\u0107 ca\u0142kowita: 137 cm<br \/>\nSzeroko\u015b\u0107 materia\u0142u: 127 cm<br \/>\nD\u0142ugo\u015b\u0107 pokrycia: 190 cm<br \/>\nWysoko\u015b\u0107 ca\u0142kowita: 170 cm<br \/>\nWysoko\u015b\u0107 od ziemi do powierzchni materia\u0142u: ok. 38 cm<br \/>\nStela\u017c: stal<br \/>\nKolor: czarny<\/p>\n<p>TO TW\u00d3J CZAS NA RELAKS!<\/p>\n","protected":false},"excerpt":{"rendered":"<p>Nowoczesny i ergonomiczny le\u017cak ogrodowy wykonany z wytrzyma\u0142ej stali. Idealny wyb\u00f3r na s\u0142oneczne dni \u2013 do relaksu w ogrodzie, na tarasie czy przy basenie. Le\u017cak pomie\u015bci swobodnie 2 osoby! Posiada dwie wygodne poduszki montowane na rzepy. Dane techniczne: Szeroko\u015b\u0107 ca\u0142kowita: 137 cm Szeroko\u015b\u0107 materia\u0142u: 127 cm D\u0142ugo\u015b\u0107 pokrycia: 190 cm Wysoko\u015b\u0107 ca\u0142kowita: 170 cm Wysoko\u015b\u0107 [&hellip;]<\/p>\n","protected":false},"featured_media":3211,"comment_status":"closed","ping_status":"closed","template":"","meta":[],"product_brand":[],"product_cat":[104],"product_tag":[],"class_list":{"0":"post-3208","1":"product","2":"type-product","3":"status-publish","4":"has-post-thumbnail","6":"product_cat-lezaki-ogrodowe","8":"first","9":"instock","10":"shipping-taxable","11":"purchasable","12":"product-type-simple"},"yoast_head":"<!-- This site is optimized with the Yoast SEO plugin v27.4 - https:\/\/yoast.com\/product\/yoast-seo-wordpress\/ -->\n<title>LE\u017bAK ogrodowy 2OS. bujany fotel \u0142\u00f3\u017cko polowe z daszkiem \u2b50 Trwa\u0142e i Oryginalne Meble w Atrakcyjnej Cenie - Gardenhit<\/title>\n<meta name=\"description\" content=\"Polski producent MebleDrewniane24.pl zaprasza \u261d LE\u017bAK ogrodowy 2OS. bujany fotel \u0142\u00f3\u017cko polowe z daszkiem \u2b50 Meble z drewna do Twojego mieszkania i domu - zapraszamy!\" \/>\n<meta name=\"robots\" content=\"index, follow, max-snippet:-1, max-image-preview:large, max-video-preview:-1\" \/>\n<link rel=\"canonical\" href=\"https:\/\/demo3.pozyskujklientow2.pl\/gardenhit\/produkt\/lezak-ogrodowy-2os-bujany-fotel-lozko-polowe-z-daszkiem\/\" \/>\n<meta property=\"og:locale\" content=\"pl_PL\" \/>\n<meta property=\"og:type\" content=\"article\" \/>\n<meta property=\"og:title\" content=\"LE\u017bAK ogrodowy 2OS. bujany fotel \u0142\u00f3\u017cko polowe z daszkiem \u2b50 Trwa\u0142e i Oryginalne Meble w Atrakcyjnej Cenie - Gardenhit\" \/>\n<meta property=\"og:description\" content=\"Polski producent MebleDrewniane24.pl zaprasza \u261d LE\u017bAK ogrodowy 2OS. bujany fotel \u0142\u00f3\u017cko polowe z daszkiem \u2b50 Meble z drewna do Twojego mieszkania i domu - zapraszamy!\" \/>\n<meta property=\"og:url\" content=\"https:\/\/demo3.pozyskujklientow2.pl\/gardenhit\/produkt\/lezak-ogrodowy-2os-bujany-fotel-lozko-polowe-z-daszkiem\/\" \/>\n<meta property=\"og:site_name\" content=\"Gardenhit\" \/>\n<meta property=\"article:modified_time\" content=\"2026-04-08T07:16:21+00:00\" \/>\n<meta property=\"og:image\" content=\"https:\/\/demo3.pozyskujklientow2.pl\/gardenhit\/wp-content\/uploads\/2026\/04\/LEZAK-ogrodowy-2OS.-bujany-fotel-lozko-polowe-z-daszkiem-1.webp\" \/>\n\t<meta property=\"og:image:width\" content=\"1000\" \/>\n\t<meta property=\"og:image:height\" content=\"667\" \/>\n\t<meta property=\"og:image:type\" content=\"image\/webp\" \/>\n<meta name=\"twitter:card\" content=\"summary_large_image\" \/>\n<meta name=\"twitter:label1\" content=\"Szacowany czas czytania\" \/>\n\t<meta name=\"twitter:data1\" content=\"1 minuta\" \/>\n<script type=\"application\/ld+json\" class=\"yoast-schema-graph\">{\"@context\":\"https:\\\/\\\/schema.org\",\"@graph\":[{\"@type\":\"WebPage\",\"@id\":\"https:\\\/\\\/demo3.pozyskujklientow2.pl\\\/gardenhit\\\/produkt\\\/lezak-ogrodowy-2os-bujany-fotel-lozko-polowe-z-daszkiem\\\/\",\"url\":\"https:\\\/\\\/demo3.pozyskujklientow2.pl\\\/gardenhit\\\/produkt\\\/lezak-ogrodowy-2os-bujany-fotel-lozko-polowe-z-daszkiem\\\/\",\"name\":\"LE\u017bAK ogrodowy 2OS. bujany fotel \u0142\u00f3\u017cko polowe z daszkiem \u2b50 Trwa\u0142e i Oryginalne Meble w Atrakcyjnej Cenie - Gardenhit\",\"isPartOf\":{\"@id\":\"https:\\\/\\\/demo3.pozyskujklientow2.pl\\\/gardenhit\\\/#website\"},\"primaryImageOfPage\":{\"@id\":\"https:\\\/\\\/demo3.pozyskujklientow2.pl\\\/gardenhit\\\/produkt\\\/lezak-ogrodowy-2os-bujany-fotel-lozko-polowe-z-daszkiem\\\/#primaryimage\"},\"image\":{\"@id\":\"https:\\\/\\\/demo3.pozyskujklientow2.pl\\\/gardenhit\\\/produkt\\\/lezak-ogrodowy-2os-bujany-fotel-lozko-polowe-z-daszkiem\\\/#primaryimage\"},\"thumbnailUrl\":\"https:\\\/\\\/demo3.pozyskujklientow2.pl\\\/gardenhit\\\/wp-content\\\/uploads\\\/2026\\\/04\\\/LEZAK-ogrodowy-2OS.-bujany-fotel-lozko-polowe-z-daszkiem-1.webp\",\"datePublished\":\"2026-04-07T14:20:17+00:00\",\"dateModified\":\"2026-04-08T07:16:21+00:00\",\"description\":\"Polski producent MebleDrewniane24.pl zaprasza \u261d LE\u017bAK ogrodowy 2OS. bujany fotel \u0142\u00f3\u017cko polowe z daszkiem \u2b50 Meble z drewna do Twojego mieszkania i domu - zapraszamy!\",\"breadcrumb\":{\"@id\":\"https:\\\/\\\/demo3.pozyskujklientow2.pl\\\/gardenhit\\\/produkt\\\/lezak-ogrodowy-2os-bujany-fotel-lozko-polowe-z-daszkiem\\\/#breadcrumb\"},\"inLanguage\":\"pl-PL\",\"potentialAction\":[{\"@type\":\"ReadAction\",\"target\":[\"https:\\\/\\\/demo3.pozyskujklientow2.pl\\\/gardenhit\\\/produkt\\\/lezak-ogrodowy-2os-bujany-fotel-lozko-polowe-z-daszkiem\\\/\"]}]},{\"@type\":\"ImageObject\",\"inLanguage\":\"pl-PL\",\"@id\":\"https:\\\/\\\/demo3.pozyskujklientow2.pl\\\/gardenhit\\\/produkt\\\/lezak-ogrodowy-2os-bujany-fotel-lozko-polowe-z-daszkiem\\\/#primaryimage\",\"url\":\"https:\\\/\\\/demo3.pozyskujklientow2.pl\\\/gardenhit\\\/wp-content\\\/uploads\\\/2026\\\/04\\\/LEZAK-ogrodowy-2OS.-bujany-fotel-lozko-polowe-z-daszkiem-1.webp\",\"contentUrl\":\"https:\\\/\\\/demo3.pozyskujklientow2.pl\\\/gardenhit\\\/wp-content\\\/uploads\\\/2026\\\/04\\\/LEZAK-ogrodowy-2OS.-bujany-fotel-lozko-polowe-z-daszkiem-1.webp\",\"width\":1000,\"height\":667},{\"@type\":\"BreadcrumbList\",\"@id\":\"https:\\\/\\\/demo3.pozyskujklientow2.pl\\\/gardenhit\\\/produkt\\\/lezak-ogrodowy-2os-bujany-fotel-lozko-polowe-z-daszkiem\\\/#breadcrumb\",\"itemListElement\":[{\"@type\":\"ListItem\",\"position\":1,\"name\":\"Strona g\u0142\u00f3wna\",\"item\":\"https:\\\/\\\/demo3.pozyskujklientow2.pl\\\/gardenhit\\\/\"},{\"@type\":\"ListItem\",\"position\":2,\"name\":\"Sklep\",\"item\":\"https:\\\/\\\/demo3.pozyskujklientow2.pl\\\/gardenhit\\\/sklep\\\/\"},{\"@type\":\"ListItem\",\"position\":3,\"name\":\"LE\u017bAK ogrodowy 2OS. bujany fotel \u0142\u00f3\u017cko polowe z daszkiem\"}]},{\"@type\":\"WebSite\",\"@id\":\"https:\\\/\\\/demo3.pozyskujklientow2.pl\\\/gardenhit\\\/#website\",\"url\":\"https:\\\/\\\/demo3.pozyskujklientow2.pl\\\/gardenhit\\\/\",\"name\":\"Gardenhit\",\"description\":\"Meble ogrodowe\",\"publisher\":{\"@id\":\"https:\\\/\\\/demo3.pozyskujklientow2.pl\\\/gardenhit\\\/#organization\"},\"potentialAction\":[{\"@type\":\"SearchAction\",\"target\":{\"@type\":\"EntryPoint\",\"urlTemplate\":\"https:\\\/\\\/demo3.pozyskujklientow2.pl\\\/gardenhit\\\/?s={search_term_string}\"},\"query-input\":{\"@type\":\"PropertyValueSpecification\",\"valueRequired\":true,\"valueName\":\"search_term_string\"}}],\"inLanguage\":\"pl-PL\"},{\"@type\":\"Organization\",\"@id\":\"https:\\\/\\\/demo3.pozyskujklientow2.pl\\\/gardenhit\\\/#organization\",\"name\":\"Gardenhit\",\"url\":\"https:\\\/\\\/demo3.pozyskujklientow2.pl\\\/gardenhit\\\/\",\"logo\":{\"@type\":\"ImageObject\",\"inLanguage\":\"pl-PL\",\"@id\":\"https:\\\/\\\/demo3.pozyskujklientow2.pl\\\/gardenhit\\\/#\\\/schema\\\/logo\\\/image\\\/\",\"url\":\"https:\\\/\\\/demo3.pozyskujklientow2.pl\\\/gardenhit\\\/wp-content\\\/uploads\\\/2023\\\/09\\\/logo-gardenhit.png\",\"contentUrl\":\"https:\\\/\\\/demo3.pozyskujklientow2.pl\\\/gardenhit\\\/wp-content\\\/uploads\\\/2023\\\/09\\\/logo-gardenhit.png\",\"width\":278,\"height\":215,\"caption\":\"Gardenhit\"},\"image\":{\"@id\":\"https:\\\/\\\/demo3.pozyskujklientow2.pl\\\/gardenhit\\\/#\\\/schema\\\/logo\\\/image\\\/\"}}]}<\/script>\n<!-- \/ Yoast SEO plugin. -->","yoast_head_json":{"title":"LE\u017bAK ogrodowy 2OS. bujany fotel \u0142\u00f3\u017cko polowe z daszkiem \u2b50 Trwa\u0142e i Oryginalne Meble w Atrakcyjnej Cenie - Gardenhit","description":"Polski producent MebleDrewniane24.pl zaprasza \u261d LE\u017bAK ogrodowy 2OS. bujany fotel \u0142\u00f3\u017cko polowe z daszkiem \u2b50 Meble z drewna do Twojego mieszkania i domu - zapraszamy!","robots":{"index":"index","follow":"follow","max-snippet":"max-snippet:-1","max-image-preview":"max-image-preview:large","max-video-preview":"max-video-preview:-1"},"canonical":"https:\/\/demo3.pozyskujklientow2.pl\/gardenhit\/produkt\/lezak-ogrodowy-2os-bujany-fotel-lozko-polowe-z-daszkiem\/","og_locale":"pl_PL","og_type":"article","og_title":"LE\u017bAK ogrodowy 2OS. bujany fotel \u0142\u00f3\u017cko polowe z daszkiem \u2b50 Trwa\u0142e i Oryginalne Meble w Atrakcyjnej Cenie - Gardenhit","og_description":"Polski producent MebleDrewniane24.pl zaprasza \u261d LE\u017bAK ogrodowy 2OS. bujany fotel \u0142\u00f3\u017cko polowe z daszkiem \u2b50 Meble z drewna do Twojego mieszkania i domu - zapraszamy!","og_url":"https:\/\/demo3.pozyskujklientow2.pl\/gardenhit\/produkt\/lezak-ogrodowy-2os-bujany-fotel-lozko-polowe-z-daszkiem\/","og_site_name":"Gardenhit","article_modified_time":"2026-04-08T07:16:21+00:00","og_image":[{"width":1000,"height":667,"url":"https:\/\/demo3.pozyskujklientow2.pl\/gardenhit\/wp-content\/uploads\/2026\/04\/LEZAK-ogrodowy-2OS.-bujany-fotel-lozko-polowe-z-daszkiem-1.webp","type":"image\/webp"}],"twitter_card":"summary_large_image","twitter_misc":{"Szacowany czas czytania":"1 minuta"},"schema":{"@context":"https:\/\/schema.org","@graph":[{"@type":"WebPage","@id":"https:\/\/demo3.pozyskujklientow2.pl\/gardenhit\/produkt\/lezak-ogrodowy-2os-bujany-fotel-lozko-polowe-z-daszkiem\/","url":"https:\/\/demo3.pozyskujklientow2.pl\/gardenhit\/produkt\/lezak-ogrodowy-2os-bujany-fotel-lozko-polowe-z-daszkiem\/","name":"LE\u017bAK ogrodowy 2OS. bujany fotel \u0142\u00f3\u017cko polowe z daszkiem \u2b50 Trwa\u0142e i Oryginalne Meble w Atrakcyjnej Cenie - Gardenhit","isPartOf":{"@id":"https:\/\/demo3.pozyskujklientow2.pl\/gardenhit\/#website"},"primaryImageOfPage":{"@id":"https:\/\/demo3.pozyskujklientow2.pl\/gardenhit\/produkt\/lezak-ogrodowy-2os-bujany-fotel-lozko-polowe-z-daszkiem\/#primaryimage"},"image":{"@id":"https:\/\/demo3.pozyskujklientow2.pl\/gardenhit\/produkt\/lezak-ogrodowy-2os-bujany-fotel-lozko-polowe-z-daszkiem\/#primaryimage"},"thumbnailUrl":"https:\/\/demo3.pozyskujklientow2.pl\/gardenhit\/wp-content\/uploads\/2026\/04\/LEZAK-ogrodowy-2OS.-bujany-fotel-lozko-polowe-z-daszkiem-1.webp","datePublished":"2026-04-07T14:20:17+00:00","dateModified":"2026-04-08T07:16:21+00:00","description":"Polski producent MebleDrewniane24.pl zaprasza \u261d LE\u017bAK ogrodowy 2OS. bujany fotel \u0142\u00f3\u017cko polowe z daszkiem \u2b50 Meble z drewna do Twojego mieszkania i domu - zapraszamy!","breadcrumb":{"@id":"https:\/\/demo3.pozyskujklientow2.pl\/gardenhit\/produkt\/lezak-ogrodowy-2os-bujany-fotel-lozko-polowe-z-daszkiem\/#breadcrumb"},"inLanguage":"pl-PL","potentialAction":[{"@type":"ReadAction","target":["https:\/\/demo3.pozyskujklientow2.pl\/gardenhit\/produkt\/lezak-ogrodowy-2os-bujany-fotel-lozko-polowe-z-daszkiem\/"]}]},{"@type":"ImageObject","inLanguage":"pl-PL","@id":"https:\/\/demo3.pozyskujklientow2.pl\/gardenhit\/produkt\/lezak-ogrodowy-2os-bujany-fotel-lozko-polowe-z-daszkiem\/#primaryimage","url":"https:\/\/demo3.pozyskujklientow2.pl\/gardenhit\/wp-content\/uploads\/2026\/04\/LEZAK-ogrodowy-2OS.-bujany-fotel-lozko-polowe-z-daszkiem-1.webp","contentUrl":"https:\/\/demo3.pozyskujklientow2.pl\/gardenhit\/wp-content\/uploads\/2026\/04\/LEZAK-ogrodowy-2OS.-bujany-fotel-lozko-polowe-z-daszkiem-1.webp","width":1000,"height":667},{"@type":"BreadcrumbList","@id":"https:\/\/demo3.pozyskujklientow2.pl\/gardenhit\/produkt\/lezak-ogrodowy-2os-bujany-fotel-lozko-polowe-z-daszkiem\/#breadcrumb","itemListElement":[{"@type":"ListItem","position":1,"name":"Strona g\u0142\u00f3wna","item":"https:\/\/demo3.pozyskujklientow2.pl\/gardenhit\/"},{"@type":"ListItem","position":2,"name":"Sklep","item":"https:\/\/demo3.pozyskujklientow2.pl\/gardenhit\/sklep\/"},{"@type":"ListItem","position":3,"name":"LE\u017bAK ogrodowy 2OS. bujany fotel \u0142\u00f3\u017cko polowe z daszkiem"}]},{"@type":"WebSite","@id":"https:\/\/demo3.pozyskujklientow2.pl\/gardenhit\/#website","url":"https:\/\/demo3.pozyskujklientow2.pl\/gardenhit\/","name":"Gardenhit","description":"Meble ogrodowe","publisher":{"@id":"https:\/\/demo3.pozyskujklientow2.pl\/gardenhit\/#organization"},"potentialAction":[{"@type":"SearchAction","target":{"@type":"EntryPoint","urlTemplate":"https:\/\/demo3.pozyskujklientow2.pl\/gardenhit\/?s={search_term_string}"},"query-input":{"@type":"PropertyValueSpecification","valueRequired":true,"valueName":"search_term_string"}}],"inLanguage":"pl-PL"},{"@type":"Organization","@id":"https:\/\/demo3.pozyskujklientow2.pl\/gardenhit\/#organization","name":"Gardenhit","url":"https:\/\/demo3.pozyskujklientow2.pl\/gardenhit\/","logo":{"@type":"ImageObject","inLanguage":"pl-PL","@id":"https:\/\/demo3.pozyskujklientow2.pl\/gardenhit\/#\/schema\/logo\/image\/","url":"https:\/\/demo3.pozyskujklientow2.pl\/gardenhit\/wp-content\/uploads\/2023\/09\/logo-gardenhit.png","contentUrl":"https:\/\/demo3.pozyskujklientow2.pl\/gardenhit\/wp-content\/uploads\/2023\/09\/logo-gardenhit.png","width":278,"height":215,"caption":"Gardenhit"},"image":{"@id":"https:\/\/demo3.pozyskujklientow2.pl\/gardenhit\/#\/schema\/logo\/image\/"}}]}},"_links":{"self":[{"href":"https:\/\/demo3.pozyskujklientow2.pl\/gardenhit\/wp-json\/wp\/v2\/product\/3208","targetHints":{"allow":["GET"]}}],"collection":[{"href":"https:\/\/demo3.pozyskujklientow2.pl\/gardenhit\/wp-json\/wp\/v2\/product"}],"about":[{"href":"https:\/\/demo3.pozyskujklientow2.pl\/gardenhit\/wp-json\/wp\/v2\/types\/product"}],"replies":[{"embeddable":true,"href":"https:\/\/demo3.pozyskujklientow2.pl\/gardenhit\/wp-json\/wp\/v2\/comments?post=3208"}],"wp:featuredmedia":[{"embeddable":true,"href":"https:\/\/demo3.pozyskujklientow2.pl\/gardenhit\/wp-json\/wp\/v2\/media\/3211"}],"wp:attachment":[{"href":"https:\/\/demo3.pozyskujklientow2.pl\/gardenhit\/wp-json\/wp\/v2\/media?parent=3208"}],"wp:term":[{"taxonomy":"product_brand","embeddable":true,"href":"https:\/\/demo3.pozyskujklientow2.pl\/gardenhit\/wp-json\/wp\/v2\/product_brand?post=3208"},{"taxonomy":"product_cat","embeddable":true,"href":"https:\/\/demo3.pozyskujklientow2.pl\/gardenhit\/wp-json\/wp\/v2\/product_cat?post=3208"},{"taxonomy":"product_tag","embeddable":true,"href":"https:\/\/demo3.pozyskujklientow2.pl\/gardenhit\/wp-json\/wp\/v2\/product_tag?post=3208"}],"curies":[{"name":"wp","href":"https:\/\/api.w.org\/{rel}","templated":true}]}}