{"id":3155,"date":"2026-04-07T15:56:24","date_gmt":"2026-04-07T13:56:24","guid":{"rendered":"https:\/\/demo3.pozyskujklientow2.pl\/gardenhit\/?post_type=product&#038;p=3155"},"modified":"2026-04-08T09:15:19","modified_gmt":"2026-04-08T07:15:19","slug":"lezak-ogrodowy-wypoczynkowy-lezanka-lozko-bujane-relax","status":"publish","type":"product","link":"https:\/\/demo3.pozyskujklientow2.pl\/gardenhit\/produkt\/lezak-ogrodowy-wypoczynkowy-lezanka-lozko-bujane-relax\/","title":{"rendered":"Le\u017cak ogrodowy wypoczynkowy le\u017canka \u0142\u00f3\u017cko bujane RELAX"},"content":{"rendered":"<p>Nowoczesny le\u017cak bujany RELAX zapewnia pe\u0142ny komfort u\u017cytkowania. Na le\u017cance zosta\u0142 zamocowany przepuszczalny powietrze i szybkoschn\u0105cy materia\u0142 odporny na wilgo\u0107, a pod\u0142okietniki s\u0105 pokryte zabezpieczaj\u0105c\u0105 gum\u0105 ochronn\u0105. Dzi\u0119ki wywa\u017conej spiralnej spr\u0119\u017cynie specjalna konstrukcja umo\u017cliwia p\u0142ynne i relaksuj\u0105ce ruchy oscylacyjne w zakresie 360\u00b0. (nie kr\u0119ci si\u0119 wok\u00f3\u0142 w\u0142asnej osi)<\/p>\n<p>Le\u017cak charakteryzuje:<\/p>\n<p>Odporno\u015b\u0107 na warunki atmosferyczne.<br \/>\nTrwa\u0142a konstrukcja.<br \/>\n\u0141atwo\u015b\u0107 czyszczenia.<br \/>\n\u0141atwy monta\u017c.<br \/>\n\u0141atwy spos\u00f3b przenoszenia.<br \/>\n\u0141adna plecionka.<\/p>\n<p>WYMIARY:<br \/>\nD\u0142ugo\u015b\u0107 pokrycia 172cm<br \/>\nSzeroko\u015b\u0107 pokrycia 52cm<br \/>\nWysoko\u015b\u0107 (od spodu do siedziska) 37cm<\/p>\n<p>-Koszt wysy\u0142ki: przedp\u0142ata 50,00 z\u0142 \/ pobranie 55,00 z\u0142<br \/>\nProsimy o kontakt od poniedzia\u0142ku do pi\u0105tku w godzinach 08:00-15:00<br \/>\nMagazyn: Katowicka 27, Czechowice-Dziedzice<\/p>\n<p>Zapraszamy do zakupu.<br \/>\nNa ka\u017cdy towar zakupiony na naszych aukcjach otrzymasz paragon lub faktur\u0119 VAT.<br \/>\nP\u0142atno\u015b\u0107 got\u00f3wk\u0105 lub kart\u0105.<\/p>\n<p>UWAGI:<br \/>\n*- Produkt nie ulegnie zniszczeniu pod wp\u0142ywem niewielkiej ilo\u015bci wody czy innych p\u0142yn\u00f3w. Mo\u017cna swobodnie korzysta\u0107 z niego na zewn\u0105trz, r\u00f3wnie\u017c w trakcie niewielkich opad\u00f3w deszczu, czy wilgotnego powietrza. Obfite opady deszczu, czy du\u017ce ilo\u015bci wody, mog\u0105 jednak powodowa\u0107 uszkodzenia. Aby zapewni\u0107 jak najlepszy wygl\u0105d i funkcjonalno\u015b\u0107, zalecamy przestrzega\u0107 instrukcji u\u017cytkowania produktu.<br \/>\n*- Nie powinno si\u0119 siada\u0107 na rozgrzanym produkcie, mo\u017ce to spowodowa\u0107 naci\u0105gni\u0119cie materia\u0142u.<\/p>\n","protected":false},"excerpt":{"rendered":"<p>Nowoczesny le\u017cak bujany RELAX zapewnia pe\u0142ny komfort u\u017cytkowania. Na le\u017cance zosta\u0142 zamocowany przepuszczalny powietrze i szybkoschn\u0105cy materia\u0142 odporny na wilgo\u0107, a pod\u0142okietniki s\u0105 pokryte zabezpieczaj\u0105c\u0105 gum\u0105 ochronn\u0105. Dzi\u0119ki wywa\u017conej spiralnej spr\u0119\u017cynie specjalna konstrukcja umo\u017cliwia p\u0142ynne i relaksuj\u0105ce ruchy oscylacyjne w zakresie 360\u00b0. (nie kr\u0119ci si\u0119 wok\u00f3\u0142 w\u0142asnej osi) Le\u017cak charakteryzuje: Odporno\u015b\u0107 na warunki atmosferyczne. Trwa\u0142a [&hellip;]<\/p>\n","protected":false},"featured_media":3161,"comment_status":"closed","ping_status":"closed","template":"","meta":[],"product_brand":[],"product_cat":[104],"product_tag":[],"class_list":{"0":"post-3155","1":"product","2":"type-product","3":"status-publish","4":"has-post-thumbnail","6":"product_cat-lezaki-ogrodowe","8":"first","9":"instock","10":"shipping-taxable","11":"purchasable","12":"product-type-simple"},"yoast_head":"<!-- This site is optimized with the Yoast SEO plugin v27.4 - https:\/\/yoast.com\/product\/yoast-seo-wordpress\/ -->\n<title>Le\u017cak ogrodowy wypoczynkowy le\u017canka \u0142\u00f3\u017cko bujane RELAX \u2b50 Trwa\u0142e i Oryginalne Meble w Atrakcyjnej Cenie - Gardenhit<\/title>\n<meta name=\"description\" content=\"Polski producent MebleDrewniane24.pl zaprasza \u261d Le\u017cak ogrodowy wypoczynkowy le\u017canka \u0142\u00f3\u017cko bujane RELAX \u2b50 Meble z drewna do Twojego mieszkania i domu - zapraszamy!\" \/>\n<meta name=\"robots\" content=\"index, follow, max-snippet:-1, max-image-preview:large, max-video-preview:-1\" \/>\n<link rel=\"canonical\" href=\"https:\/\/demo3.pozyskujklientow2.pl\/gardenhit\/produkt\/lezak-ogrodowy-wypoczynkowy-lezanka-lozko-bujane-relax\/\" \/>\n<meta property=\"og:locale\" content=\"pl_PL\" \/>\n<meta property=\"og:type\" content=\"article\" \/>\n<meta property=\"og:title\" content=\"Le\u017cak ogrodowy wypoczynkowy le\u017canka \u0142\u00f3\u017cko bujane RELAX \u2b50 Trwa\u0142e i Oryginalne Meble w Atrakcyjnej Cenie - Gardenhit\" \/>\n<meta property=\"og:description\" content=\"Polski producent MebleDrewniane24.pl zaprasza \u261d Le\u017cak ogrodowy wypoczynkowy le\u017canka \u0142\u00f3\u017cko bujane RELAX \u2b50 Meble z drewna do Twojego mieszkania i domu - zapraszamy!\" \/>\n<meta property=\"og:url\" content=\"https:\/\/demo3.pozyskujklientow2.pl\/gardenhit\/produkt\/lezak-ogrodowy-wypoczynkowy-lezanka-lozko-bujane-relax\/\" \/>\n<meta property=\"og:site_name\" content=\"Gardenhit\" \/>\n<meta property=\"article:modified_time\" content=\"2026-04-08T07:15:19+00:00\" \/>\n<meta property=\"og:image\" content=\"https:\/\/demo3.pozyskujklientow2.pl\/gardenhit\/wp-content\/uploads\/2026\/04\/Lezak-ogrodowy-wypoczynkowy-lezanka-lozko-bujane-RELAX-1.webp\" \/>\n\t<meta property=\"og:image:width\" content=\"1000\" \/>\n\t<meta property=\"og:image:height\" content=\"667\" \/>\n\t<meta property=\"og:image:type\" content=\"image\/webp\" \/>\n<meta name=\"twitter:card\" content=\"summary_large_image\" \/>\n<meta name=\"twitter:label1\" content=\"Szacowany czas czytania\" \/>\n\t<meta name=\"twitter:data1\" content=\"2 minuty\" \/>\n<script type=\"application\/ld+json\" class=\"yoast-schema-graph\">{\"@context\":\"https:\\\/\\\/schema.org\",\"@graph\":[{\"@type\":\"WebPage\",\"@id\":\"https:\\\/\\\/demo3.pozyskujklientow2.pl\\\/gardenhit\\\/produkt\\\/lezak-ogrodowy-wypoczynkowy-lezanka-lozko-bujane-relax\\\/\",\"url\":\"https:\\\/\\\/demo3.pozyskujklientow2.pl\\\/gardenhit\\\/produkt\\\/lezak-ogrodowy-wypoczynkowy-lezanka-lozko-bujane-relax\\\/\",\"name\":\"Le\u017cak ogrodowy wypoczynkowy le\u017canka \u0142\u00f3\u017cko bujane RELAX \u2b50 Trwa\u0142e i Oryginalne Meble w Atrakcyjnej Cenie - Gardenhit\",\"isPartOf\":{\"@id\":\"https:\\\/\\\/demo3.pozyskujklientow2.pl\\\/gardenhit\\\/#website\"},\"primaryImageOfPage\":{\"@id\":\"https:\\\/\\\/demo3.pozyskujklientow2.pl\\\/gardenhit\\\/produkt\\\/lezak-ogrodowy-wypoczynkowy-lezanka-lozko-bujane-relax\\\/#primaryimage\"},\"image\":{\"@id\":\"https:\\\/\\\/demo3.pozyskujklientow2.pl\\\/gardenhit\\\/produkt\\\/lezak-ogrodowy-wypoczynkowy-lezanka-lozko-bujane-relax\\\/#primaryimage\"},\"thumbnailUrl\":\"https:\\\/\\\/demo3.pozyskujklientow2.pl\\\/gardenhit\\\/wp-content\\\/uploads\\\/2026\\\/04\\\/Lezak-ogrodowy-wypoczynkowy-lezanka-lozko-bujane-RELAX-1.webp\",\"datePublished\":\"2026-04-07T13:56:24+00:00\",\"dateModified\":\"2026-04-08T07:15:19+00:00\",\"description\":\"Polski producent MebleDrewniane24.pl zaprasza \u261d Le\u017cak ogrodowy wypoczynkowy le\u017canka \u0142\u00f3\u017cko bujane RELAX \u2b50 Meble z drewna do Twojego mieszkania i domu - zapraszamy!\",\"breadcrumb\":{\"@id\":\"https:\\\/\\\/demo3.pozyskujklientow2.pl\\\/gardenhit\\\/produkt\\\/lezak-ogrodowy-wypoczynkowy-lezanka-lozko-bujane-relax\\\/#breadcrumb\"},\"inLanguage\":\"pl-PL\",\"potentialAction\":[{\"@type\":\"ReadAction\",\"target\":[\"https:\\\/\\\/demo3.pozyskujklientow2.pl\\\/gardenhit\\\/produkt\\\/lezak-ogrodowy-wypoczynkowy-lezanka-lozko-bujane-relax\\\/\"]}]},{\"@type\":\"ImageObject\",\"inLanguage\":\"pl-PL\",\"@id\":\"https:\\\/\\\/demo3.pozyskujklientow2.pl\\\/gardenhit\\\/produkt\\\/lezak-ogrodowy-wypoczynkowy-lezanka-lozko-bujane-relax\\\/#primaryimage\",\"url\":\"https:\\\/\\\/demo3.pozyskujklientow2.pl\\\/gardenhit\\\/wp-content\\\/uploads\\\/2026\\\/04\\\/Lezak-ogrodowy-wypoczynkowy-lezanka-lozko-bujane-RELAX-1.webp\",\"contentUrl\":\"https:\\\/\\\/demo3.pozyskujklientow2.pl\\\/gardenhit\\\/wp-content\\\/uploads\\\/2026\\\/04\\\/Lezak-ogrodowy-wypoczynkowy-lezanka-lozko-bujane-RELAX-1.webp\",\"width\":1000,\"height\":667},{\"@type\":\"BreadcrumbList\",\"@id\":\"https:\\\/\\\/demo3.pozyskujklientow2.pl\\\/gardenhit\\\/produkt\\\/lezak-ogrodowy-wypoczynkowy-lezanka-lozko-bujane-relax\\\/#breadcrumb\",\"itemListElement\":[{\"@type\":\"ListItem\",\"position\":1,\"name\":\"Strona g\u0142\u00f3wna\",\"item\":\"https:\\\/\\\/demo3.pozyskujklientow2.pl\\\/gardenhit\\\/\"},{\"@type\":\"ListItem\",\"position\":2,\"name\":\"Sklep\",\"item\":\"https:\\\/\\\/demo3.pozyskujklientow2.pl\\\/gardenhit\\\/sklep\\\/\"},{\"@type\":\"ListItem\",\"position\":3,\"name\":\"Le\u017cak ogrodowy wypoczynkowy le\u017canka \u0142\u00f3\u017cko bujane RELAX\"}]},{\"@type\":\"WebSite\",\"@id\":\"https:\\\/\\\/demo3.pozyskujklientow2.pl\\\/gardenhit\\\/#website\",\"url\":\"https:\\\/\\\/demo3.pozyskujklientow2.pl\\\/gardenhit\\\/\",\"name\":\"Gardenhit\",\"description\":\"Meble ogrodowe\",\"publisher\":{\"@id\":\"https:\\\/\\\/demo3.pozyskujklientow2.pl\\\/gardenhit\\\/#organization\"},\"potentialAction\":[{\"@type\":\"SearchAction\",\"target\":{\"@type\":\"EntryPoint\",\"urlTemplate\":\"https:\\\/\\\/demo3.pozyskujklientow2.pl\\\/gardenhit\\\/?s={search_term_string}\"},\"query-input\":{\"@type\":\"PropertyValueSpecification\",\"valueRequired\":true,\"valueName\":\"search_term_string\"}}],\"inLanguage\":\"pl-PL\"},{\"@type\":\"Organization\",\"@id\":\"https:\\\/\\\/demo3.pozyskujklientow2.pl\\\/gardenhit\\\/#organization\",\"name\":\"Gardenhit\",\"url\":\"https:\\\/\\\/demo3.pozyskujklientow2.pl\\\/gardenhit\\\/\",\"logo\":{\"@type\":\"ImageObject\",\"inLanguage\":\"pl-PL\",\"@id\":\"https:\\\/\\\/demo3.pozyskujklientow2.pl\\\/gardenhit\\\/#\\\/schema\\\/logo\\\/image\\\/\",\"url\":\"https:\\\/\\\/demo3.pozyskujklientow2.pl\\\/gardenhit\\\/wp-content\\\/uploads\\\/2023\\\/09\\\/logo-gardenhit.png\",\"contentUrl\":\"https:\\\/\\\/demo3.pozyskujklientow2.pl\\\/gardenhit\\\/wp-content\\\/uploads\\\/2023\\\/09\\\/logo-gardenhit.png\",\"width\":278,\"height\":215,\"caption\":\"Gardenhit\"},\"image\":{\"@id\":\"https:\\\/\\\/demo3.pozyskujklientow2.pl\\\/gardenhit\\\/#\\\/schema\\\/logo\\\/image\\\/\"}}]}<\/script>\n<!-- \/ Yoast SEO plugin. -->","yoast_head_json":{"title":"Le\u017cak ogrodowy wypoczynkowy le\u017canka \u0142\u00f3\u017cko bujane RELAX \u2b50 Trwa\u0142e i Oryginalne Meble w Atrakcyjnej Cenie - Gardenhit","description":"Polski producent MebleDrewniane24.pl zaprasza \u261d Le\u017cak ogrodowy wypoczynkowy le\u017canka \u0142\u00f3\u017cko bujane RELAX \u2b50 Meble z drewna do Twojego mieszkania i domu - zapraszamy!","robots":{"index":"index","follow":"follow","max-snippet":"max-snippet:-1","max-image-preview":"max-image-preview:large","max-video-preview":"max-video-preview:-1"},"canonical":"https:\/\/demo3.pozyskujklientow2.pl\/gardenhit\/produkt\/lezak-ogrodowy-wypoczynkowy-lezanka-lozko-bujane-relax\/","og_locale":"pl_PL","og_type":"article","og_title":"Le\u017cak ogrodowy wypoczynkowy le\u017canka \u0142\u00f3\u017cko bujane RELAX \u2b50 Trwa\u0142e i Oryginalne Meble w Atrakcyjnej Cenie - Gardenhit","og_description":"Polski producent MebleDrewniane24.pl zaprasza \u261d Le\u017cak ogrodowy wypoczynkowy le\u017canka \u0142\u00f3\u017cko bujane RELAX \u2b50 Meble z drewna do Twojego mieszkania i domu - zapraszamy!","og_url":"https:\/\/demo3.pozyskujklientow2.pl\/gardenhit\/produkt\/lezak-ogrodowy-wypoczynkowy-lezanka-lozko-bujane-relax\/","og_site_name":"Gardenhit","article_modified_time":"2026-04-08T07:15:19+00:00","og_image":[{"width":1000,"height":667,"url":"https:\/\/demo3.pozyskujklientow2.pl\/gardenhit\/wp-content\/uploads\/2026\/04\/Lezak-ogrodowy-wypoczynkowy-lezanka-lozko-bujane-RELAX-1.webp","type":"image\/webp"}],"twitter_card":"summary_large_image","twitter_misc":{"Szacowany czas czytania":"2 minuty"},"schema":{"@context":"https:\/\/schema.org","@graph":[{"@type":"WebPage","@id":"https:\/\/demo3.pozyskujklientow2.pl\/gardenhit\/produkt\/lezak-ogrodowy-wypoczynkowy-lezanka-lozko-bujane-relax\/","url":"https:\/\/demo3.pozyskujklientow2.pl\/gardenhit\/produkt\/lezak-ogrodowy-wypoczynkowy-lezanka-lozko-bujane-relax\/","name":"Le\u017cak ogrodowy wypoczynkowy le\u017canka \u0142\u00f3\u017cko bujane RELAX \u2b50 Trwa\u0142e i Oryginalne Meble w Atrakcyjnej Cenie - Gardenhit","isPartOf":{"@id":"https:\/\/demo3.pozyskujklientow2.pl\/gardenhit\/#website"},"primaryImageOfPage":{"@id":"https:\/\/demo3.pozyskujklientow2.pl\/gardenhit\/produkt\/lezak-ogrodowy-wypoczynkowy-lezanka-lozko-bujane-relax\/#primaryimage"},"image":{"@id":"https:\/\/demo3.pozyskujklientow2.pl\/gardenhit\/produkt\/lezak-ogrodowy-wypoczynkowy-lezanka-lozko-bujane-relax\/#primaryimage"},"thumbnailUrl":"https:\/\/demo3.pozyskujklientow2.pl\/gardenhit\/wp-content\/uploads\/2026\/04\/Lezak-ogrodowy-wypoczynkowy-lezanka-lozko-bujane-RELAX-1.webp","datePublished":"2026-04-07T13:56:24+00:00","dateModified":"2026-04-08T07:15:19+00:00","description":"Polski producent MebleDrewniane24.pl zaprasza \u261d Le\u017cak ogrodowy wypoczynkowy le\u017canka \u0142\u00f3\u017cko bujane RELAX \u2b50 Meble z drewna do Twojego mieszkania i domu - zapraszamy!","breadcrumb":{"@id":"https:\/\/demo3.pozyskujklientow2.pl\/gardenhit\/produkt\/lezak-ogrodowy-wypoczynkowy-lezanka-lozko-bujane-relax\/#breadcrumb"},"inLanguage":"pl-PL","potentialAction":[{"@type":"ReadAction","target":["https:\/\/demo3.pozyskujklientow2.pl\/gardenhit\/produkt\/lezak-ogrodowy-wypoczynkowy-lezanka-lozko-bujane-relax\/"]}]},{"@type":"ImageObject","inLanguage":"pl-PL","@id":"https:\/\/demo3.pozyskujklientow2.pl\/gardenhit\/produkt\/lezak-ogrodowy-wypoczynkowy-lezanka-lozko-bujane-relax\/#primaryimage","url":"https:\/\/demo3.pozyskujklientow2.pl\/gardenhit\/wp-content\/uploads\/2026\/04\/Lezak-ogrodowy-wypoczynkowy-lezanka-lozko-bujane-RELAX-1.webp","contentUrl":"https:\/\/demo3.pozyskujklientow2.pl\/gardenhit\/wp-content\/uploads\/2026\/04\/Lezak-ogrodowy-wypoczynkowy-lezanka-lozko-bujane-RELAX-1.webp","width":1000,"height":667},{"@type":"BreadcrumbList","@id":"https:\/\/demo3.pozyskujklientow2.pl\/gardenhit\/produkt\/lezak-ogrodowy-wypoczynkowy-lezanka-lozko-bujane-relax\/#breadcrumb","itemListElement":[{"@type":"ListItem","position":1,"name":"Strona g\u0142\u00f3wna","item":"https:\/\/demo3.pozyskujklientow2.pl\/gardenhit\/"},{"@type":"ListItem","position":2,"name":"Sklep","item":"https:\/\/demo3.pozyskujklientow2.pl\/gardenhit\/sklep\/"},{"@type":"ListItem","position":3,"name":"Le\u017cak ogrodowy wypoczynkowy le\u017canka \u0142\u00f3\u017cko bujane RELAX"}]},{"@type":"WebSite","@id":"https:\/\/demo3.pozyskujklientow2.pl\/gardenhit\/#website","url":"https:\/\/demo3.pozyskujklientow2.pl\/gardenhit\/","name":"Gardenhit","description":"Meble ogrodowe","publisher":{"@id":"https:\/\/demo3.pozyskujklientow2.pl\/gardenhit\/#organization"},"potentialAction":[{"@type":"SearchAction","target":{"@type":"EntryPoint","urlTemplate":"https:\/\/demo3.pozyskujklientow2.pl\/gardenhit\/?s={search_term_string}"},"query-input":{"@type":"PropertyValueSpecification","valueRequired":true,"valueName":"search_term_string"}}],"inLanguage":"pl-PL"},{"@type":"Organization","@id":"https:\/\/demo3.pozyskujklientow2.pl\/gardenhit\/#organization","name":"Gardenhit","url":"https:\/\/demo3.pozyskujklientow2.pl\/gardenhit\/","logo":{"@type":"ImageObject","inLanguage":"pl-PL","@id":"https:\/\/demo3.pozyskujklientow2.pl\/gardenhit\/#\/schema\/logo\/image\/","url":"https:\/\/demo3.pozyskujklientow2.pl\/gardenhit\/wp-content\/uploads\/2023\/09\/logo-gardenhit.png","contentUrl":"https:\/\/demo3.pozyskujklientow2.pl\/gardenhit\/wp-content\/uploads\/2023\/09\/logo-gardenhit.png","width":278,"height":215,"caption":"Gardenhit"},"image":{"@id":"https:\/\/demo3.pozyskujklientow2.pl\/gardenhit\/#\/schema\/logo\/image\/"}}]}},"_links":{"self":[{"href":"https:\/\/demo3.pozyskujklientow2.pl\/gardenhit\/wp-json\/wp\/v2\/product\/3155","targetHints":{"allow":["GET"]}}],"collection":[{"href":"https:\/\/demo3.pozyskujklientow2.pl\/gardenhit\/wp-json\/wp\/v2\/product"}],"about":[{"href":"https:\/\/demo3.pozyskujklientow2.pl\/gardenhit\/wp-json\/wp\/v2\/types\/product"}],"replies":[{"embeddable":true,"href":"https:\/\/demo3.pozyskujklientow2.pl\/gardenhit\/wp-json\/wp\/v2\/comments?post=3155"}],"wp:featuredmedia":[{"embeddable":true,"href":"https:\/\/demo3.pozyskujklientow2.pl\/gardenhit\/wp-json\/wp\/v2\/media\/3161"}],"wp:attachment":[{"href":"https:\/\/demo3.pozyskujklientow2.pl\/gardenhit\/wp-json\/wp\/v2\/media?parent=3155"}],"wp:term":[{"taxonomy":"product_brand","embeddable":true,"href":"https:\/\/demo3.pozyskujklientow2.pl\/gardenhit\/wp-json\/wp\/v2\/product_brand?post=3155"},{"taxonomy":"product_cat","embeddable":true,"href":"https:\/\/demo3.pozyskujklientow2.pl\/gardenhit\/wp-json\/wp\/v2\/product_cat?post=3155"},{"taxonomy":"product_tag","embeddable":true,"href":"https:\/\/demo3.pozyskujklientow2.pl\/gardenhit\/wp-json\/wp\/v2\/product_tag?post=3155"}],"curies":[{"name":"wp","href":"https:\/\/api.w.org\/{rel}","templated":true}]}}