{"id":3140,"date":"2026-04-07T15:50:20","date_gmt":"2026-04-07T13:50:20","guid":{"rendered":"https:\/\/demo3.pozyskujklientow2.pl\/gardenhit\/?post_type=product&#038;p=3140"},"modified":"2026-04-07T19:29:20","modified_gmt":"2026-04-07T17:29:20","slug":"zestaw-mebli-ogrodowych-technorattan-boho-uszak","status":"publish","type":"product","link":"https:\/\/demo3.pozyskujklientow2.pl\/gardenhit\/produkt\/zestaw-mebli-ogrodowych-technorattan-boho-uszak\/","title":{"rendered":"Zestaw mebli ogrodowych technorattan boho uszak"},"content":{"rendered":"<p>Zestaw BOHO charakteryzuje:<\/p>\n<p>Komfort u\u017cytkowania.<br \/>\nElegancki wygl\u0105d.<br \/>\n\u0141atwo\u015b\u0107 w utrzymaniu czysto\u015bci.<br \/>\nWytrzyma\u0142e i wygodne poduszki siedziskowe ze \u015bci\u0105ganym pokrowcem.<br \/>\nFunkcjonalny stolik ze szklanym blatem ze szk\u0142a hartowanego.<br \/>\nWysoka odporno\u015b\u0107 na promieniowanie UV.<br \/>\n\u0141atwy monta\u017c.<br \/>\nNowoczesny kszta\u0142t.<\/p>\n<p>Zestaw dost\u0119pny jest w dw\u00f3ch wariantach:<br \/>\nWszystkie poduszki ecru lub wszystkie poduszki jasnoszare.<\/p>\n<p>Sk\u0142ad zestawu:<br \/>\nDwa krzes\u0142a z poduszkami, dwa podn\u00f3\u017cki z poduszkami, stolik.<br \/>\nKolor poduszek: ecru, jasnoszary<\/p>\n<p>Wymiary zestawu:<br \/>\nFotel: 104cm (wysoko\u015b\u0107 ca\u0142k.) x 70cm (szeroko\u015b\u0107 ca\u0142.) x 74cm (g\u0142\u0119boko\u015b\u0107)<br \/>\nPodn\u00f3\u017cek: 48cm (wysoko\u015b\u0107 z poduszk\u0105) x 65cm (szeroko\u015b\u0107) x 50cm (d\u0142ugo\u015b\u0107)<br \/>\nSt\u00f3\u0142: 45cm (wysoko\u015b\u0107) x 50cm (szer i wys blatu)<\/p>\n<p>Elementy stalowe nale\u017cy okresowo zabezpiecza\u0107 farb\u0105 antykorozyjn\u0105.<\/p>\n<p>-Odbi\u00f3r osobisty<br \/>\nProsimy o kontakt od poniedzia\u0142ku do pi\u0105tku w godzinach 08:00-15:00<br \/>\nP\u0142atno\u015b\u0107 got\u00f3wk\u0105 lub przelewem natychmiastowym.<\/p>\n<p>Zapraszamy do zakupu.<br \/>\nNa ka\u017cdy towar zakupiony na naszych aukcjach otrzymasz paragon lub faktur\u0119 VAT.<\/p>\n<p>UWAGI:<br \/>\n*- Produkt nie ulegnie zniszczeniu pod wp\u0142ywem niewielkiej ilo\u015bci wody czy innych p\u0142yn\u00f3w. Mo\u017cna swobodnie korzysta\u0107 z niego na zewn\u0105trz, r\u00f3wnie\u017c w trakcie niewielkich opad\u00f3w deszczu, czy wilgotnego powietrza. Obfite opady deszczu, czy du\u017ce ilo\u015bci wody, mog\u0105 jednak powodowa\u0107 uszkodzenia. Aby zapewni\u0107 jak najlepszy wygl\u0105d i funkcjonalno\u015b\u0107, zalecamy przestrzega\u0107 instrukcji u\u017cytkowania produktu.<br \/>\n*- Nie powinno si\u0119 siada\u0107 na rozgrzanym produkcie, mo\u017ce to spowodowa\u0107 naci\u0105gni\u0119cie materia\u0142u.<\/p>\n","protected":false},"excerpt":{"rendered":"<p>Zestaw BOHO charakteryzuje: Komfort u\u017cytkowania. Elegancki wygl\u0105d. \u0141atwo\u015b\u0107 w utrzymaniu czysto\u015bci. Wytrzyma\u0142e i wygodne poduszki siedziskowe ze \u015bci\u0105ganym pokrowcem. Funkcjonalny stolik ze szklanym blatem ze szk\u0142a hartowanego. Wysoka odporno\u015b\u0107 na promieniowanie UV. \u0141atwy monta\u017c. Nowoczesny kszta\u0142t. Zestaw dost\u0119pny jest w dw\u00f3ch wariantach: Wszystkie poduszki ecru lub wszystkie poduszki jasnoszare. Sk\u0142ad zestawu: Dwa krzes\u0142a z poduszkami, [&hellip;]<\/p>\n","protected":false},"featured_media":3146,"comment_status":"closed","ping_status":"closed","template":"","meta":[],"product_brand":[],"product_cat":[102],"product_tag":[],"class_list":{"0":"post-3140","1":"product","2":"type-product","3":"status-publish","4":"has-post-thumbnail","6":"product_cat-meble-ogrodowe","8":"first","9":"instock","10":"shipping-taxable","11":"purchasable","12":"product-type-simple"},"yoast_head":"<!-- This site is optimized with the Yoast SEO plugin v27.4 - https:\/\/yoast.com\/product\/yoast-seo-wordpress\/ -->\n<title>Zestaw mebli ogrodowych technorattan boho uszak \u2b50 Trwa\u0142e i Oryginalne Meble w Atrakcyjnej Cenie - Gardenhit<\/title>\n<meta name=\"description\" content=\"Polski producent MebleDrewniane24.pl zaprasza \u261d Zestaw mebli ogrodowych technorattan boho uszak \u2b50 Meble z drewna do Twojego mieszkania i domu - zapraszamy!\" \/>\n<meta name=\"robots\" content=\"index, follow, max-snippet:-1, max-image-preview:large, max-video-preview:-1\" \/>\n<link rel=\"canonical\" href=\"https:\/\/demo3.pozyskujklientow2.pl\/gardenhit\/produkt\/zestaw-mebli-ogrodowych-technorattan-boho-uszak\/\" \/>\n<meta property=\"og:locale\" content=\"pl_PL\" \/>\n<meta property=\"og:type\" content=\"article\" \/>\n<meta property=\"og:title\" content=\"Zestaw mebli ogrodowych technorattan boho uszak \u2b50 Trwa\u0142e i Oryginalne Meble w Atrakcyjnej Cenie - Gardenhit\" \/>\n<meta property=\"og:description\" content=\"Polski producent MebleDrewniane24.pl zaprasza \u261d Zestaw mebli ogrodowych technorattan boho uszak \u2b50 Meble z drewna do Twojego mieszkania i domu - zapraszamy!\" \/>\n<meta property=\"og:url\" content=\"https:\/\/demo3.pozyskujklientow2.pl\/gardenhit\/produkt\/zestaw-mebli-ogrodowych-technorattan-boho-uszak\/\" \/>\n<meta property=\"og:site_name\" content=\"Gardenhit\" \/>\n<meta property=\"article:modified_time\" content=\"2026-04-07T17:29:20+00:00\" \/>\n<meta property=\"og:image\" content=\"https:\/\/demo3.pozyskujklientow2.pl\/gardenhit\/wp-content\/uploads\/2026\/04\/PROMOCJA-Zestaw-mebli-ogrodowych-technorattan-boho-uszak-1.webp\" \/>\n\t<meta property=\"og:image:width\" content=\"1000\" \/>\n\t<meta property=\"og:image:height\" content=\"646\" \/>\n\t<meta property=\"og:image:type\" content=\"image\/webp\" \/>\n<meta name=\"twitter:card\" content=\"summary_large_image\" \/>\n<meta name=\"twitter:label1\" content=\"Szacowany czas czytania\" \/>\n\t<meta name=\"twitter:data1\" content=\"2 minuty\" \/>\n<script type=\"application\/ld+json\" class=\"yoast-schema-graph\">{\"@context\":\"https:\\\/\\\/schema.org\",\"@graph\":[{\"@type\":\"WebPage\",\"@id\":\"https:\\\/\\\/demo3.pozyskujklientow2.pl\\\/gardenhit\\\/produkt\\\/zestaw-mebli-ogrodowych-technorattan-boho-uszak\\\/\",\"url\":\"https:\\\/\\\/demo3.pozyskujklientow2.pl\\\/gardenhit\\\/produkt\\\/zestaw-mebli-ogrodowych-technorattan-boho-uszak\\\/\",\"name\":\"Zestaw mebli ogrodowych technorattan boho uszak \u2b50 Trwa\u0142e i Oryginalne Meble w Atrakcyjnej Cenie - Gardenhit\",\"isPartOf\":{\"@id\":\"https:\\\/\\\/demo3.pozyskujklientow2.pl\\\/gardenhit\\\/#website\"},\"primaryImageOfPage\":{\"@id\":\"https:\\\/\\\/demo3.pozyskujklientow2.pl\\\/gardenhit\\\/produkt\\\/zestaw-mebli-ogrodowych-technorattan-boho-uszak\\\/#primaryimage\"},\"image\":{\"@id\":\"https:\\\/\\\/demo3.pozyskujklientow2.pl\\\/gardenhit\\\/produkt\\\/zestaw-mebli-ogrodowych-technorattan-boho-uszak\\\/#primaryimage\"},\"thumbnailUrl\":\"https:\\\/\\\/demo3.pozyskujklientow2.pl\\\/gardenhit\\\/wp-content\\\/uploads\\\/2026\\\/04\\\/PROMOCJA-Zestaw-mebli-ogrodowych-technorattan-boho-uszak-1.webp\",\"datePublished\":\"2026-04-07T13:50:20+00:00\",\"dateModified\":\"2026-04-07T17:29:20+00:00\",\"description\":\"Polski producent MebleDrewniane24.pl zaprasza \u261d Zestaw mebli ogrodowych technorattan boho uszak \u2b50 Meble z drewna do Twojego mieszkania i domu - zapraszamy!\",\"breadcrumb\":{\"@id\":\"https:\\\/\\\/demo3.pozyskujklientow2.pl\\\/gardenhit\\\/produkt\\\/zestaw-mebli-ogrodowych-technorattan-boho-uszak\\\/#breadcrumb\"},\"inLanguage\":\"pl-PL\",\"potentialAction\":[{\"@type\":\"ReadAction\",\"target\":[\"https:\\\/\\\/demo3.pozyskujklientow2.pl\\\/gardenhit\\\/produkt\\\/zestaw-mebli-ogrodowych-technorattan-boho-uszak\\\/\"]}]},{\"@type\":\"ImageObject\",\"inLanguage\":\"pl-PL\",\"@id\":\"https:\\\/\\\/demo3.pozyskujklientow2.pl\\\/gardenhit\\\/produkt\\\/zestaw-mebli-ogrodowych-technorattan-boho-uszak\\\/#primaryimage\",\"url\":\"https:\\\/\\\/demo3.pozyskujklientow2.pl\\\/gardenhit\\\/wp-content\\\/uploads\\\/2026\\\/04\\\/PROMOCJA-Zestaw-mebli-ogrodowych-technorattan-boho-uszak-1.webp\",\"contentUrl\":\"https:\\\/\\\/demo3.pozyskujklientow2.pl\\\/gardenhit\\\/wp-content\\\/uploads\\\/2026\\\/04\\\/PROMOCJA-Zestaw-mebli-ogrodowych-technorattan-boho-uszak-1.webp\",\"width\":1000,\"height\":646},{\"@type\":\"BreadcrumbList\",\"@id\":\"https:\\\/\\\/demo3.pozyskujklientow2.pl\\\/gardenhit\\\/produkt\\\/zestaw-mebli-ogrodowych-technorattan-boho-uszak\\\/#breadcrumb\",\"itemListElement\":[{\"@type\":\"ListItem\",\"position\":1,\"name\":\"Strona g\u0142\u00f3wna\",\"item\":\"https:\\\/\\\/demo3.pozyskujklientow2.pl\\\/gardenhit\\\/\"},{\"@type\":\"ListItem\",\"position\":2,\"name\":\"Sklep\",\"item\":\"https:\\\/\\\/demo3.pozyskujklientow2.pl\\\/gardenhit\\\/sklep\\\/\"},{\"@type\":\"ListItem\",\"position\":3,\"name\":\"Zestaw mebli ogrodowych technorattan boho uszak\"}]},{\"@type\":\"WebSite\",\"@id\":\"https:\\\/\\\/demo3.pozyskujklientow2.pl\\\/gardenhit\\\/#website\",\"url\":\"https:\\\/\\\/demo3.pozyskujklientow2.pl\\\/gardenhit\\\/\",\"name\":\"Gardenhit\",\"description\":\"Meble ogrodowe\",\"publisher\":{\"@id\":\"https:\\\/\\\/demo3.pozyskujklientow2.pl\\\/gardenhit\\\/#organization\"},\"potentialAction\":[{\"@type\":\"SearchAction\",\"target\":{\"@type\":\"EntryPoint\",\"urlTemplate\":\"https:\\\/\\\/demo3.pozyskujklientow2.pl\\\/gardenhit\\\/?s={search_term_string}\"},\"query-input\":{\"@type\":\"PropertyValueSpecification\",\"valueRequired\":true,\"valueName\":\"search_term_string\"}}],\"inLanguage\":\"pl-PL\"},{\"@type\":\"Organization\",\"@id\":\"https:\\\/\\\/demo3.pozyskujklientow2.pl\\\/gardenhit\\\/#organization\",\"name\":\"Gardenhit\",\"url\":\"https:\\\/\\\/demo3.pozyskujklientow2.pl\\\/gardenhit\\\/\",\"logo\":{\"@type\":\"ImageObject\",\"inLanguage\":\"pl-PL\",\"@id\":\"https:\\\/\\\/demo3.pozyskujklientow2.pl\\\/gardenhit\\\/#\\\/schema\\\/logo\\\/image\\\/\",\"url\":\"https:\\\/\\\/demo3.pozyskujklientow2.pl\\\/gardenhit\\\/wp-content\\\/uploads\\\/2023\\\/09\\\/logo-gardenhit.png\",\"contentUrl\":\"https:\\\/\\\/demo3.pozyskujklientow2.pl\\\/gardenhit\\\/wp-content\\\/uploads\\\/2023\\\/09\\\/logo-gardenhit.png\",\"width\":278,\"height\":215,\"caption\":\"Gardenhit\"},\"image\":{\"@id\":\"https:\\\/\\\/demo3.pozyskujklientow2.pl\\\/gardenhit\\\/#\\\/schema\\\/logo\\\/image\\\/\"}}]}<\/script>\n<!-- \/ Yoast SEO plugin. -->","yoast_head_json":{"title":"Zestaw mebli ogrodowych technorattan boho uszak \u2b50 Trwa\u0142e i Oryginalne Meble w Atrakcyjnej Cenie - Gardenhit","description":"Polski producent MebleDrewniane24.pl zaprasza \u261d Zestaw mebli ogrodowych technorattan boho uszak \u2b50 Meble z drewna do Twojego mieszkania i domu - zapraszamy!","robots":{"index":"index","follow":"follow","max-snippet":"max-snippet:-1","max-image-preview":"max-image-preview:large","max-video-preview":"max-video-preview:-1"},"canonical":"https:\/\/demo3.pozyskujklientow2.pl\/gardenhit\/produkt\/zestaw-mebli-ogrodowych-technorattan-boho-uszak\/","og_locale":"pl_PL","og_type":"article","og_title":"Zestaw mebli ogrodowych technorattan boho uszak \u2b50 Trwa\u0142e i Oryginalne Meble w Atrakcyjnej Cenie - Gardenhit","og_description":"Polski producent MebleDrewniane24.pl zaprasza \u261d Zestaw mebli ogrodowych technorattan boho uszak \u2b50 Meble z drewna do Twojego mieszkania i domu - zapraszamy!","og_url":"https:\/\/demo3.pozyskujklientow2.pl\/gardenhit\/produkt\/zestaw-mebli-ogrodowych-technorattan-boho-uszak\/","og_site_name":"Gardenhit","article_modified_time":"2026-04-07T17:29:20+00:00","og_image":[{"width":1000,"height":646,"url":"https:\/\/demo3.pozyskujklientow2.pl\/gardenhit\/wp-content\/uploads\/2026\/04\/PROMOCJA-Zestaw-mebli-ogrodowych-technorattan-boho-uszak-1.webp","type":"image\/webp"}],"twitter_card":"summary_large_image","twitter_misc":{"Szacowany czas czytania":"2 minuty"},"schema":{"@context":"https:\/\/schema.org","@graph":[{"@type":"WebPage","@id":"https:\/\/demo3.pozyskujklientow2.pl\/gardenhit\/produkt\/zestaw-mebli-ogrodowych-technorattan-boho-uszak\/","url":"https:\/\/demo3.pozyskujklientow2.pl\/gardenhit\/produkt\/zestaw-mebli-ogrodowych-technorattan-boho-uszak\/","name":"Zestaw mebli ogrodowych technorattan boho uszak \u2b50 Trwa\u0142e i Oryginalne Meble w Atrakcyjnej Cenie - Gardenhit","isPartOf":{"@id":"https:\/\/demo3.pozyskujklientow2.pl\/gardenhit\/#website"},"primaryImageOfPage":{"@id":"https:\/\/demo3.pozyskujklientow2.pl\/gardenhit\/produkt\/zestaw-mebli-ogrodowych-technorattan-boho-uszak\/#primaryimage"},"image":{"@id":"https:\/\/demo3.pozyskujklientow2.pl\/gardenhit\/produkt\/zestaw-mebli-ogrodowych-technorattan-boho-uszak\/#primaryimage"},"thumbnailUrl":"https:\/\/demo3.pozyskujklientow2.pl\/gardenhit\/wp-content\/uploads\/2026\/04\/PROMOCJA-Zestaw-mebli-ogrodowych-technorattan-boho-uszak-1.webp","datePublished":"2026-04-07T13:50:20+00:00","dateModified":"2026-04-07T17:29:20+00:00","description":"Polski producent MebleDrewniane24.pl zaprasza \u261d Zestaw mebli ogrodowych technorattan boho uszak \u2b50 Meble z drewna do Twojego mieszkania i domu - zapraszamy!","breadcrumb":{"@id":"https:\/\/demo3.pozyskujklientow2.pl\/gardenhit\/produkt\/zestaw-mebli-ogrodowych-technorattan-boho-uszak\/#breadcrumb"},"inLanguage":"pl-PL","potentialAction":[{"@type":"ReadAction","target":["https:\/\/demo3.pozyskujklientow2.pl\/gardenhit\/produkt\/zestaw-mebli-ogrodowych-technorattan-boho-uszak\/"]}]},{"@type":"ImageObject","inLanguage":"pl-PL","@id":"https:\/\/demo3.pozyskujklientow2.pl\/gardenhit\/produkt\/zestaw-mebli-ogrodowych-technorattan-boho-uszak\/#primaryimage","url":"https:\/\/demo3.pozyskujklientow2.pl\/gardenhit\/wp-content\/uploads\/2026\/04\/PROMOCJA-Zestaw-mebli-ogrodowych-technorattan-boho-uszak-1.webp","contentUrl":"https:\/\/demo3.pozyskujklientow2.pl\/gardenhit\/wp-content\/uploads\/2026\/04\/PROMOCJA-Zestaw-mebli-ogrodowych-technorattan-boho-uszak-1.webp","width":1000,"height":646},{"@type":"BreadcrumbList","@id":"https:\/\/demo3.pozyskujklientow2.pl\/gardenhit\/produkt\/zestaw-mebli-ogrodowych-technorattan-boho-uszak\/#breadcrumb","itemListElement":[{"@type":"ListItem","position":1,"name":"Strona g\u0142\u00f3wna","item":"https:\/\/demo3.pozyskujklientow2.pl\/gardenhit\/"},{"@type":"ListItem","position":2,"name":"Sklep","item":"https:\/\/demo3.pozyskujklientow2.pl\/gardenhit\/sklep\/"},{"@type":"ListItem","position":3,"name":"Zestaw mebli ogrodowych technorattan boho uszak"}]},{"@type":"WebSite","@id":"https:\/\/demo3.pozyskujklientow2.pl\/gardenhit\/#website","url":"https:\/\/demo3.pozyskujklientow2.pl\/gardenhit\/","name":"Gardenhit","description":"Meble ogrodowe","publisher":{"@id":"https:\/\/demo3.pozyskujklientow2.pl\/gardenhit\/#organization"},"potentialAction":[{"@type":"SearchAction","target":{"@type":"EntryPoint","urlTemplate":"https:\/\/demo3.pozyskujklientow2.pl\/gardenhit\/?s={search_term_string}"},"query-input":{"@type":"PropertyValueSpecification","valueRequired":true,"valueName":"search_term_string"}}],"inLanguage":"pl-PL"},{"@type":"Organization","@id":"https:\/\/demo3.pozyskujklientow2.pl\/gardenhit\/#organization","name":"Gardenhit","url":"https:\/\/demo3.pozyskujklientow2.pl\/gardenhit\/","logo":{"@type":"ImageObject","inLanguage":"pl-PL","@id":"https:\/\/demo3.pozyskujklientow2.pl\/gardenhit\/#\/schema\/logo\/image\/","url":"https:\/\/demo3.pozyskujklientow2.pl\/gardenhit\/wp-content\/uploads\/2023\/09\/logo-gardenhit.png","contentUrl":"https:\/\/demo3.pozyskujklientow2.pl\/gardenhit\/wp-content\/uploads\/2023\/09\/logo-gardenhit.png","width":278,"height":215,"caption":"Gardenhit"},"image":{"@id":"https:\/\/demo3.pozyskujklientow2.pl\/gardenhit\/#\/schema\/logo\/image\/"}}]}},"_links":{"self":[{"href":"https:\/\/demo3.pozyskujklientow2.pl\/gardenhit\/wp-json\/wp\/v2\/product\/3140","targetHints":{"allow":["GET"]}}],"collection":[{"href":"https:\/\/demo3.pozyskujklientow2.pl\/gardenhit\/wp-json\/wp\/v2\/product"}],"about":[{"href":"https:\/\/demo3.pozyskujklientow2.pl\/gardenhit\/wp-json\/wp\/v2\/types\/product"}],"replies":[{"embeddable":true,"href":"https:\/\/demo3.pozyskujklientow2.pl\/gardenhit\/wp-json\/wp\/v2\/comments?post=3140"}],"wp:featuredmedia":[{"embeddable":true,"href":"https:\/\/demo3.pozyskujklientow2.pl\/gardenhit\/wp-json\/wp\/v2\/media\/3146"}],"wp:attachment":[{"href":"https:\/\/demo3.pozyskujklientow2.pl\/gardenhit\/wp-json\/wp\/v2\/media?parent=3140"}],"wp:term":[{"taxonomy":"product_brand","embeddable":true,"href":"https:\/\/demo3.pozyskujklientow2.pl\/gardenhit\/wp-json\/wp\/v2\/product_brand?post=3140"},{"taxonomy":"product_cat","embeddable":true,"href":"https:\/\/demo3.pozyskujklientow2.pl\/gardenhit\/wp-json\/wp\/v2\/product_cat?post=3140"},{"taxonomy":"product_tag","embeddable":true,"href":"https:\/\/demo3.pozyskujklientow2.pl\/gardenhit\/wp-json\/wp\/v2\/product_tag?post=3140"}],"curies":[{"name":"wp","href":"https:\/\/api.w.org\/{rel}","templated":true}]}}