{"id":3129,"date":"2026-04-07T15:43:35","date_gmt":"2026-04-07T13:43:35","guid":{"rendered":"https:\/\/demo3.pozyskujklientow2.pl\/gardenhit\/?post_type=product&#038;p=3129"},"modified":"2026-04-08T09:15:03","modified_gmt":"2026-04-08T07:15:03","slug":"palenisko-gazowe-stol-ogrodowy-technorattanowe","status":"publish","type":"product","link":"https:\/\/demo3.pozyskujklientow2.pl\/gardenhit\/produkt\/palenisko-gazowe-stol-ogrodowy-technorattanowe\/","title":{"rendered":"Palenisko gazowe &#8211; st\u00f3\u0142 ogrodowy technorattanowe"},"content":{"rendered":"<p>Tylko odbi\u00f3r osobisty Poniedzia\u0142ek- pi\u0105tek w godzinach 7.00-14.30 PO UPRZEDNIM KONTAKCIE POPRZEZ OLX LUB TELEFONICZNIE.<\/p>\n<p>PALENISKO &#8211; ST\u00d3\u0141 OGRODOWY<\/p>\n<p>Wymiary paleniska:<br \/>\n&#8211; Wysoko\u015b\u0107 ca\u0142kowita 81 cm<br \/>\n&#8211; Wysoko\u015b\u0107 do blatu 65 cm<br \/>\n&#8211; Szeroko\u015b\u0107 ca\u0142kowita 81 cm<br \/>\n&#8211; Szeroko\u015b\u0107 podstawy 51 cm<br \/>\n&#8211; D\u0142ugo\u015b\u0107 ca\u0142kowita 111 cm<br \/>\n&#8211; D\u0142ugo\u015b\u0107 podstawy 80 cm<br \/>\nWymiary szklanego panelu:<br \/>\n&#8211; Wysoko\u015b\u0107 16 cm<br \/>\n&#8211; Szeroko\u015b\u0107 35,5 cm<br \/>\n&#8211; D\u0142ugo\u015b\u0107 76 cm<\/p>\n<p>PROSTY W OBS\u0141UDZE<\/p>\n<p>Palenisko nie wymaga pod\u0142\u0105czenia do sieci elektrycznej jego instalacja jest niezwykle prosta, posiada intuicyjny system sterowania, kt\u00f3ry pozwala kontrolowa\u0107 p\u0142omie\u0144 za pomoc\u0105 jednego pokr\u0119t\u0142a. Wystarczy obr\u00f3ci\u0107 go, aby ustawi\u0107 wysoko\u015b\u0107 p\u0142omienia na po\u017c\u0105danym poziomie.<\/p>\n<p>Informacja dodatkowa:<br \/>\nOgie\u0144 z paleniska jest tylko dekoracj\u0105, nie nale\u017cy ogrzewa\u0107\/przyrz\u0105dza\u0107 nim jedzenia.<br \/>\nButla z gazem nie jest elementem zestawu.<\/p>\n<p>Tylko odbi\u00f3r osobisty PO UPRZEDNIM KONTAKCIE POPRZEZ OLX LUB TELEFONICZNIE.<\/p>\n<p>Zapraszamy do zakupu.<br \/>\nNa ka\u017cdy towar zakupiony na naszych aukcjach otrzymasz paragon lub faktur\u0119 VAT.<\/p>\n<p>UWAGI:<br \/>\n*- Produkt nie ulegnie zniszczeniu pod wp\u0142ywem niewielkiej ilo\u015bci wody czy innych p\u0142yn\u00f3w. Mo\u017cna swobodnie korzysta\u0107 z niego na zewn\u0105trz, r\u00f3wnie\u017c w trakcie niewielkich opad\u00f3w deszczu, czy wilgotnego powietrza. Obfite opady deszczu, czy du\u017ce ilo\u015bci wody, mog\u0105 jednak powodowa\u0107 uszkodzenia. Aby zapewni\u0107 jak najlepszy wygl\u0105d i funkcjonalno\u015b\u0107, zalecamy przestrzega\u0107 instrukcji u\u017cytkowania produktu.<br \/>\n*- Nie powinno si\u0119 siada\u0107 na rozgrzanym produkcie, mo\u017ce to spowodowa\u0107 naci\u0105gni\u0119cie materia\u0142u.<\/p>\n","protected":false},"excerpt":{"rendered":"<p>Tylko odbi\u00f3r osobisty Poniedzia\u0142ek- pi\u0105tek w godzinach 7.00-14.30 PO UPRZEDNIM KONTAKCIE POPRZEZ OLX LUB TELEFONICZNIE. PALENISKO &#8211; ST\u00d3\u0141 OGRODOWY Wymiary paleniska: &#8211; Wysoko\u015b\u0107 ca\u0142kowita 81 cm &#8211; Wysoko\u015b\u0107 do blatu 65 cm &#8211; Szeroko\u015b\u0107 ca\u0142kowita 81 cm &#8211; Szeroko\u015b\u0107 podstawy 51 cm &#8211; D\u0142ugo\u015b\u0107 ca\u0142kowita 111 cm &#8211; D\u0142ugo\u015b\u0107 podstawy 80 cm Wymiary szklanego panelu: [&hellip;]<\/p>\n","protected":false},"featured_media":3130,"comment_status":"closed","ping_status":"closed","template":"","meta":[],"product_brand":[],"product_cat":[103],"product_tag":[],"class_list":{"0":"post-3129","1":"product","2":"type-product","3":"status-publish","4":"has-post-thumbnail","6":"product_cat-stoliki","8":"first","9":"instock","10":"shipping-taxable","11":"purchasable","12":"product-type-simple"},"yoast_head":"<!-- This site is optimized with the Yoast SEO plugin v27.4 - https:\/\/yoast.com\/product\/yoast-seo-wordpress\/ -->\n<title>Palenisko gazowe - st\u00f3\u0142 ogrodowy technorattanowe \u2b50 Trwa\u0142e i Oryginalne Meble w Atrakcyjnej Cenie - Gardenhit<\/title>\n<meta name=\"description\" content=\"Polski producent MebleDrewniane24.pl zaprasza \u261d Palenisko gazowe - st\u00f3\u0142 ogrodowy technorattanowe \u2b50 Meble z drewna do Twojego mieszkania i domu - zapraszamy!\" \/>\n<meta name=\"robots\" content=\"index, follow, max-snippet:-1, max-image-preview:large, max-video-preview:-1\" \/>\n<link rel=\"canonical\" href=\"https:\/\/demo3.pozyskujklientow2.pl\/gardenhit\/produkt\/palenisko-gazowe-stol-ogrodowy-technorattanowe\/\" \/>\n<meta property=\"og:locale\" content=\"pl_PL\" \/>\n<meta property=\"og:type\" content=\"article\" \/>\n<meta property=\"og:title\" content=\"Palenisko gazowe - st\u00f3\u0142 ogrodowy technorattanowe \u2b50 Trwa\u0142e i Oryginalne Meble w Atrakcyjnej Cenie - Gardenhit\" \/>\n<meta property=\"og:description\" content=\"Polski producent MebleDrewniane24.pl zaprasza \u261d Palenisko gazowe - st\u00f3\u0142 ogrodowy technorattanowe \u2b50 Meble z drewna do Twojego mieszkania i domu - zapraszamy!\" \/>\n<meta property=\"og:url\" content=\"https:\/\/demo3.pozyskujklientow2.pl\/gardenhit\/produkt\/palenisko-gazowe-stol-ogrodowy-technorattanowe\/\" \/>\n<meta property=\"og:site_name\" content=\"Gardenhit\" \/>\n<meta property=\"article:modified_time\" content=\"2026-04-08T07:15:03+00:00\" \/>\n<meta property=\"og:image\" content=\"https:\/\/demo3.pozyskujklientow2.pl\/gardenhit\/wp-content\/uploads\/2026\/04\/Palenisko-gazowe-stol-ogrodowy-technorattanowe-1.webp\" \/>\n\t<meta property=\"og:image:width\" content=\"987\" \/>\n\t<meta property=\"og:image:height\" content=\"581\" \/>\n\t<meta property=\"og:image:type\" content=\"image\/webp\" \/>\n<meta name=\"twitter:card\" content=\"summary_large_image\" \/>\n<meta name=\"twitter:label1\" content=\"Szacowany czas czytania\" \/>\n\t<meta name=\"twitter:data1\" content=\"2 minuty\" \/>\n<script type=\"application\/ld+json\" class=\"yoast-schema-graph\">{\"@context\":\"https:\\\/\\\/schema.org\",\"@graph\":[{\"@type\":\"WebPage\",\"@id\":\"https:\\\/\\\/demo3.pozyskujklientow2.pl\\\/gardenhit\\\/produkt\\\/palenisko-gazowe-stol-ogrodowy-technorattanowe\\\/\",\"url\":\"https:\\\/\\\/demo3.pozyskujklientow2.pl\\\/gardenhit\\\/produkt\\\/palenisko-gazowe-stol-ogrodowy-technorattanowe\\\/\",\"name\":\"Palenisko gazowe - st\u00f3\u0142 ogrodowy technorattanowe \u2b50 Trwa\u0142e i Oryginalne Meble w Atrakcyjnej Cenie - Gardenhit\",\"isPartOf\":{\"@id\":\"https:\\\/\\\/demo3.pozyskujklientow2.pl\\\/gardenhit\\\/#website\"},\"primaryImageOfPage\":{\"@id\":\"https:\\\/\\\/demo3.pozyskujklientow2.pl\\\/gardenhit\\\/produkt\\\/palenisko-gazowe-stol-ogrodowy-technorattanowe\\\/#primaryimage\"},\"image\":{\"@id\":\"https:\\\/\\\/demo3.pozyskujklientow2.pl\\\/gardenhit\\\/produkt\\\/palenisko-gazowe-stol-ogrodowy-technorattanowe\\\/#primaryimage\"},\"thumbnailUrl\":\"https:\\\/\\\/demo3.pozyskujklientow2.pl\\\/gardenhit\\\/wp-content\\\/uploads\\\/2026\\\/04\\\/Palenisko-gazowe-stol-ogrodowy-technorattanowe-1.webp\",\"datePublished\":\"2026-04-07T13:43:35+00:00\",\"dateModified\":\"2026-04-08T07:15:03+00:00\",\"description\":\"Polski producent MebleDrewniane24.pl zaprasza \u261d Palenisko gazowe - st\u00f3\u0142 ogrodowy technorattanowe \u2b50 Meble z drewna do Twojego mieszkania i domu - zapraszamy!\",\"breadcrumb\":{\"@id\":\"https:\\\/\\\/demo3.pozyskujklientow2.pl\\\/gardenhit\\\/produkt\\\/palenisko-gazowe-stol-ogrodowy-technorattanowe\\\/#breadcrumb\"},\"inLanguage\":\"pl-PL\",\"potentialAction\":[{\"@type\":\"ReadAction\",\"target\":[\"https:\\\/\\\/demo3.pozyskujklientow2.pl\\\/gardenhit\\\/produkt\\\/palenisko-gazowe-stol-ogrodowy-technorattanowe\\\/\"]}]},{\"@type\":\"ImageObject\",\"inLanguage\":\"pl-PL\",\"@id\":\"https:\\\/\\\/demo3.pozyskujklientow2.pl\\\/gardenhit\\\/produkt\\\/palenisko-gazowe-stol-ogrodowy-technorattanowe\\\/#primaryimage\",\"url\":\"https:\\\/\\\/demo3.pozyskujklientow2.pl\\\/gardenhit\\\/wp-content\\\/uploads\\\/2026\\\/04\\\/Palenisko-gazowe-stol-ogrodowy-technorattanowe-1.webp\",\"contentUrl\":\"https:\\\/\\\/demo3.pozyskujklientow2.pl\\\/gardenhit\\\/wp-content\\\/uploads\\\/2026\\\/04\\\/Palenisko-gazowe-stol-ogrodowy-technorattanowe-1.webp\",\"width\":987,\"height\":581},{\"@type\":\"BreadcrumbList\",\"@id\":\"https:\\\/\\\/demo3.pozyskujklientow2.pl\\\/gardenhit\\\/produkt\\\/palenisko-gazowe-stol-ogrodowy-technorattanowe\\\/#breadcrumb\",\"itemListElement\":[{\"@type\":\"ListItem\",\"position\":1,\"name\":\"Strona g\u0142\u00f3wna\",\"item\":\"https:\\\/\\\/demo3.pozyskujklientow2.pl\\\/gardenhit\\\/\"},{\"@type\":\"ListItem\",\"position\":2,\"name\":\"Sklep\",\"item\":\"https:\\\/\\\/demo3.pozyskujklientow2.pl\\\/gardenhit\\\/sklep\\\/\"},{\"@type\":\"ListItem\",\"position\":3,\"name\":\"Palenisko gazowe &#8211; st\u00f3\u0142 ogrodowy technorattanowe\"}]},{\"@type\":\"WebSite\",\"@id\":\"https:\\\/\\\/demo3.pozyskujklientow2.pl\\\/gardenhit\\\/#website\",\"url\":\"https:\\\/\\\/demo3.pozyskujklientow2.pl\\\/gardenhit\\\/\",\"name\":\"Gardenhit\",\"description\":\"Meble ogrodowe\",\"publisher\":{\"@id\":\"https:\\\/\\\/demo3.pozyskujklientow2.pl\\\/gardenhit\\\/#organization\"},\"potentialAction\":[{\"@type\":\"SearchAction\",\"target\":{\"@type\":\"EntryPoint\",\"urlTemplate\":\"https:\\\/\\\/demo3.pozyskujklientow2.pl\\\/gardenhit\\\/?s={search_term_string}\"},\"query-input\":{\"@type\":\"PropertyValueSpecification\",\"valueRequired\":true,\"valueName\":\"search_term_string\"}}],\"inLanguage\":\"pl-PL\"},{\"@type\":\"Organization\",\"@id\":\"https:\\\/\\\/demo3.pozyskujklientow2.pl\\\/gardenhit\\\/#organization\",\"name\":\"Gardenhit\",\"url\":\"https:\\\/\\\/demo3.pozyskujklientow2.pl\\\/gardenhit\\\/\",\"logo\":{\"@type\":\"ImageObject\",\"inLanguage\":\"pl-PL\",\"@id\":\"https:\\\/\\\/demo3.pozyskujklientow2.pl\\\/gardenhit\\\/#\\\/schema\\\/logo\\\/image\\\/\",\"url\":\"https:\\\/\\\/demo3.pozyskujklientow2.pl\\\/gardenhit\\\/wp-content\\\/uploads\\\/2023\\\/09\\\/logo-gardenhit.png\",\"contentUrl\":\"https:\\\/\\\/demo3.pozyskujklientow2.pl\\\/gardenhit\\\/wp-content\\\/uploads\\\/2023\\\/09\\\/logo-gardenhit.png\",\"width\":278,\"height\":215,\"caption\":\"Gardenhit\"},\"image\":{\"@id\":\"https:\\\/\\\/demo3.pozyskujklientow2.pl\\\/gardenhit\\\/#\\\/schema\\\/logo\\\/image\\\/\"}}]}<\/script>\n<!-- \/ Yoast SEO plugin. -->","yoast_head_json":{"title":"Palenisko gazowe - st\u00f3\u0142 ogrodowy technorattanowe \u2b50 Trwa\u0142e i Oryginalne Meble w Atrakcyjnej Cenie - Gardenhit","description":"Polski producent MebleDrewniane24.pl zaprasza \u261d Palenisko gazowe - st\u00f3\u0142 ogrodowy technorattanowe \u2b50 Meble z drewna do Twojego mieszkania i domu - zapraszamy!","robots":{"index":"index","follow":"follow","max-snippet":"max-snippet:-1","max-image-preview":"max-image-preview:large","max-video-preview":"max-video-preview:-1"},"canonical":"https:\/\/demo3.pozyskujklientow2.pl\/gardenhit\/produkt\/palenisko-gazowe-stol-ogrodowy-technorattanowe\/","og_locale":"pl_PL","og_type":"article","og_title":"Palenisko gazowe - st\u00f3\u0142 ogrodowy technorattanowe \u2b50 Trwa\u0142e i Oryginalne Meble w Atrakcyjnej Cenie - Gardenhit","og_description":"Polski producent MebleDrewniane24.pl zaprasza \u261d Palenisko gazowe - st\u00f3\u0142 ogrodowy technorattanowe \u2b50 Meble z drewna do Twojego mieszkania i domu - zapraszamy!","og_url":"https:\/\/demo3.pozyskujklientow2.pl\/gardenhit\/produkt\/palenisko-gazowe-stol-ogrodowy-technorattanowe\/","og_site_name":"Gardenhit","article_modified_time":"2026-04-08T07:15:03+00:00","og_image":[{"width":987,"height":581,"url":"https:\/\/demo3.pozyskujklientow2.pl\/gardenhit\/wp-content\/uploads\/2026\/04\/Palenisko-gazowe-stol-ogrodowy-technorattanowe-1.webp","type":"image\/webp"}],"twitter_card":"summary_large_image","twitter_misc":{"Szacowany czas czytania":"2 minuty"},"schema":{"@context":"https:\/\/schema.org","@graph":[{"@type":"WebPage","@id":"https:\/\/demo3.pozyskujklientow2.pl\/gardenhit\/produkt\/palenisko-gazowe-stol-ogrodowy-technorattanowe\/","url":"https:\/\/demo3.pozyskujklientow2.pl\/gardenhit\/produkt\/palenisko-gazowe-stol-ogrodowy-technorattanowe\/","name":"Palenisko gazowe - st\u00f3\u0142 ogrodowy technorattanowe \u2b50 Trwa\u0142e i Oryginalne Meble w Atrakcyjnej Cenie - Gardenhit","isPartOf":{"@id":"https:\/\/demo3.pozyskujklientow2.pl\/gardenhit\/#website"},"primaryImageOfPage":{"@id":"https:\/\/demo3.pozyskujklientow2.pl\/gardenhit\/produkt\/palenisko-gazowe-stol-ogrodowy-technorattanowe\/#primaryimage"},"image":{"@id":"https:\/\/demo3.pozyskujklientow2.pl\/gardenhit\/produkt\/palenisko-gazowe-stol-ogrodowy-technorattanowe\/#primaryimage"},"thumbnailUrl":"https:\/\/demo3.pozyskujklientow2.pl\/gardenhit\/wp-content\/uploads\/2026\/04\/Palenisko-gazowe-stol-ogrodowy-technorattanowe-1.webp","datePublished":"2026-04-07T13:43:35+00:00","dateModified":"2026-04-08T07:15:03+00:00","description":"Polski producent MebleDrewniane24.pl zaprasza \u261d Palenisko gazowe - st\u00f3\u0142 ogrodowy technorattanowe \u2b50 Meble z drewna do Twojego mieszkania i domu - zapraszamy!","breadcrumb":{"@id":"https:\/\/demo3.pozyskujklientow2.pl\/gardenhit\/produkt\/palenisko-gazowe-stol-ogrodowy-technorattanowe\/#breadcrumb"},"inLanguage":"pl-PL","potentialAction":[{"@type":"ReadAction","target":["https:\/\/demo3.pozyskujklientow2.pl\/gardenhit\/produkt\/palenisko-gazowe-stol-ogrodowy-technorattanowe\/"]}]},{"@type":"ImageObject","inLanguage":"pl-PL","@id":"https:\/\/demo3.pozyskujklientow2.pl\/gardenhit\/produkt\/palenisko-gazowe-stol-ogrodowy-technorattanowe\/#primaryimage","url":"https:\/\/demo3.pozyskujklientow2.pl\/gardenhit\/wp-content\/uploads\/2026\/04\/Palenisko-gazowe-stol-ogrodowy-technorattanowe-1.webp","contentUrl":"https:\/\/demo3.pozyskujklientow2.pl\/gardenhit\/wp-content\/uploads\/2026\/04\/Palenisko-gazowe-stol-ogrodowy-technorattanowe-1.webp","width":987,"height":581},{"@type":"BreadcrumbList","@id":"https:\/\/demo3.pozyskujklientow2.pl\/gardenhit\/produkt\/palenisko-gazowe-stol-ogrodowy-technorattanowe\/#breadcrumb","itemListElement":[{"@type":"ListItem","position":1,"name":"Strona g\u0142\u00f3wna","item":"https:\/\/demo3.pozyskujklientow2.pl\/gardenhit\/"},{"@type":"ListItem","position":2,"name":"Sklep","item":"https:\/\/demo3.pozyskujklientow2.pl\/gardenhit\/sklep\/"},{"@type":"ListItem","position":3,"name":"Palenisko gazowe &#8211; st\u00f3\u0142 ogrodowy technorattanowe"}]},{"@type":"WebSite","@id":"https:\/\/demo3.pozyskujklientow2.pl\/gardenhit\/#website","url":"https:\/\/demo3.pozyskujklientow2.pl\/gardenhit\/","name":"Gardenhit","description":"Meble ogrodowe","publisher":{"@id":"https:\/\/demo3.pozyskujklientow2.pl\/gardenhit\/#organization"},"potentialAction":[{"@type":"SearchAction","target":{"@type":"EntryPoint","urlTemplate":"https:\/\/demo3.pozyskujklientow2.pl\/gardenhit\/?s={search_term_string}"},"query-input":{"@type":"PropertyValueSpecification","valueRequired":true,"valueName":"search_term_string"}}],"inLanguage":"pl-PL"},{"@type":"Organization","@id":"https:\/\/demo3.pozyskujklientow2.pl\/gardenhit\/#organization","name":"Gardenhit","url":"https:\/\/demo3.pozyskujklientow2.pl\/gardenhit\/","logo":{"@type":"ImageObject","inLanguage":"pl-PL","@id":"https:\/\/demo3.pozyskujklientow2.pl\/gardenhit\/#\/schema\/logo\/image\/","url":"https:\/\/demo3.pozyskujklientow2.pl\/gardenhit\/wp-content\/uploads\/2023\/09\/logo-gardenhit.png","contentUrl":"https:\/\/demo3.pozyskujklientow2.pl\/gardenhit\/wp-content\/uploads\/2023\/09\/logo-gardenhit.png","width":278,"height":215,"caption":"Gardenhit"},"image":{"@id":"https:\/\/demo3.pozyskujklientow2.pl\/gardenhit\/#\/schema\/logo\/image\/"}}]}},"_links":{"self":[{"href":"https:\/\/demo3.pozyskujklientow2.pl\/gardenhit\/wp-json\/wp\/v2\/product\/3129","targetHints":{"allow":["GET"]}}],"collection":[{"href":"https:\/\/demo3.pozyskujklientow2.pl\/gardenhit\/wp-json\/wp\/v2\/product"}],"about":[{"href":"https:\/\/demo3.pozyskujklientow2.pl\/gardenhit\/wp-json\/wp\/v2\/types\/product"}],"replies":[{"embeddable":true,"href":"https:\/\/demo3.pozyskujklientow2.pl\/gardenhit\/wp-json\/wp\/v2\/comments?post=3129"}],"wp:featuredmedia":[{"embeddable":true,"href":"https:\/\/demo3.pozyskujklientow2.pl\/gardenhit\/wp-json\/wp\/v2\/media\/3130"}],"wp:attachment":[{"href":"https:\/\/demo3.pozyskujklientow2.pl\/gardenhit\/wp-json\/wp\/v2\/media?parent=3129"}],"wp:term":[{"taxonomy":"product_brand","embeddable":true,"href":"https:\/\/demo3.pozyskujklientow2.pl\/gardenhit\/wp-json\/wp\/v2\/product_brand?post=3129"},{"taxonomy":"product_cat","embeddable":true,"href":"https:\/\/demo3.pozyskujklientow2.pl\/gardenhit\/wp-json\/wp\/v2\/product_cat?post=3129"},{"taxonomy":"product_tag","embeddable":true,"href":"https:\/\/demo3.pozyskujklientow2.pl\/gardenhit\/wp-json\/wp\/v2\/product_tag?post=3129"}],"curies":[{"name":"wp","href":"https:\/\/api.w.org\/{rel}","templated":true}]}}