{"id":3121,"date":"2026-04-07T15:40:31","date_gmt":"2026-04-07T13:40:31","guid":{"rendered":"https:\/\/demo3.pozyskujklientow2.pl\/gardenhit\/?post_type=product&#038;p=3121"},"modified":"2026-04-07T19:29:43","modified_gmt":"2026-04-07T17:29:43","slug":"zestaw-mebli-ogrodowych-technnorattan-4-os-fotele-sofa-stolik-poduszki","status":"publish","type":"product","link":"https:\/\/demo3.pozyskujklientow2.pl\/gardenhit\/produkt\/zestaw-mebli-ogrodowych-technnorattan-4-os-fotele-sofa-stolik-poduszki\/","title":{"rendered":"Zestaw mebli ogrodowych technnorattan 4 os Fotele Sofa Stolik Poduszki"},"content":{"rendered":"<p>Zestaw mebli ogrodowych charakteryzuje:<\/p>\n<p>Wyj\u0105tkowy komfort u\u017cytkowania.<br \/>\nElegancki wygl\u0105d.<br \/>\n\u0141atwo\u015b\u0107 w utrzymaniu czysto\u015bci i piel\u0119gnacji.<br \/>\nWytrzyma\u0142e i wygodne poduszki 10 cm z zamkiem b\u0142yskawicznym.<br \/>\nStolik ze szklanym blatem ze szk\u0142a hartowanego 5 mm.<br \/>\nWysoka odporno\u015b\u0107 na dzia\u0142anie promieni UV<br \/>\nWysoka odporno\u015b\u0107 na warunki atmosferyczne<br \/>\nRamy aluminiowe malowane proszkowo<br \/>\n\u0141atwy monta\u017c.<br \/>\nNie wymaga konserwacji.<\/p>\n<p>Sk\u0142ad zestawu:<br \/>\n&#8211; Stolik z prostok\u0105tnym blatem z hartowanym szk\u0142em o grubo\u015bci 5mm.<br \/>\n&#8211; Sofa 2 osobowa uszak z wygodnymi poduszkami w kolorze BE\u017bOWYM.<br \/>\n&#8211; Dwa fotele uszak z poduszkami w kolorze BE\u017bOWYM.<\/p>\n<p>Kolor zestawu: JASNY BE\u017bOWY<\/p>\n<p>Wymiary zestawu:<br \/>\nStolik:<br \/>\n&#8211; Wysoko\u015b\u0107 69 cm<br \/>\n&#8211; Szeroko\u015b\u0107 60,5 cm<br \/>\n&#8211; D\u0142ugo\u015b\u0107 101 cm<br \/>\nSofa:<br \/>\n&#8211; Wysoko\u015b\u0107 81 cm<br \/>\n&#8211; Wysoko\u015b\u0107 pod\u0142okietnika 58 cm<br \/>\n&#8211; Wysoko\u015b\u0107 siedziska 37,5 cm<br \/>\n&#8211; Szeroko\u015b\u0107 84 cm<br \/>\n&#8211; Szeroko\u015b\u0107 siedziska 58 cm<br \/>\n&#8211; D\u0142ugo\u015b\u0107 143 cm<br \/>\n&#8211; D\u0142ugo\u015b\u0107 siedziska 129 cm<br \/>\nFotel:<br \/>\n&#8211; Wysoko\u015b\u0107 81 cm<br \/>\n&#8211; Wysoko\u015b\u0107 pod\u0142okietnika 58 cm<br \/>\n&#8211; Wysoko\u015b\u0107 siedziska 37,5 cm<br \/>\n&#8211; Szeroko\u015b\u0107 78 cm<br \/>\n&#8211; Szeroko\u015b\u0107 siedziska 55 cm<br \/>\n&#8211; D\u0142ugo\u015b\u0107 65 cm<br \/>\n&#8211; D\u0142ugo\u015b\u0107 siedziska 55 cm<\/p>\n<p>Koszt wysy\u0142ki paletowej: przedp\u0142ata 160,00 z\u0142 \/ pobranie 180,00 z\u0142<br \/>\n(Towar wysy\u0142amy na palecie ze wzgl\u0119du na gabaryt mebli oraz w celu unikni\u0119cia uszkodze\u0144 podczas transportu. Brak opcji wniesienia)<\/p>\n<p>Odbi\u00f3r w magazynie w Czechowicech-Dziedzicach ul. Katowicka 27<br \/>\nZapraszamy od poniedzia\u0142ku do pi\u0105tku 07:00-15:00<\/p>\n<p>Zapraszamy do zakupu.<br \/>\nNa ka\u017cdy towar zakupiony na naszych aukcjach otrzymasz paragon lub faktur\u0119 VAT.<\/p>\n<p>UWAGI:<br \/>\n*- Produkt nie ulegnie zniszczeniu pod wp\u0142ywem niewielkiej ilo\u015bci wody czy innych p\u0142yn\u00f3w. Mo\u017cna swobodnie korzysta\u0107 z niego na zewn\u0105trz, r\u00f3wnie\u017c w trakcie niewielkich opad\u00f3w deszczu, czy wilgotnego powietrza. Obfite opady deszczu, czy du\u017ce ilo\u015bci wody, mog\u0105 jednak powodowa\u0107 uszkodzenia. Aby zapewni\u0107 jak najlepszy wygl\u0105d i funkcjonalno\u015b\u0107, zalecamy przestrzega\u0107 instrukcji u\u017cytkowania produktu.<br \/>\n*- Nie powinno si\u0119 siada\u0107 na rozgrzanym produkcie, mo\u017ce to spowodowa\u0107 naci\u0105gni\u0119cie materia\u0142u.<\/p>\n","protected":false},"excerpt":{"rendered":"<p>Zestaw mebli ogrodowych charakteryzuje: Wyj\u0105tkowy komfort u\u017cytkowania. Elegancki wygl\u0105d. \u0141atwo\u015b\u0107 w utrzymaniu czysto\u015bci i piel\u0119gnacji. Wytrzyma\u0142e i wygodne poduszki 10 cm z zamkiem b\u0142yskawicznym. Stolik ze szklanym blatem ze szk\u0142a hartowanego 5 mm. Wysoka odporno\u015b\u0107 na dzia\u0142anie promieni UV Wysoka odporno\u015b\u0107 na warunki atmosferyczne Ramy aluminiowe malowane proszkowo \u0141atwy monta\u017c. Nie wymaga konserwacji. Sk\u0142ad zestawu: [&hellip;]<\/p>\n","protected":false},"featured_media":3122,"comment_status":"closed","ping_status":"closed","template":"","meta":[],"product_brand":[],"product_cat":[102],"product_tag":[],"class_list":{"0":"post-3121","1":"product","2":"type-product","3":"status-publish","4":"has-post-thumbnail","6":"product_cat-meble-ogrodowe","8":"first","9":"instock","10":"shipping-taxable","11":"purchasable","12":"product-type-simple"},"yoast_head":"<!-- This site is optimized with the Yoast SEO plugin v27.4 - https:\/\/yoast.com\/product\/yoast-seo-wordpress\/ -->\n<title>Zestaw mebli ogrodowych technnorattan 4 os Fotele Sofa Stolik Poduszki \u2b50 Trwa\u0142e i Oryginalne Meble w Atrakcyjnej Cenie - Gardenhit<\/title>\n<meta name=\"description\" content=\"Polski producent MebleDrewniane24.pl zaprasza \u261d Zestaw mebli ogrodowych technnorattan 4 os Fotele Sofa Stolik Poduszki \u2b50 Meble z drewna do Twojego mieszkania i domu - zapraszamy!\" \/>\n<meta name=\"robots\" content=\"index, follow, max-snippet:-1, max-image-preview:large, max-video-preview:-1\" \/>\n<link rel=\"canonical\" href=\"https:\/\/demo3.pozyskujklientow2.pl\/gardenhit\/produkt\/zestaw-mebli-ogrodowych-technnorattan-4-os-fotele-sofa-stolik-poduszki\/\" \/>\n<meta property=\"og:locale\" content=\"pl_PL\" \/>\n<meta property=\"og:type\" content=\"article\" \/>\n<meta property=\"og:title\" content=\"Zestaw mebli ogrodowych technnorattan 4 os Fotele Sofa Stolik Poduszki \u2b50 Trwa\u0142e i Oryginalne Meble w Atrakcyjnej Cenie - Gardenhit\" \/>\n<meta property=\"og:description\" content=\"Polski producent MebleDrewniane24.pl zaprasza \u261d Zestaw mebli ogrodowych technnorattan 4 os Fotele Sofa Stolik Poduszki \u2b50 Meble z drewna do Twojego mieszkania i domu - zapraszamy!\" \/>\n<meta property=\"og:url\" content=\"https:\/\/demo3.pozyskujklientow2.pl\/gardenhit\/produkt\/zestaw-mebli-ogrodowych-technnorattan-4-os-fotele-sofa-stolik-poduszki\/\" \/>\n<meta property=\"og:site_name\" content=\"Gardenhit\" \/>\n<meta property=\"article:modified_time\" content=\"2026-04-07T17:29:43+00:00\" \/>\n<meta property=\"og:image\" content=\"https:\/\/demo3.pozyskujklientow2.pl\/gardenhit\/wp-content\/uploads\/2026\/04\/Zestaw-mebli-ogrodowych-technnorattan-4-os-Fotele-Sofa-Stolik-Poduszki-1.webp\" \/>\n\t<meta property=\"og:image:width\" content=\"1000\" \/>\n\t<meta property=\"og:image:height\" content=\"667\" \/>\n\t<meta property=\"og:image:type\" content=\"image\/webp\" \/>\n<meta name=\"twitter:card\" content=\"summary_large_image\" \/>\n<meta name=\"twitter:label1\" content=\"Szacowany czas czytania\" \/>\n\t<meta name=\"twitter:data1\" content=\"2 minuty\" \/>\n<script type=\"application\/ld+json\" class=\"yoast-schema-graph\">{\"@context\":\"https:\\\/\\\/schema.org\",\"@graph\":[{\"@type\":\"WebPage\",\"@id\":\"https:\\\/\\\/demo3.pozyskujklientow2.pl\\\/gardenhit\\\/produkt\\\/zestaw-mebli-ogrodowych-technnorattan-4-os-fotele-sofa-stolik-poduszki\\\/\",\"url\":\"https:\\\/\\\/demo3.pozyskujklientow2.pl\\\/gardenhit\\\/produkt\\\/zestaw-mebli-ogrodowych-technnorattan-4-os-fotele-sofa-stolik-poduszki\\\/\",\"name\":\"Zestaw mebli ogrodowych technnorattan 4 os Fotele Sofa Stolik Poduszki \u2b50 Trwa\u0142e i Oryginalne Meble w Atrakcyjnej Cenie - Gardenhit\",\"isPartOf\":{\"@id\":\"https:\\\/\\\/demo3.pozyskujklientow2.pl\\\/gardenhit\\\/#website\"},\"primaryImageOfPage\":{\"@id\":\"https:\\\/\\\/demo3.pozyskujklientow2.pl\\\/gardenhit\\\/produkt\\\/zestaw-mebli-ogrodowych-technnorattan-4-os-fotele-sofa-stolik-poduszki\\\/#primaryimage\"},\"image\":{\"@id\":\"https:\\\/\\\/demo3.pozyskujklientow2.pl\\\/gardenhit\\\/produkt\\\/zestaw-mebli-ogrodowych-technnorattan-4-os-fotele-sofa-stolik-poduszki\\\/#primaryimage\"},\"thumbnailUrl\":\"https:\\\/\\\/demo3.pozyskujklientow2.pl\\\/gardenhit\\\/wp-content\\\/uploads\\\/2026\\\/04\\\/Zestaw-mebli-ogrodowych-technnorattan-4-os-Fotele-Sofa-Stolik-Poduszki-1.webp\",\"datePublished\":\"2026-04-07T13:40:31+00:00\",\"dateModified\":\"2026-04-07T17:29:43+00:00\",\"description\":\"Polski producent MebleDrewniane24.pl zaprasza \u261d Zestaw mebli ogrodowych technnorattan 4 os Fotele Sofa Stolik Poduszki \u2b50 Meble z drewna do Twojego mieszkania i domu - zapraszamy!\",\"breadcrumb\":{\"@id\":\"https:\\\/\\\/demo3.pozyskujklientow2.pl\\\/gardenhit\\\/produkt\\\/zestaw-mebli-ogrodowych-technnorattan-4-os-fotele-sofa-stolik-poduszki\\\/#breadcrumb\"},\"inLanguage\":\"pl-PL\",\"potentialAction\":[{\"@type\":\"ReadAction\",\"target\":[\"https:\\\/\\\/demo3.pozyskujklientow2.pl\\\/gardenhit\\\/produkt\\\/zestaw-mebli-ogrodowych-technnorattan-4-os-fotele-sofa-stolik-poduszki\\\/\"]}]},{\"@type\":\"ImageObject\",\"inLanguage\":\"pl-PL\",\"@id\":\"https:\\\/\\\/demo3.pozyskujklientow2.pl\\\/gardenhit\\\/produkt\\\/zestaw-mebli-ogrodowych-technnorattan-4-os-fotele-sofa-stolik-poduszki\\\/#primaryimage\",\"url\":\"https:\\\/\\\/demo3.pozyskujklientow2.pl\\\/gardenhit\\\/wp-content\\\/uploads\\\/2026\\\/04\\\/Zestaw-mebli-ogrodowych-technnorattan-4-os-Fotele-Sofa-Stolik-Poduszki-1.webp\",\"contentUrl\":\"https:\\\/\\\/demo3.pozyskujklientow2.pl\\\/gardenhit\\\/wp-content\\\/uploads\\\/2026\\\/04\\\/Zestaw-mebli-ogrodowych-technnorattan-4-os-Fotele-Sofa-Stolik-Poduszki-1.webp\",\"width\":1000,\"height\":667},{\"@type\":\"BreadcrumbList\",\"@id\":\"https:\\\/\\\/demo3.pozyskujklientow2.pl\\\/gardenhit\\\/produkt\\\/zestaw-mebli-ogrodowych-technnorattan-4-os-fotele-sofa-stolik-poduszki\\\/#breadcrumb\",\"itemListElement\":[{\"@type\":\"ListItem\",\"position\":1,\"name\":\"Strona g\u0142\u00f3wna\",\"item\":\"https:\\\/\\\/demo3.pozyskujklientow2.pl\\\/gardenhit\\\/\"},{\"@type\":\"ListItem\",\"position\":2,\"name\":\"Sklep\",\"item\":\"https:\\\/\\\/demo3.pozyskujklientow2.pl\\\/gardenhit\\\/sklep\\\/\"},{\"@type\":\"ListItem\",\"position\":3,\"name\":\"Zestaw mebli ogrodowych technnorattan 4 os Fotele Sofa Stolik Poduszki\"}]},{\"@type\":\"WebSite\",\"@id\":\"https:\\\/\\\/demo3.pozyskujklientow2.pl\\\/gardenhit\\\/#website\",\"url\":\"https:\\\/\\\/demo3.pozyskujklientow2.pl\\\/gardenhit\\\/\",\"name\":\"Gardenhit\",\"description\":\"Meble ogrodowe\",\"publisher\":{\"@id\":\"https:\\\/\\\/demo3.pozyskujklientow2.pl\\\/gardenhit\\\/#organization\"},\"potentialAction\":[{\"@type\":\"SearchAction\",\"target\":{\"@type\":\"EntryPoint\",\"urlTemplate\":\"https:\\\/\\\/demo3.pozyskujklientow2.pl\\\/gardenhit\\\/?s={search_term_string}\"},\"query-input\":{\"@type\":\"PropertyValueSpecification\",\"valueRequired\":true,\"valueName\":\"search_term_string\"}}],\"inLanguage\":\"pl-PL\"},{\"@type\":\"Organization\",\"@id\":\"https:\\\/\\\/demo3.pozyskujklientow2.pl\\\/gardenhit\\\/#organization\",\"name\":\"Gardenhit\",\"url\":\"https:\\\/\\\/demo3.pozyskujklientow2.pl\\\/gardenhit\\\/\",\"logo\":{\"@type\":\"ImageObject\",\"inLanguage\":\"pl-PL\",\"@id\":\"https:\\\/\\\/demo3.pozyskujklientow2.pl\\\/gardenhit\\\/#\\\/schema\\\/logo\\\/image\\\/\",\"url\":\"https:\\\/\\\/demo3.pozyskujklientow2.pl\\\/gardenhit\\\/wp-content\\\/uploads\\\/2023\\\/09\\\/logo-gardenhit.png\",\"contentUrl\":\"https:\\\/\\\/demo3.pozyskujklientow2.pl\\\/gardenhit\\\/wp-content\\\/uploads\\\/2023\\\/09\\\/logo-gardenhit.png\",\"width\":278,\"height\":215,\"caption\":\"Gardenhit\"},\"image\":{\"@id\":\"https:\\\/\\\/demo3.pozyskujklientow2.pl\\\/gardenhit\\\/#\\\/schema\\\/logo\\\/image\\\/\"}}]}<\/script>\n<!-- \/ Yoast SEO plugin. -->","yoast_head_json":{"title":"Zestaw mebli ogrodowych technnorattan 4 os Fotele Sofa Stolik Poduszki \u2b50 Trwa\u0142e i Oryginalne Meble w Atrakcyjnej Cenie - Gardenhit","description":"Polski producent MebleDrewniane24.pl zaprasza \u261d Zestaw mebli ogrodowych technnorattan 4 os Fotele Sofa Stolik Poduszki \u2b50 Meble z drewna do Twojego mieszkania i domu - zapraszamy!","robots":{"index":"index","follow":"follow","max-snippet":"max-snippet:-1","max-image-preview":"max-image-preview:large","max-video-preview":"max-video-preview:-1"},"canonical":"https:\/\/demo3.pozyskujklientow2.pl\/gardenhit\/produkt\/zestaw-mebli-ogrodowych-technnorattan-4-os-fotele-sofa-stolik-poduszki\/","og_locale":"pl_PL","og_type":"article","og_title":"Zestaw mebli ogrodowych technnorattan 4 os Fotele Sofa Stolik Poduszki \u2b50 Trwa\u0142e i Oryginalne Meble w Atrakcyjnej Cenie - Gardenhit","og_description":"Polski producent MebleDrewniane24.pl zaprasza \u261d Zestaw mebli ogrodowych technnorattan 4 os Fotele Sofa Stolik Poduszki \u2b50 Meble z drewna do Twojego mieszkania i domu - zapraszamy!","og_url":"https:\/\/demo3.pozyskujklientow2.pl\/gardenhit\/produkt\/zestaw-mebli-ogrodowych-technnorattan-4-os-fotele-sofa-stolik-poduszki\/","og_site_name":"Gardenhit","article_modified_time":"2026-04-07T17:29:43+00:00","og_image":[{"width":1000,"height":667,"url":"https:\/\/demo3.pozyskujklientow2.pl\/gardenhit\/wp-content\/uploads\/2026\/04\/Zestaw-mebli-ogrodowych-technnorattan-4-os-Fotele-Sofa-Stolik-Poduszki-1.webp","type":"image\/webp"}],"twitter_card":"summary_large_image","twitter_misc":{"Szacowany czas czytania":"2 minuty"},"schema":{"@context":"https:\/\/schema.org","@graph":[{"@type":"WebPage","@id":"https:\/\/demo3.pozyskujklientow2.pl\/gardenhit\/produkt\/zestaw-mebli-ogrodowych-technnorattan-4-os-fotele-sofa-stolik-poduszki\/","url":"https:\/\/demo3.pozyskujklientow2.pl\/gardenhit\/produkt\/zestaw-mebli-ogrodowych-technnorattan-4-os-fotele-sofa-stolik-poduszki\/","name":"Zestaw mebli ogrodowych technnorattan 4 os Fotele Sofa Stolik Poduszki \u2b50 Trwa\u0142e i Oryginalne Meble w Atrakcyjnej Cenie - Gardenhit","isPartOf":{"@id":"https:\/\/demo3.pozyskujklientow2.pl\/gardenhit\/#website"},"primaryImageOfPage":{"@id":"https:\/\/demo3.pozyskujklientow2.pl\/gardenhit\/produkt\/zestaw-mebli-ogrodowych-technnorattan-4-os-fotele-sofa-stolik-poduszki\/#primaryimage"},"image":{"@id":"https:\/\/demo3.pozyskujklientow2.pl\/gardenhit\/produkt\/zestaw-mebli-ogrodowych-technnorattan-4-os-fotele-sofa-stolik-poduszki\/#primaryimage"},"thumbnailUrl":"https:\/\/demo3.pozyskujklientow2.pl\/gardenhit\/wp-content\/uploads\/2026\/04\/Zestaw-mebli-ogrodowych-technnorattan-4-os-Fotele-Sofa-Stolik-Poduszki-1.webp","datePublished":"2026-04-07T13:40:31+00:00","dateModified":"2026-04-07T17:29:43+00:00","description":"Polski producent MebleDrewniane24.pl zaprasza \u261d Zestaw mebli ogrodowych technnorattan 4 os Fotele Sofa Stolik Poduszki \u2b50 Meble z drewna do Twojego mieszkania i domu - zapraszamy!","breadcrumb":{"@id":"https:\/\/demo3.pozyskujklientow2.pl\/gardenhit\/produkt\/zestaw-mebli-ogrodowych-technnorattan-4-os-fotele-sofa-stolik-poduszki\/#breadcrumb"},"inLanguage":"pl-PL","potentialAction":[{"@type":"ReadAction","target":["https:\/\/demo3.pozyskujklientow2.pl\/gardenhit\/produkt\/zestaw-mebli-ogrodowych-technnorattan-4-os-fotele-sofa-stolik-poduszki\/"]}]},{"@type":"ImageObject","inLanguage":"pl-PL","@id":"https:\/\/demo3.pozyskujklientow2.pl\/gardenhit\/produkt\/zestaw-mebli-ogrodowych-technnorattan-4-os-fotele-sofa-stolik-poduszki\/#primaryimage","url":"https:\/\/demo3.pozyskujklientow2.pl\/gardenhit\/wp-content\/uploads\/2026\/04\/Zestaw-mebli-ogrodowych-technnorattan-4-os-Fotele-Sofa-Stolik-Poduszki-1.webp","contentUrl":"https:\/\/demo3.pozyskujklientow2.pl\/gardenhit\/wp-content\/uploads\/2026\/04\/Zestaw-mebli-ogrodowych-technnorattan-4-os-Fotele-Sofa-Stolik-Poduszki-1.webp","width":1000,"height":667},{"@type":"BreadcrumbList","@id":"https:\/\/demo3.pozyskujklientow2.pl\/gardenhit\/produkt\/zestaw-mebli-ogrodowych-technnorattan-4-os-fotele-sofa-stolik-poduszki\/#breadcrumb","itemListElement":[{"@type":"ListItem","position":1,"name":"Strona g\u0142\u00f3wna","item":"https:\/\/demo3.pozyskujklientow2.pl\/gardenhit\/"},{"@type":"ListItem","position":2,"name":"Sklep","item":"https:\/\/demo3.pozyskujklientow2.pl\/gardenhit\/sklep\/"},{"@type":"ListItem","position":3,"name":"Zestaw mebli ogrodowych technnorattan 4 os Fotele Sofa Stolik Poduszki"}]},{"@type":"WebSite","@id":"https:\/\/demo3.pozyskujklientow2.pl\/gardenhit\/#website","url":"https:\/\/demo3.pozyskujklientow2.pl\/gardenhit\/","name":"Gardenhit","description":"Meble ogrodowe","publisher":{"@id":"https:\/\/demo3.pozyskujklientow2.pl\/gardenhit\/#organization"},"potentialAction":[{"@type":"SearchAction","target":{"@type":"EntryPoint","urlTemplate":"https:\/\/demo3.pozyskujklientow2.pl\/gardenhit\/?s={search_term_string}"},"query-input":{"@type":"PropertyValueSpecification","valueRequired":true,"valueName":"search_term_string"}}],"inLanguage":"pl-PL"},{"@type":"Organization","@id":"https:\/\/demo3.pozyskujklientow2.pl\/gardenhit\/#organization","name":"Gardenhit","url":"https:\/\/demo3.pozyskujklientow2.pl\/gardenhit\/","logo":{"@type":"ImageObject","inLanguage":"pl-PL","@id":"https:\/\/demo3.pozyskujklientow2.pl\/gardenhit\/#\/schema\/logo\/image\/","url":"https:\/\/demo3.pozyskujklientow2.pl\/gardenhit\/wp-content\/uploads\/2023\/09\/logo-gardenhit.png","contentUrl":"https:\/\/demo3.pozyskujklientow2.pl\/gardenhit\/wp-content\/uploads\/2023\/09\/logo-gardenhit.png","width":278,"height":215,"caption":"Gardenhit"},"image":{"@id":"https:\/\/demo3.pozyskujklientow2.pl\/gardenhit\/#\/schema\/logo\/image\/"}}]}},"_links":{"self":[{"href":"https:\/\/demo3.pozyskujklientow2.pl\/gardenhit\/wp-json\/wp\/v2\/product\/3121","targetHints":{"allow":["GET"]}}],"collection":[{"href":"https:\/\/demo3.pozyskujklientow2.pl\/gardenhit\/wp-json\/wp\/v2\/product"}],"about":[{"href":"https:\/\/demo3.pozyskujklientow2.pl\/gardenhit\/wp-json\/wp\/v2\/types\/product"}],"replies":[{"embeddable":true,"href":"https:\/\/demo3.pozyskujklientow2.pl\/gardenhit\/wp-json\/wp\/v2\/comments?post=3121"}],"wp:featuredmedia":[{"embeddable":true,"href":"https:\/\/demo3.pozyskujklientow2.pl\/gardenhit\/wp-json\/wp\/v2\/media\/3122"}],"wp:attachment":[{"href":"https:\/\/demo3.pozyskujklientow2.pl\/gardenhit\/wp-json\/wp\/v2\/media?parent=3121"}],"wp:term":[{"taxonomy":"product_brand","embeddable":true,"href":"https:\/\/demo3.pozyskujklientow2.pl\/gardenhit\/wp-json\/wp\/v2\/product_brand?post=3121"},{"taxonomy":"product_cat","embeddable":true,"href":"https:\/\/demo3.pozyskujklientow2.pl\/gardenhit\/wp-json\/wp\/v2\/product_cat?post=3121"},{"taxonomy":"product_tag","embeddable":true,"href":"https:\/\/demo3.pozyskujklientow2.pl\/gardenhit\/wp-json\/wp\/v2\/product_tag?post=3121"}],"curies":[{"name":"wp","href":"https:\/\/api.w.org\/{rel}","templated":true}]}}