{"id":2934,"date":"2026-03-06T15:43:02","date_gmt":"2026-03-06T13:43:02","guid":{"rendered":"https:\/\/demo3.pozyskujklientow2.pl\/gardenhit\/?post_type=product&#038;p=2934"},"modified":"2026-04-10T10:01:28","modified_gmt":"2026-04-10T08:01:28","slug":"fotel-wiszacy-kokon-hustawka-kosz-technorattan","status":"publish","type":"product","link":"https:\/\/demo3.pozyskujklientow2.pl\/gardenhit\/produkt\/fotel-wiszacy-kokon-hustawka-kosz-technorattan\/","title":{"rendered":"Fotel wisz\u0105cy kokon hu\u015btawka kosz technorattan"},"content":{"rendered":"<p><b>\u2699\u00a0Wymiary:<\/b><\/p>\n<p>\u25aa Kokon: wysoko\u015b\u0107 120 cm, szeroko\u015b\u0107 95 cm, g\u0142\u0119boko\u015b\u0107 ok. 80 cm<\/p>\n<p>\u25aa Stela\u017c: wysoko\u015b\u0107 195 cm, \u015brednica podstawy 105 cm<\/p>\n<p>\u2699 Materia\u0142y:<\/p>\n<p>\u25aa Siedzisko: pleciony technorattan w naturalnym odcieniu br\u0105zu<\/p>\n<p>\u25aa Stela\u017c: stal malowana proszkowo na czarno<\/p>\n<p><b>Kolor poduszek do wyboru: szary, be\u017cowy<\/b><\/p>\n<p>\u26a0 Zalecenie dotycz\u0105ce u\u017cytkowania:<\/p>\n<p>Stela\u017c malowany jest proszkowo, jednak przed d\u0142ugotrwa\u0142ym u\u017cytkowaniem na zewn\u0105trz zalecamy dodatkowe zabezpieczenie warstw\u0105 antykorozyjn\u0105.<\/p>\n","protected":false},"excerpt":{"rendered":"<p>Ten fotel wisz\u0105cy o\u00a0<b>przestronnym kszta\u0142cie<\/b>\u00a0to po\u0142\u0105czenie nowoczesnego designu i wygody. Jego wytrzyma\u0142a konstrukcja z plecionego technorattanu nadaje mu wyj\u0105tkowy charakter, a ergonomiczne siedzisko zapewnia\u00a0<b>pe\u0142en komfort<\/b>. Czarny, solidny stela\u017c w po\u0142\u0105czeniu z mi\u0119kk\u0105, grub\u0105 poduszk\u0105 sprawia, \u017ce to doskona\u0142y wyb\u00f3r zar\u00f3wno do ogrodu, jak i wn\u0119trz.\u00a0<b>TO TW\u00d3J CZAS NA RELAKS!<\/b><\/p>\n","protected":false},"featured_media":3231,"comment_status":"closed","ping_status":"closed","template":"","meta":[],"product_brand":[],"product_cat":[100],"product_tag":[],"class_list":{"0":"post-2934","1":"product","2":"type-product","3":"status-publish","4":"has-post-thumbnail","6":"product_cat-fotele-wiszace","8":"first","9":"instock","10":"shipping-taxable","11":"purchasable","12":"product-type-simple"},"yoast_head":"<!-- This site is optimized with the Yoast SEO plugin v27.4 - https:\/\/yoast.com\/product\/yoast-seo-wordpress\/ -->\n<title>Fotel wisz\u0105cy kokon hu\u015btawka kosz technorattan \u2b50 Trwa\u0142e i Oryginalne Meble w Atrakcyjnej Cenie - Gardenhit<\/title>\n<meta name=\"description\" content=\"Ten fotel wisz\u0105cy o przestronnym kszta\u0142cie to po\u0142\u0105czenie nowoczesnego designu i wygody. Jego wytrzyma\u0142a konstrukcja z plecionego technorattanu nadaje mu wyj\u0105tkowy charakter, a ergonomiczne siedzisko zapewnia pe\u0142en komfort. Czarny, solidny stela\u017c w po\u0142\u0105czeniu z mi\u0119kk\u0105, grub\u0105 poduszk\u0105 sprawia, \u017ce to doskona\u0142y wyb\u00f3r zar\u00f3wno do ogrodu, jak i wn\u0119trz. TO TW\u00d3J CZAS NA RELAKS!\" \/>\n<meta name=\"robots\" content=\"index, follow, max-snippet:-1, max-image-preview:large, max-video-preview:-1\" \/>\n<link rel=\"canonical\" href=\"https:\/\/demo3.pozyskujklientow2.pl\/gardenhit\/produkt\/fotel-wiszacy-kokon-hustawka-kosz-technorattan\/\" \/>\n<meta property=\"og:locale\" content=\"pl_PL\" \/>\n<meta property=\"og:type\" content=\"article\" \/>\n<meta property=\"og:title\" content=\"Fotel wisz\u0105cy kokon hu\u015btawka kosz technorattan \u2b50 Trwa\u0142e i Oryginalne Meble w Atrakcyjnej Cenie - Gardenhit\" \/>\n<meta property=\"og:description\" content=\"Ten fotel wisz\u0105cy o przestronnym kszta\u0142cie to po\u0142\u0105czenie nowoczesnego designu i wygody. Jego wytrzyma\u0142a konstrukcja z plecionego technorattanu nadaje mu wyj\u0105tkowy charakter, a ergonomiczne siedzisko zapewnia pe\u0142en komfort. Czarny, solidny stela\u017c w po\u0142\u0105czeniu z mi\u0119kk\u0105, grub\u0105 poduszk\u0105 sprawia, \u017ce to doskona\u0142y wyb\u00f3r zar\u00f3wno do ogrodu, jak i wn\u0119trz. TO TW\u00d3J CZAS NA RELAKS!\" \/>\n<meta property=\"og:url\" content=\"https:\/\/demo3.pozyskujklientow2.pl\/gardenhit\/produkt\/fotel-wiszacy-kokon-hustawka-kosz-technorattan\/\" \/>\n<meta property=\"og:site_name\" content=\"Gardenhit\" \/>\n<meta property=\"article:modified_time\" content=\"2026-04-10T08:01:28+00:00\" \/>\n<meta property=\"og:image\" content=\"https:\/\/demo3.pozyskujklientow2.pl\/gardenhit\/wp-content\/uploads\/2026\/04\/Fotel-wiszacy-Bali-kokon-kosz-bujny-wiszacy-ogrodowy-3.webp\" \/>\n\t<meta property=\"og:image:width\" content=\"555\" \/>\n\t<meta property=\"og:image:height\" content=\"595\" \/>\n\t<meta property=\"og:image:type\" content=\"image\/webp\" \/>\n<meta name=\"twitter:card\" content=\"summary_large_image\" \/>\n<meta name=\"twitter:label1\" content=\"Szacowany czas czytania\" \/>\n\t<meta name=\"twitter:data1\" content=\"1 minuta\" \/>\n<script type=\"application\/ld+json\" class=\"yoast-schema-graph\">{\"@context\":\"https:\\\/\\\/schema.org\",\"@graph\":[{\"@type\":\"WebPage\",\"@id\":\"https:\\\/\\\/demo3.pozyskujklientow2.pl\\\/gardenhit\\\/produkt\\\/fotel-wiszacy-kokon-hustawka-kosz-technorattan\\\/\",\"url\":\"https:\\\/\\\/demo3.pozyskujklientow2.pl\\\/gardenhit\\\/produkt\\\/fotel-wiszacy-kokon-hustawka-kosz-technorattan\\\/\",\"name\":\"Fotel wisz\u0105cy kokon hu\u015btawka kosz technorattan \u2b50 Trwa\u0142e i Oryginalne Meble w Atrakcyjnej Cenie - Gardenhit\",\"isPartOf\":{\"@id\":\"https:\\\/\\\/demo3.pozyskujklientow2.pl\\\/gardenhit\\\/#website\"},\"primaryImageOfPage\":{\"@id\":\"https:\\\/\\\/demo3.pozyskujklientow2.pl\\\/gardenhit\\\/produkt\\\/fotel-wiszacy-kokon-hustawka-kosz-technorattan\\\/#primaryimage\"},\"image\":{\"@id\":\"https:\\\/\\\/demo3.pozyskujklientow2.pl\\\/gardenhit\\\/produkt\\\/fotel-wiszacy-kokon-hustawka-kosz-technorattan\\\/#primaryimage\"},\"thumbnailUrl\":\"https:\\\/\\\/demo3.pozyskujklientow2.pl\\\/gardenhit\\\/wp-content\\\/uploads\\\/2026\\\/04\\\/Fotel-wiszacy-Bali-kokon-kosz-bujny-wiszacy-ogrodowy-3.webp\",\"datePublished\":\"2026-03-06T13:43:02+00:00\",\"dateModified\":\"2026-04-10T08:01:28+00:00\",\"description\":\"Ten fotel wisz\u0105cy o przestronnym kszta\u0142cie to po\u0142\u0105czenie nowoczesnego designu i wygody. Jego wytrzyma\u0142a konstrukcja z plecionego technorattanu nadaje mu wyj\u0105tkowy charakter, a ergonomiczne siedzisko zapewnia pe\u0142en komfort. Czarny, solidny stela\u017c w po\u0142\u0105czeniu z mi\u0119kk\u0105, grub\u0105 poduszk\u0105 sprawia, \u017ce to doskona\u0142y wyb\u00f3r zar\u00f3wno do ogrodu, jak i wn\u0119trz. TO TW\u00d3J CZAS NA RELAKS!\",\"breadcrumb\":{\"@id\":\"https:\\\/\\\/demo3.pozyskujklientow2.pl\\\/gardenhit\\\/produkt\\\/fotel-wiszacy-kokon-hustawka-kosz-technorattan\\\/#breadcrumb\"},\"inLanguage\":\"pl-PL\",\"potentialAction\":[{\"@type\":\"ReadAction\",\"target\":[\"https:\\\/\\\/demo3.pozyskujklientow2.pl\\\/gardenhit\\\/produkt\\\/fotel-wiszacy-kokon-hustawka-kosz-technorattan\\\/\"]}]},{\"@type\":\"ImageObject\",\"inLanguage\":\"pl-PL\",\"@id\":\"https:\\\/\\\/demo3.pozyskujklientow2.pl\\\/gardenhit\\\/produkt\\\/fotel-wiszacy-kokon-hustawka-kosz-technorattan\\\/#primaryimage\",\"url\":\"https:\\\/\\\/demo3.pozyskujklientow2.pl\\\/gardenhit\\\/wp-content\\\/uploads\\\/2026\\\/04\\\/Fotel-wiszacy-Bali-kokon-kosz-bujny-wiszacy-ogrodowy-3.webp\",\"contentUrl\":\"https:\\\/\\\/demo3.pozyskujklientow2.pl\\\/gardenhit\\\/wp-content\\\/uploads\\\/2026\\\/04\\\/Fotel-wiszacy-Bali-kokon-kosz-bujny-wiszacy-ogrodowy-3.webp\",\"width\":555,\"height\":595},{\"@type\":\"BreadcrumbList\",\"@id\":\"https:\\\/\\\/demo3.pozyskujklientow2.pl\\\/gardenhit\\\/produkt\\\/fotel-wiszacy-kokon-hustawka-kosz-technorattan\\\/#breadcrumb\",\"itemListElement\":[{\"@type\":\"ListItem\",\"position\":1,\"name\":\"Strona g\u0142\u00f3wna\",\"item\":\"https:\\\/\\\/demo3.pozyskujklientow2.pl\\\/gardenhit\\\/\"},{\"@type\":\"ListItem\",\"position\":2,\"name\":\"Sklep\",\"item\":\"https:\\\/\\\/demo3.pozyskujklientow2.pl\\\/gardenhit\\\/sklep\\\/\"},{\"@type\":\"ListItem\",\"position\":3,\"name\":\"Fotel wisz\u0105cy kokon hu\u015btawka kosz technorattan\"}]},{\"@type\":\"WebSite\",\"@id\":\"https:\\\/\\\/demo3.pozyskujklientow2.pl\\\/gardenhit\\\/#website\",\"url\":\"https:\\\/\\\/demo3.pozyskujklientow2.pl\\\/gardenhit\\\/\",\"name\":\"Gardenhit\",\"description\":\"Meble ogrodowe\",\"publisher\":{\"@id\":\"https:\\\/\\\/demo3.pozyskujklientow2.pl\\\/gardenhit\\\/#organization\"},\"potentialAction\":[{\"@type\":\"SearchAction\",\"target\":{\"@type\":\"EntryPoint\",\"urlTemplate\":\"https:\\\/\\\/demo3.pozyskujklientow2.pl\\\/gardenhit\\\/?s={search_term_string}\"},\"query-input\":{\"@type\":\"PropertyValueSpecification\",\"valueRequired\":true,\"valueName\":\"search_term_string\"}}],\"inLanguage\":\"pl-PL\"},{\"@type\":\"Organization\",\"@id\":\"https:\\\/\\\/demo3.pozyskujklientow2.pl\\\/gardenhit\\\/#organization\",\"name\":\"Gardenhit\",\"url\":\"https:\\\/\\\/demo3.pozyskujklientow2.pl\\\/gardenhit\\\/\",\"logo\":{\"@type\":\"ImageObject\",\"inLanguage\":\"pl-PL\",\"@id\":\"https:\\\/\\\/demo3.pozyskujklientow2.pl\\\/gardenhit\\\/#\\\/schema\\\/logo\\\/image\\\/\",\"url\":\"https:\\\/\\\/demo3.pozyskujklientow2.pl\\\/gardenhit\\\/wp-content\\\/uploads\\\/2023\\\/09\\\/logo-gardenhit.png\",\"contentUrl\":\"https:\\\/\\\/demo3.pozyskujklientow2.pl\\\/gardenhit\\\/wp-content\\\/uploads\\\/2023\\\/09\\\/logo-gardenhit.png\",\"width\":278,\"height\":215,\"caption\":\"Gardenhit\"},\"image\":{\"@id\":\"https:\\\/\\\/demo3.pozyskujklientow2.pl\\\/gardenhit\\\/#\\\/schema\\\/logo\\\/image\\\/\"}}]}<\/script>\n<!-- \/ Yoast SEO plugin. -->","yoast_head_json":{"title":"Fotel wisz\u0105cy kokon hu\u015btawka kosz technorattan \u2b50 Trwa\u0142e i Oryginalne Meble w Atrakcyjnej Cenie - Gardenhit","description":"Ten fotel wisz\u0105cy o przestronnym kszta\u0142cie to po\u0142\u0105czenie nowoczesnego designu i wygody. Jego wytrzyma\u0142a konstrukcja z plecionego technorattanu nadaje mu wyj\u0105tkowy charakter, a ergonomiczne siedzisko zapewnia pe\u0142en komfort. Czarny, solidny stela\u017c w po\u0142\u0105czeniu z mi\u0119kk\u0105, grub\u0105 poduszk\u0105 sprawia, \u017ce to doskona\u0142y wyb\u00f3r zar\u00f3wno do ogrodu, jak i wn\u0119trz. TO TW\u00d3J CZAS NA RELAKS!","robots":{"index":"index","follow":"follow","max-snippet":"max-snippet:-1","max-image-preview":"max-image-preview:large","max-video-preview":"max-video-preview:-1"},"canonical":"https:\/\/demo3.pozyskujklientow2.pl\/gardenhit\/produkt\/fotel-wiszacy-kokon-hustawka-kosz-technorattan\/","og_locale":"pl_PL","og_type":"article","og_title":"Fotel wisz\u0105cy kokon hu\u015btawka kosz technorattan \u2b50 Trwa\u0142e i Oryginalne Meble w Atrakcyjnej Cenie - Gardenhit","og_description":"Ten fotel wisz\u0105cy o przestronnym kszta\u0142cie to po\u0142\u0105czenie nowoczesnego designu i wygody. Jego wytrzyma\u0142a konstrukcja z plecionego technorattanu nadaje mu wyj\u0105tkowy charakter, a ergonomiczne siedzisko zapewnia pe\u0142en komfort. Czarny, solidny stela\u017c w po\u0142\u0105czeniu z mi\u0119kk\u0105, grub\u0105 poduszk\u0105 sprawia, \u017ce to doskona\u0142y wyb\u00f3r zar\u00f3wno do ogrodu, jak i wn\u0119trz. TO TW\u00d3J CZAS NA RELAKS!","og_url":"https:\/\/demo3.pozyskujklientow2.pl\/gardenhit\/produkt\/fotel-wiszacy-kokon-hustawka-kosz-technorattan\/","og_site_name":"Gardenhit","article_modified_time":"2026-04-10T08:01:28+00:00","og_image":[{"width":555,"height":595,"url":"https:\/\/demo3.pozyskujklientow2.pl\/gardenhit\/wp-content\/uploads\/2026\/04\/Fotel-wiszacy-Bali-kokon-kosz-bujny-wiszacy-ogrodowy-3.webp","type":"image\/webp"}],"twitter_card":"summary_large_image","twitter_misc":{"Szacowany czas czytania":"1 minuta"},"schema":{"@context":"https:\/\/schema.org","@graph":[{"@type":"WebPage","@id":"https:\/\/demo3.pozyskujklientow2.pl\/gardenhit\/produkt\/fotel-wiszacy-kokon-hustawka-kosz-technorattan\/","url":"https:\/\/demo3.pozyskujklientow2.pl\/gardenhit\/produkt\/fotel-wiszacy-kokon-hustawka-kosz-technorattan\/","name":"Fotel wisz\u0105cy kokon hu\u015btawka kosz technorattan \u2b50 Trwa\u0142e i Oryginalne Meble w Atrakcyjnej Cenie - Gardenhit","isPartOf":{"@id":"https:\/\/demo3.pozyskujklientow2.pl\/gardenhit\/#website"},"primaryImageOfPage":{"@id":"https:\/\/demo3.pozyskujklientow2.pl\/gardenhit\/produkt\/fotel-wiszacy-kokon-hustawka-kosz-technorattan\/#primaryimage"},"image":{"@id":"https:\/\/demo3.pozyskujklientow2.pl\/gardenhit\/produkt\/fotel-wiszacy-kokon-hustawka-kosz-technorattan\/#primaryimage"},"thumbnailUrl":"https:\/\/demo3.pozyskujklientow2.pl\/gardenhit\/wp-content\/uploads\/2026\/04\/Fotel-wiszacy-Bali-kokon-kosz-bujny-wiszacy-ogrodowy-3.webp","datePublished":"2026-03-06T13:43:02+00:00","dateModified":"2026-04-10T08:01:28+00:00","description":"Ten fotel wisz\u0105cy o przestronnym kszta\u0142cie to po\u0142\u0105czenie nowoczesnego designu i wygody. Jego wytrzyma\u0142a konstrukcja z plecionego technorattanu nadaje mu wyj\u0105tkowy charakter, a ergonomiczne siedzisko zapewnia pe\u0142en komfort. Czarny, solidny stela\u017c w po\u0142\u0105czeniu z mi\u0119kk\u0105, grub\u0105 poduszk\u0105 sprawia, \u017ce to doskona\u0142y wyb\u00f3r zar\u00f3wno do ogrodu, jak i wn\u0119trz. TO TW\u00d3J CZAS NA RELAKS!","breadcrumb":{"@id":"https:\/\/demo3.pozyskujklientow2.pl\/gardenhit\/produkt\/fotel-wiszacy-kokon-hustawka-kosz-technorattan\/#breadcrumb"},"inLanguage":"pl-PL","potentialAction":[{"@type":"ReadAction","target":["https:\/\/demo3.pozyskujklientow2.pl\/gardenhit\/produkt\/fotel-wiszacy-kokon-hustawka-kosz-technorattan\/"]}]},{"@type":"ImageObject","inLanguage":"pl-PL","@id":"https:\/\/demo3.pozyskujklientow2.pl\/gardenhit\/produkt\/fotel-wiszacy-kokon-hustawka-kosz-technorattan\/#primaryimage","url":"https:\/\/demo3.pozyskujklientow2.pl\/gardenhit\/wp-content\/uploads\/2026\/04\/Fotel-wiszacy-Bali-kokon-kosz-bujny-wiszacy-ogrodowy-3.webp","contentUrl":"https:\/\/demo3.pozyskujklientow2.pl\/gardenhit\/wp-content\/uploads\/2026\/04\/Fotel-wiszacy-Bali-kokon-kosz-bujny-wiszacy-ogrodowy-3.webp","width":555,"height":595},{"@type":"BreadcrumbList","@id":"https:\/\/demo3.pozyskujklientow2.pl\/gardenhit\/produkt\/fotel-wiszacy-kokon-hustawka-kosz-technorattan\/#breadcrumb","itemListElement":[{"@type":"ListItem","position":1,"name":"Strona g\u0142\u00f3wna","item":"https:\/\/demo3.pozyskujklientow2.pl\/gardenhit\/"},{"@type":"ListItem","position":2,"name":"Sklep","item":"https:\/\/demo3.pozyskujklientow2.pl\/gardenhit\/sklep\/"},{"@type":"ListItem","position":3,"name":"Fotel wisz\u0105cy kokon hu\u015btawka kosz technorattan"}]},{"@type":"WebSite","@id":"https:\/\/demo3.pozyskujklientow2.pl\/gardenhit\/#website","url":"https:\/\/demo3.pozyskujklientow2.pl\/gardenhit\/","name":"Gardenhit","description":"Meble ogrodowe","publisher":{"@id":"https:\/\/demo3.pozyskujklientow2.pl\/gardenhit\/#organization"},"potentialAction":[{"@type":"SearchAction","target":{"@type":"EntryPoint","urlTemplate":"https:\/\/demo3.pozyskujklientow2.pl\/gardenhit\/?s={search_term_string}"},"query-input":{"@type":"PropertyValueSpecification","valueRequired":true,"valueName":"search_term_string"}}],"inLanguage":"pl-PL"},{"@type":"Organization","@id":"https:\/\/demo3.pozyskujklientow2.pl\/gardenhit\/#organization","name":"Gardenhit","url":"https:\/\/demo3.pozyskujklientow2.pl\/gardenhit\/","logo":{"@type":"ImageObject","inLanguage":"pl-PL","@id":"https:\/\/demo3.pozyskujklientow2.pl\/gardenhit\/#\/schema\/logo\/image\/","url":"https:\/\/demo3.pozyskujklientow2.pl\/gardenhit\/wp-content\/uploads\/2023\/09\/logo-gardenhit.png","contentUrl":"https:\/\/demo3.pozyskujklientow2.pl\/gardenhit\/wp-content\/uploads\/2023\/09\/logo-gardenhit.png","width":278,"height":215,"caption":"Gardenhit"},"image":{"@id":"https:\/\/demo3.pozyskujklientow2.pl\/gardenhit\/#\/schema\/logo\/image\/"}}]}},"_links":{"self":[{"href":"https:\/\/demo3.pozyskujklientow2.pl\/gardenhit\/wp-json\/wp\/v2\/product\/2934","targetHints":{"allow":["GET"]}}],"collection":[{"href":"https:\/\/demo3.pozyskujklientow2.pl\/gardenhit\/wp-json\/wp\/v2\/product"}],"about":[{"href":"https:\/\/demo3.pozyskujklientow2.pl\/gardenhit\/wp-json\/wp\/v2\/types\/product"}],"replies":[{"embeddable":true,"href":"https:\/\/demo3.pozyskujklientow2.pl\/gardenhit\/wp-json\/wp\/v2\/comments?post=2934"}],"wp:featuredmedia":[{"embeddable":true,"href":"https:\/\/demo3.pozyskujklientow2.pl\/gardenhit\/wp-json\/wp\/v2\/media\/3231"}],"wp:attachment":[{"href":"https:\/\/demo3.pozyskujklientow2.pl\/gardenhit\/wp-json\/wp\/v2\/media?parent=2934"}],"wp:term":[{"taxonomy":"product_brand","embeddable":true,"href":"https:\/\/demo3.pozyskujklientow2.pl\/gardenhit\/wp-json\/wp\/v2\/product_brand?post=2934"},{"taxonomy":"product_cat","embeddable":true,"href":"https:\/\/demo3.pozyskujklientow2.pl\/gardenhit\/wp-json\/wp\/v2\/product_cat?post=2934"},{"taxonomy":"product_tag","embeddable":true,"href":"https:\/\/demo3.pozyskujklientow2.pl\/gardenhit\/wp-json\/wp\/v2\/product_tag?post=2934"}],"curies":[{"name":"wp","href":"https:\/\/api.w.org\/{rel}","templated":true}]}}