{"id":183,"date":"2024-05-13T15:18:00","date_gmt":"2024-05-13T13:18:00","guid":{"rendered":"https:\/\/demo3.pozyskujklientow2.pl\/gardenhit\/?page_id=183"},"modified":"2026-03-16T15:15:43","modified_gmt":"2026-03-16T13:15:43","slug":"zwroty","status":"publish","type":"page","link":"https:\/\/demo3.pozyskujklientow2.pl\/gardenhit\/zwroty\/","title":{"rendered":"Polityka zwrot\u00f3w"},"content":{"rendered":"\t\t<div data-elementor-type=\"wp-page\" data-elementor-id=\"183\" class=\"elementor elementor-183\" data-elementor-post-type=\"page\">\n\t\t\t\t\t\t<section class=\"elementor-section elementor-top-section elementor-element elementor-element-450c0c9 elementor-section-boxed elementor-section-height-default elementor-section-height-default\" data-id=\"450c0c9\" data-element_type=\"section\" data-e-type=\"section\">\n\t\t\t\t\t\t<div class=\"elementor-container elementor-column-gap-default\">\n\t\t\t\t\t<div class=\"elementor-column elementor-col-100 elementor-top-column elementor-element elementor-element-d537c20\" data-id=\"d537c20\" data-element_type=\"column\" data-e-type=\"column\">\n\t\t\t<div class=\"elementor-widget-wrap elementor-element-populated\">\n\t\t\t\t\t\t<div class=\"elementor-element elementor-element-3b45bd5 elementor-widget elementor-widget-page-title\" data-id=\"3b45bd5\" data-element_type=\"widget\" data-e-type=\"widget\" data-settings=\"{&quot;align&quot;:&quot;center&quot;}\" data-widget_type=\"page-title.default\">\n\t\t\t\t<div class=\"elementor-widget-container\">\n\t\t\t\t\t\t\t\n\t\t<div class=\"hfe-page-title hfe-page-title-wrapper elementor-widget-heading\">\n\n\t\t\t\t\t\t\t\t<h2 class=\"elementor-heading-title elementor-size-default\">\n\t\t\t\t\t\t\t\t\n\t\t\t\tPolityka zwrot\u00f3w  \n\t\t\t<\/h2 > \n\t\t\t\t\t<\/div>\n\t\t\t\t\t\t<\/div>\n\t\t\t\t<\/div>\n\t\t\t\t<div class=\"elementor-element elementor-element-47ef395 elementor-widget__width-initial elementor-widget elementor-widget-text-editor\" data-id=\"47ef395\" data-element_type=\"widget\" data-e-type=\"widget\" data-widget_type=\"text-editor.default\">\n\t\t\t\t<div class=\"elementor-widget-container\">\n\t\t\t\t\t\t\t\t\t<p>Informujemy, i\u017c w terminie 14 dni licz\u0105c od dnia otrzymania towaru mog\u0105 Pa\u0144stwo odst\u0105pi\u0107 od umowy zawartej na odleg\u0142o\u015b\u0107 i zwr\u00f3ci\u0107 zam\u00f3wione produkty.<\/p><p>Zwroty towaru nale\u017cy kierowa\u0107 na adres:<\/p><p><strong>Gardenhit<br \/><\/strong>ul. Bestwi\u0144ska 227<br \/>43-346 Bielsko-BIa\u0142a<\/p><p>Uprzejmie prosimy o wcze\u015bniejsze przes\u0142anie formularza odst\u0105pienia od umowy na adres mailowy biuro@gardenhit.pl<\/p>\t\t\t\t\t\t\t\t<\/div>\n\t\t\t\t<\/div>\n\t\t\t\t\t<\/div>\n\t\t<\/div>\n\t\t\t\t\t<\/div>\n\t\t<\/section>\n\t\t\t\t<\/div>\n\t\t","protected":false},"excerpt":{"rendered":"<p>Polityka zwrot\u00f3w Informujemy, i\u017c w terminie 14 dni licz\u0105c od dnia otrzymania towaru mog\u0105 Pa\u0144stwo odst\u0105pi\u0107 od umowy zawartej na odleg\u0142o\u015b\u0107 i zwr\u00f3ci\u0107 zam\u00f3wione produkty. Zwroty towaru nale\u017cy kierowa\u0107 na adres: Gardenhitul. Bestwi\u0144ska 22743-346 Bielsko-BIa\u0142a Uprzejmie prosimy o wcze\u015bniejsze przes\u0142anie formularza odst\u0105pienia od umowy na adres mailowy biuro@gardenhit.pl<\/p>\n","protected":false},"author":1,"featured_media":0,"parent":0,"menu_order":0,"comment_status":"closed","ping_status":"closed","template":"","meta":{"footnotes":""},"class_list":["post-183","page","type-page","status-publish","hentry"],"yoast_head":"<!-- This site is optimized with the Yoast SEO plugin v27.4 - https:\/\/yoast.com\/product\/yoast-seo-wordpress\/ -->\n<title>Polityka zwrot\u00f3w \u2b50 Trwa\u0142e i Nowoczesne Meble ogrodowe - Gardenhit<\/title>\n<meta name=\"description\" content=\"Stw\u00f3rz wymarzon\u0105 stref\u0119 relaksu z Gardenhit. Odkryj trwa\u0142e meble aluminiowe, stylowe pergole i wygodne hu\u015btawki. Sprawd\u017a ofert\u0119 i ciesz si\u0119 odpoczynkiem!\" \/>\n<meta name=\"robots\" content=\"index, follow, max-snippet:-1, max-image-preview:large, max-video-preview:-1\" \/>\n<link rel=\"canonical\" href=\"https:\/\/demo3.pozyskujklientow2.pl\/gardenhit\/zwroty\/\" \/>\n<meta property=\"og:locale\" content=\"pl_PL\" \/>\n<meta property=\"og:type\" content=\"article\" \/>\n<meta property=\"og:title\" content=\"Polityka zwrot\u00f3w \u2b50 Trwa\u0142e i Nowoczesne Meble ogrodowe - Gardenhit\" \/>\n<meta property=\"og:description\" content=\"Stw\u00f3rz wymarzon\u0105 stref\u0119 relaksu z Gardenhit. Odkryj trwa\u0142e meble aluminiowe, stylowe pergole i wygodne hu\u015btawki. Sprawd\u017a ofert\u0119 i ciesz si\u0119 odpoczynkiem!\" \/>\n<meta property=\"og:url\" content=\"https:\/\/demo3.pozyskujklientow2.pl\/gardenhit\/zwroty\/\" \/>\n<meta property=\"og:site_name\" content=\"Gardenhit\" \/>\n<meta property=\"article:modified_time\" content=\"2026-03-16T13:15:43+00:00\" \/>\n<meta name=\"twitter:card\" content=\"summary_large_image\" \/>\n<meta name=\"twitter:label1\" content=\"Szacowany czas czytania\" \/>\n\t<meta name=\"twitter:data1\" content=\"1 minuta\" \/>\n<script type=\"application\/ld+json\" class=\"yoast-schema-graph\">{\"@context\":\"https:\\\/\\\/schema.org\",\"@graph\":[{\"@type\":\"WebPage\",\"@id\":\"https:\\\/\\\/demo3.pozyskujklientow2.pl\\\/gardenhit\\\/zwroty\\\/\",\"url\":\"https:\\\/\\\/demo3.pozyskujklientow2.pl\\\/gardenhit\\\/zwroty\\\/\",\"name\":\"Polityka zwrot\u00f3w \u2b50 Trwa\u0142e i Nowoczesne Meble ogrodowe - Gardenhit\",\"isPartOf\":{\"@id\":\"https:\\\/\\\/demo3.pozyskujklientow2.pl\\\/gardenhit\\\/#website\"},\"datePublished\":\"2024-05-13T13:18:00+00:00\",\"dateModified\":\"2026-03-16T13:15:43+00:00\",\"description\":\"Stw\u00f3rz wymarzon\u0105 stref\u0119 relaksu z Gardenhit. Odkryj trwa\u0142e meble aluminiowe, stylowe pergole i wygodne hu\u015btawki. Sprawd\u017a ofert\u0119 i ciesz si\u0119 odpoczynkiem!\",\"breadcrumb\":{\"@id\":\"https:\\\/\\\/demo3.pozyskujklientow2.pl\\\/gardenhit\\\/zwroty\\\/#breadcrumb\"},\"inLanguage\":\"pl-PL\",\"potentialAction\":[{\"@type\":\"ReadAction\",\"target\":[\"https:\\\/\\\/demo3.pozyskujklientow2.pl\\\/gardenhit\\\/zwroty\\\/\"]}]},{\"@type\":\"BreadcrumbList\",\"@id\":\"https:\\\/\\\/demo3.pozyskujklientow2.pl\\\/gardenhit\\\/zwroty\\\/#breadcrumb\",\"itemListElement\":[{\"@type\":\"ListItem\",\"position\":1,\"name\":\"Strona g\u0142\u00f3wna\",\"item\":\"https:\\\/\\\/demo3.pozyskujklientow2.pl\\\/gardenhit\\\/\"},{\"@type\":\"ListItem\",\"position\":2,\"name\":\"Polityka zwrot\u00f3w\"}]},{\"@type\":\"WebSite\",\"@id\":\"https:\\\/\\\/demo3.pozyskujklientow2.pl\\\/gardenhit\\\/#website\",\"url\":\"https:\\\/\\\/demo3.pozyskujklientow2.pl\\\/gardenhit\\\/\",\"name\":\"Gardenhit\",\"description\":\"Meble ogrodowe\",\"publisher\":{\"@id\":\"https:\\\/\\\/demo3.pozyskujklientow2.pl\\\/gardenhit\\\/#organization\"},\"potentialAction\":[{\"@type\":\"SearchAction\",\"target\":{\"@type\":\"EntryPoint\",\"urlTemplate\":\"https:\\\/\\\/demo3.pozyskujklientow2.pl\\\/gardenhit\\\/?s={search_term_string}\"},\"query-input\":{\"@type\":\"PropertyValueSpecification\",\"valueRequired\":true,\"valueName\":\"search_term_string\"}}],\"inLanguage\":\"pl-PL\"},{\"@type\":\"Organization\",\"@id\":\"https:\\\/\\\/demo3.pozyskujklientow2.pl\\\/gardenhit\\\/#organization\",\"name\":\"Gardenhit\",\"url\":\"https:\\\/\\\/demo3.pozyskujklientow2.pl\\\/gardenhit\\\/\",\"logo\":{\"@type\":\"ImageObject\",\"inLanguage\":\"pl-PL\",\"@id\":\"https:\\\/\\\/demo3.pozyskujklientow2.pl\\\/gardenhit\\\/#\\\/schema\\\/logo\\\/image\\\/\",\"url\":\"https:\\\/\\\/demo3.pozyskujklientow2.pl\\\/gardenhit\\\/wp-content\\\/uploads\\\/2023\\\/09\\\/logo-gardenhit.png\",\"contentUrl\":\"https:\\\/\\\/demo3.pozyskujklientow2.pl\\\/gardenhit\\\/wp-content\\\/uploads\\\/2023\\\/09\\\/logo-gardenhit.png\",\"width\":278,\"height\":215,\"caption\":\"Gardenhit\"},\"image\":{\"@id\":\"https:\\\/\\\/demo3.pozyskujklientow2.pl\\\/gardenhit\\\/#\\\/schema\\\/logo\\\/image\\\/\"}}]}<\/script>\n<!-- \/ Yoast SEO plugin. -->","yoast_head_json":{"title":"Polityka zwrot\u00f3w \u2b50 Trwa\u0142e i Nowoczesne Meble ogrodowe - Gardenhit","description":"Stw\u00f3rz wymarzon\u0105 stref\u0119 relaksu z Gardenhit. Odkryj trwa\u0142e meble aluminiowe, stylowe pergole i wygodne hu\u015btawki. Sprawd\u017a ofert\u0119 i ciesz si\u0119 odpoczynkiem!","robots":{"index":"index","follow":"follow","max-snippet":"max-snippet:-1","max-image-preview":"max-image-preview:large","max-video-preview":"max-video-preview:-1"},"canonical":"https:\/\/demo3.pozyskujklientow2.pl\/gardenhit\/zwroty\/","og_locale":"pl_PL","og_type":"article","og_title":"Polityka zwrot\u00f3w \u2b50 Trwa\u0142e i Nowoczesne Meble ogrodowe - Gardenhit","og_description":"Stw\u00f3rz wymarzon\u0105 stref\u0119 relaksu z Gardenhit. Odkryj trwa\u0142e meble aluminiowe, stylowe pergole i wygodne hu\u015btawki. Sprawd\u017a ofert\u0119 i ciesz si\u0119 odpoczynkiem!","og_url":"https:\/\/demo3.pozyskujklientow2.pl\/gardenhit\/zwroty\/","og_site_name":"Gardenhit","article_modified_time":"2026-03-16T13:15:43+00:00","twitter_card":"summary_large_image","twitter_misc":{"Szacowany czas czytania":"1 minuta"},"schema":{"@context":"https:\/\/schema.org","@graph":[{"@type":"WebPage","@id":"https:\/\/demo3.pozyskujklientow2.pl\/gardenhit\/zwroty\/","url":"https:\/\/demo3.pozyskujklientow2.pl\/gardenhit\/zwroty\/","name":"Polityka zwrot\u00f3w \u2b50 Trwa\u0142e i Nowoczesne Meble ogrodowe - Gardenhit","isPartOf":{"@id":"https:\/\/demo3.pozyskujklientow2.pl\/gardenhit\/#website"},"datePublished":"2024-05-13T13:18:00+00:00","dateModified":"2026-03-16T13:15:43+00:00","description":"Stw\u00f3rz wymarzon\u0105 stref\u0119 relaksu z Gardenhit. Odkryj trwa\u0142e meble aluminiowe, stylowe pergole i wygodne hu\u015btawki. Sprawd\u017a ofert\u0119 i ciesz si\u0119 odpoczynkiem!","breadcrumb":{"@id":"https:\/\/demo3.pozyskujklientow2.pl\/gardenhit\/zwroty\/#breadcrumb"},"inLanguage":"pl-PL","potentialAction":[{"@type":"ReadAction","target":["https:\/\/demo3.pozyskujklientow2.pl\/gardenhit\/zwroty\/"]}]},{"@type":"BreadcrumbList","@id":"https:\/\/demo3.pozyskujklientow2.pl\/gardenhit\/zwroty\/#breadcrumb","itemListElement":[{"@type":"ListItem","position":1,"name":"Strona g\u0142\u00f3wna","item":"https:\/\/demo3.pozyskujklientow2.pl\/gardenhit\/"},{"@type":"ListItem","position":2,"name":"Polityka zwrot\u00f3w"}]},{"@type":"WebSite","@id":"https:\/\/demo3.pozyskujklientow2.pl\/gardenhit\/#website","url":"https:\/\/demo3.pozyskujklientow2.pl\/gardenhit\/","name":"Gardenhit","description":"Meble ogrodowe","publisher":{"@id":"https:\/\/demo3.pozyskujklientow2.pl\/gardenhit\/#organization"},"potentialAction":[{"@type":"SearchAction","target":{"@type":"EntryPoint","urlTemplate":"https:\/\/demo3.pozyskujklientow2.pl\/gardenhit\/?s={search_term_string}"},"query-input":{"@type":"PropertyValueSpecification","valueRequired":true,"valueName":"search_term_string"}}],"inLanguage":"pl-PL"},{"@type":"Organization","@id":"https:\/\/demo3.pozyskujklientow2.pl\/gardenhit\/#organization","name":"Gardenhit","url":"https:\/\/demo3.pozyskujklientow2.pl\/gardenhit\/","logo":{"@type":"ImageObject","inLanguage":"pl-PL","@id":"https:\/\/demo3.pozyskujklientow2.pl\/gardenhit\/#\/schema\/logo\/image\/","url":"https:\/\/demo3.pozyskujklientow2.pl\/gardenhit\/wp-content\/uploads\/2023\/09\/logo-gardenhit.png","contentUrl":"https:\/\/demo3.pozyskujklientow2.pl\/gardenhit\/wp-content\/uploads\/2023\/09\/logo-gardenhit.png","width":278,"height":215,"caption":"Gardenhit"},"image":{"@id":"https:\/\/demo3.pozyskujklientow2.pl\/gardenhit\/#\/schema\/logo\/image\/"}}]}},"_links":{"self":[{"href":"https:\/\/demo3.pozyskujklientow2.pl\/gardenhit\/wp-json\/wp\/v2\/pages\/183","targetHints":{"allow":["GET"]}}],"collection":[{"href":"https:\/\/demo3.pozyskujklientow2.pl\/gardenhit\/wp-json\/wp\/v2\/pages"}],"about":[{"href":"https:\/\/demo3.pozyskujklientow2.pl\/gardenhit\/wp-json\/wp\/v2\/types\/page"}],"author":[{"embeddable":true,"href":"https:\/\/demo3.pozyskujklientow2.pl\/gardenhit\/wp-json\/wp\/v2\/users\/1"}],"replies":[{"embeddable":true,"href":"https:\/\/demo3.pozyskujklientow2.pl\/gardenhit\/wp-json\/wp\/v2\/comments?post=183"}],"version-history":[{"count":13,"href":"https:\/\/demo3.pozyskujklientow2.pl\/gardenhit\/wp-json\/wp\/v2\/pages\/183\/revisions"}],"predecessor-version":[{"id":3085,"href":"https:\/\/demo3.pozyskujklientow2.pl\/gardenhit\/wp-json\/wp\/v2\/pages\/183\/revisions\/3085"}],"wp:attachment":[{"href":"https:\/\/demo3.pozyskujklientow2.pl\/gardenhit\/wp-json\/wp\/v2\/media?parent=183"}],"curies":[{"name":"wp","href":"https:\/\/api.w.org\/{rel}","templated":true}]}}